{"id":5743,"date":"2021-09-07T23:43:02","date_gmt":"2021-09-07T23:43:02","guid":{"rendered":"https:\/\/beauteafulcat.com\/?post_type=product&#038;p=5743"},"modified":"2023-08-29T11:00:42","modified_gmt":"2023-08-29T11:00:42","slug":"harmony-black-body","status":"publish","type":"product","link":"https:\/\/beauteafulcat.com\/fr\/product\/harmony-black-body\/","title":{"rendered":"Harmony"},"content":{"rendered":"<p class=\"qtranxs-available-languages-message qtranxs-available-languages-message-es\">Disculpa, pero esta entrada est\u00e1 disponible s\u00f3lo en <a class=\"qtranxs-available-language-link qtranxs-available-language-link-en\" title=\"En\" href=\"https:\/\/beauteafulcat.com\/en\/?wc-ajax=nm_suggestions_product_data\">Ingl\u00e9s Estadounidense<\/a>.<\/p>\n","protected":false},"excerpt":{"rendered":"<p>Bodysuit confeccionado con tul el\u00e1stico transparente.<br \/>\nComplementado con mangas largas.<br \/>\nColor: negro<br \/>\nComposici\u00f3n: 70% Polimiada, 21% Viscosa, 9% Elastano<br \/>\nForro: 100% Algod\u00f3n<br \/>\nLavar a mano en agua fr\u00eda<\/p>\n","protected":false},"featured_media":7255,"template":"","meta":{"inline_featured_image":false},"product_cat":[96],"product_tag":[],"class_list":{"0":"post-5743","1":"product","2":"type-product","3":"status-publish","4":"has-post-thumbnail","6":"product_cat-bodysuits","8":"first","9":"instock","10":"shipping-taxable","11":"purchasable","12":"product-type-variable"},"yoast_head":"<!-- This site is optimized with the Yoast SEO plugin v22.1 - https:\/\/yoast.com\/wordpress\/plugins\/seo\/ -->\n<title>Harmony - Beauteafulcat<\/title>\n<meta name=\"robots\" content=\"index, follow, max-snippet:-1, max-image-preview:large, max-video-preview:-1\" \/>\n<link rel=\"canonical\" href=\"https:\/\/beauteafulcat.com\/product\/harmony-black-body\/\" \/>\n<meta property=\"og:locale\" content=\"fr_FR\" \/>\n<meta property=\"og:type\" content=\"article\" \/>\n<meta property=\"og:title\" content=\"Harmony - Beauteafulcat\" \/>\n<meta property=\"og:description\" content=\"Bodysuit confeccionado con tul el\u00e1stico transparente. Complementado con mangas largas. Color: negro Composici\u00f3n: 70% Polimiada, 21% Viscosa, 9% Elastano Forro: 100% Algod\u00f3n Lavar a mano en agua fr\u00eda\" \/>\n<meta property=\"og:url\" content=\"https:\/\/beauteafulcat.com\/product\/harmony-black-body\/\" \/>\n<meta property=\"og:site_name\" content=\"Beauteafulcat\" \/>\n<meta property=\"article:modified_time\" content=\"2023-08-29T11:00:42+00:00\" \/>\n<meta property=\"og:image\" content=\"https:\/\/beauteafulcat.com\/wp-content\/uploads\/2021\/09\/IMG_6019.jpg\" \/>\n\t<meta property=\"og:image:width\" content=\"945\" \/>\n\t<meta property=\"og:image:height\" content=\"945\" \/>\n\t<meta property=\"og:image:type\" content=\"image\/jpeg\" \/>\n<meta name=\"twitter:card\" content=\"summary_large_image\" \/>\n<meta name=\"twitter:label1\" content=\"Dur\u00e9e de lecture estim\u00e9e\" \/>\n\t<meta name=\"twitter:data1\" content=\"1 minute\" \/>\n<script type=\"application\/ld+json\" class=\"yoast-schema-graph\">{\"@context\":\"https:\/\/schema.org\",\"@graph\":[{\"@type\":\"WebPage\",\"@id\":\"https:\/\/beauteafulcat.com\/product\/harmony-black-body\/\",\"url\":\"https:\/\/beauteafulcat.com\/product\/harmony-black-body\/\",\"name\":\"Harmony - Beauteafulcat\",\"isPartOf\":{\"@id\":\"https:\/\/beauteafulcat.com\/es\/#website\"},\"datePublished\":\"2021-09-07T23:43:02+00:00\",\"dateModified\":\"2023-08-29T11:00:42+00:00\",\"breadcrumb\":{\"@id\":\"https:\/\/beauteafulcat.com\/product\/harmony-black-body\/#breadcrumb\"},\"inLanguage\":\"fr-FR\",\"potentialAction\":[{\"@type\":\"ReadAction\",\"target\":[\"https:\/\/beauteafulcat.com\/product\/harmony-black-body\/\"]}]},{\"@type\":\"BreadcrumbList\",\"@id\":\"https:\/\/beauteafulcat.com\/product\/harmony-black-body\/#breadcrumb\",\"itemListElement\":[{\"@type\":\"ListItem\",\"position\":1,\"name\":\"Home\",\"item\":\"https:\/\/beauteafulcat.com\/\"},{\"@type\":\"ListItem\",\"position\":2,\"name\":\"Shop\",\"item\":\"https:\/\/beauteafulcat.com\/es\/shop\/\"},{\"@type\":\"ListItem\",\"position\":3,\"name\":\"Harmony\"}]},{\"@type\":\"WebSite\",\"@id\":\"https:\/\/beauteafulcat.com\/es\/#website\",\"url\":\"https:\/\/beauteafulcat.com\/es\/\",\"name\":\"Beauteafulcat\",\"description\":\"Concept store\",\"potentialAction\":[{\"@type\":\"SearchAction\",\"target\":{\"@type\":\"EntryPoint\",\"urlTemplate\":\"https:\/\/beauteafulcat.com\/es\/?s={search_term_string}\"},\"query-input\":\"required name=search_term_string\"}],\"inLanguage\":\"fr-FR\"}]}<\/script>\n<!-- \/ Yoast SEO plugin. -->","yoast_head_json":{"title":"Harmony - Beauteafulcat","robots":{"index":"index","follow":"follow","max-snippet":"max-snippet:-1","max-image-preview":"max-image-preview:large","max-video-preview":"max-video-preview:-1"},"canonical":"https:\/\/beauteafulcat.com\/product\/harmony-black-body\/","og_locale":"fr_FR","og_type":"article","og_title":"Harmony - Beauteafulcat","og_description":"Bodysuit confeccionado con tul el\u00e1stico transparente. Complementado con mangas largas. Color: negro Composici\u00f3n: 70% Polimiada, 21% Viscosa, 9% Elastano Forro: 100% Algod\u00f3n Lavar a mano en agua fr\u00eda","og_url":"https:\/\/beauteafulcat.com\/product\/harmony-black-body\/","og_site_name":"Beauteafulcat","article_modified_time":"2023-08-29T11:00:42+00:00","og_image":[{"width":"945","height":"945","url":"https:\/\/beauteafulcat.com\/wp-content\/uploads\/2021\/09\/IMG_6019.jpg","type":"image\/jpeg"}],"twitter_card":"summary_large_image","twitter_misc":{"Dur\u00e9e de lecture estim\u00e9e":"1 minute"},"schema":{"@context":"https:\/\/schema.org","@graph":[{"@type":"WebPage","@id":"https:\/\/beauteafulcat.com\/product\/harmony-black-body\/","url":"https:\/\/beauteafulcat.com\/product\/harmony-black-body\/","name":"Harmony - Beauteafulcat","isPartOf":{"@id":"https:\/\/beauteafulcat.com\/es\/#website"},"datePublished":"2021-09-07T23:43:02+00:00","dateModified":"2023-08-29T11:00:42+00:00","breadcrumb":{"@id":"https:\/\/beauteafulcat.com\/product\/harmony-black-body\/#breadcrumb"},"inLanguage":"fr-FR","potentialAction":[{"@type":"ReadAction","target":["https:\/\/beauteafulcat.com\/product\/harmony-black-body\/"]}]},{"@type":"BreadcrumbList","@id":"https:\/\/beauteafulcat.com\/product\/harmony-black-body\/#breadcrumb","itemListElement":[{"@type":"ListItem","position":1,"name":"Home","item":"https:\/\/beauteafulcat.com\/"},{"@type":"ListItem","position":2,"name":"Shop","item":"https:\/\/beauteafulcat.com\/es\/shop\/"},{"@type":"ListItem","position":3,"name":"Harmony"}]},{"@type":"WebSite","@id":"https:\/\/beauteafulcat.com\/es\/#website","url":"https:\/\/beauteafulcat.com\/es\/","name":"Beauteafulcat","description":"Concept store","potentialAction":[{"@type":"SearchAction","target":{"@type":"EntryPoint","urlTemplate":"https:\/\/beauteafulcat.com\/es\/?s={search_term_string}"},"query-input":"required name=search_term_string"}],"inLanguage":"fr-FR"}]}},"_links":{"self":[{"href":"https:\/\/beauteafulcat.com\/fr\/wp-json\/wp\/v2\/product\/5743","targetHints":{"allow":["GET"]}}],"collection":[{"href":"https:\/\/beauteafulcat.com\/fr\/wp-json\/wp\/v2\/product"}],"about":[{"href":"https:\/\/beauteafulcat.com\/fr\/wp-json\/wp\/v2\/types\/product"}],"wp:featuredmedia":[{"embeddable":true,"href":"https:\/\/beauteafulcat.com\/fr\/wp-json\/wp\/v2\/media\/7255"}],"wp:attachment":[{"href":"https:\/\/beauteafulcat.com\/fr\/wp-json\/wp\/v2\/media?parent=5743"}],"wp:term":[{"taxonomy":"product_cat","embeddable":true,"href":"https:\/\/beauteafulcat.com\/fr\/wp-json\/wp\/v2\/product_cat?post=5743"},{"taxonomy":"product_tag","embeddable":true,"href":"https:\/\/beauteafulcat.com\/fr\/wp-json\/wp\/v2\/product_tag?post=5743"}],"curies":[{"name":"wp","href":"https:\/\/api.w.org\/{rel}","templated":true}]}}