{"id":5661,"date":"2021-09-05T23:40:35","date_gmt":"2021-09-05T23:40:35","guid":{"rendered":"https:\/\/beauteafulcat.com\/?post_type=product&#038;p=5661"},"modified":"2023-08-29T10:26:48","modified_gmt":"2023-08-29T10:26:48","slug":"sicilia-black-corsage-bra","status":"publish","type":"product","link":"https:\/\/beauteafulcat.com\/fr\/product\/sicilia-black-corsage-bra\/","title":{"rendered":"Sicilia Black Corsage"},"content":{"rendered":"","protected":false},"excerpt":{"rendered":"<p>Corsage en dentelle stable, avec feston de dentelle.<br \/>\nCompl\u00e9t\u00e9 par des bretelles r\u00e9glables \u201cUnnamed\u201d et une attache crochet lassique.<br \/>\nCouleur: noir<br \/>\nMat\u00e9riel: 70% Polyamide, 20% Coton, 9% \u00c9lasthanne<br \/>\nLavage \u00e0 la main \u00e0 l\u2019eau froide<\/p>\n","protected":false},"featured_media":7038,"template":"","meta":{"inline_featured_image":false},"product_cat":[54],"product_tag":[],"class_list":{"0":"post-5661","1":"product","2":"type-product","3":"status-publish","4":"has-post-thumbnail","6":"product_cat-bras","8":"first","9":"instock","10":"shipping-taxable","11":"purchasable","12":"product-type-variable"},"yoast_head":"<!-- This site is optimized with the Yoast SEO plugin v22.1 - https:\/\/yoast.com\/wordpress\/plugins\/seo\/ -->\n<title>Sicilia Black Corsage - Beauteafulcat<\/title>\n<meta name=\"robots\" content=\"index, follow, max-snippet:-1, max-image-preview:large, max-video-preview:-1\" \/>\n<link rel=\"canonical\" href=\"https:\/\/beauteafulcat.com\/product\/sicilia-black-corsage-bra\/\" \/>\n<meta property=\"og:locale\" content=\"fr_FR\" \/>\n<meta property=\"og:type\" content=\"article\" \/>\n<meta property=\"og:title\" content=\"Sicilia Black Corsage - Beauteafulcat\" \/>\n<meta property=\"og:description\" content=\"Corsage en dentelle stable, avec feston de dentelle. Compl\u00e9t\u00e9 par des bretelles r\u00e9glables \u201cUnnamed\u201d et une attache crochet lassique. Couleur: noir Mat\u00e9riel: 70% Polyamide, 20% Coton, 9% \u00c9lasthanne Lavage \u00e0 la main \u00e0 l\u2019eau froide\" \/>\n<meta property=\"og:url\" content=\"https:\/\/beauteafulcat.com\/product\/sicilia-black-corsage-bra\/\" \/>\n<meta property=\"og:site_name\" content=\"Beauteafulcat\" \/>\n<meta property=\"article:modified_time\" content=\"2023-08-29T10:26:48+00:00\" \/>\n<meta property=\"og:image\" content=\"https:\/\/beauteafulcat.com\/wp-content\/uploads\/2021\/09\/sicilia-bl.jpg\" \/>\n\t<meta property=\"og:image:width\" content=\"901\" \/>\n\t<meta property=\"og:image:height\" content=\"901\" \/>\n\t<meta property=\"og:image:type\" content=\"image\/jpeg\" \/>\n<meta name=\"twitter:card\" content=\"summary_large_image\" \/>\n<script type=\"application\/ld+json\" class=\"yoast-schema-graph\">{\"@context\":\"https:\/\/schema.org\",\"@graph\":[{\"@type\":\"WebPage\",\"@id\":\"https:\/\/beauteafulcat.com\/product\/sicilia-black-corsage-bra\/\",\"url\":\"https:\/\/beauteafulcat.com\/product\/sicilia-black-corsage-bra\/\",\"name\":\"Sicilia Black Corsage - Beauteafulcat\",\"isPartOf\":{\"@id\":\"https:\/\/beauteafulcat.com\/es\/#website\"},\"datePublished\":\"2021-09-05T23:40:35+00:00\",\"dateModified\":\"2023-08-29T10:26:48+00:00\",\"breadcrumb\":{\"@id\":\"https:\/\/beauteafulcat.com\/product\/sicilia-black-corsage-bra\/#breadcrumb\"},\"inLanguage\":\"fr-FR\",\"potentialAction\":[{\"@type\":\"ReadAction\",\"target\":[\"https:\/\/beauteafulcat.com\/product\/sicilia-black-corsage-bra\/\"]}]},{\"@type\":\"BreadcrumbList\",\"@id\":\"https:\/\/beauteafulcat.com\/product\/sicilia-black-corsage-bra\/#breadcrumb\",\"itemListElement\":[{\"@type\":\"ListItem\",\"position\":1,\"name\":\"Home\",\"item\":\"https:\/\/beauteafulcat.com\/\"},{\"@type\":\"ListItem\",\"position\":2,\"name\":\"Shop\",\"item\":\"https:\/\/beauteafulcat.com\/es\/shop\/\"},{\"@type\":\"ListItem\",\"position\":3,\"name\":\"Sicilia Black Corsage\"}]},{\"@type\":\"WebSite\",\"@id\":\"https:\/\/beauteafulcat.com\/es\/#website\",\"url\":\"https:\/\/beauteafulcat.com\/es\/\",\"name\":\"Beauteafulcat\",\"description\":\"Concept store\",\"potentialAction\":[{\"@type\":\"SearchAction\",\"target\":{\"@type\":\"EntryPoint\",\"urlTemplate\":\"https:\/\/beauteafulcat.com\/es\/?s={search_term_string}\"},\"query-input\":\"required name=search_term_string\"}],\"inLanguage\":\"fr-FR\"}]}<\/script>\n<!-- \/ Yoast SEO plugin. -->","yoast_head_json":{"title":"Sicilia Black Corsage - Beauteafulcat","robots":{"index":"index","follow":"follow","max-snippet":"max-snippet:-1","max-image-preview":"max-image-preview:large","max-video-preview":"max-video-preview:-1"},"canonical":"https:\/\/beauteafulcat.com\/product\/sicilia-black-corsage-bra\/","og_locale":"fr_FR","og_type":"article","og_title":"Sicilia Black Corsage - Beauteafulcat","og_description":"Corsage en dentelle stable, avec feston de dentelle. Compl\u00e9t\u00e9 par des bretelles r\u00e9glables \u201cUnnamed\u201d et une attache crochet lassique. Couleur: noir Mat\u00e9riel: 70% Polyamide, 20% Coton, 9% \u00c9lasthanne Lavage \u00e0 la main \u00e0 l\u2019eau froide","og_url":"https:\/\/beauteafulcat.com\/product\/sicilia-black-corsage-bra\/","og_site_name":"Beauteafulcat","article_modified_time":"2023-08-29T10:26:48+00:00","og_image":[{"width":901,"height":901,"url":"https:\/\/beauteafulcat.com\/wp-content\/uploads\/2021\/09\/sicilia-bl.jpg","type":"image\/jpeg"}],"twitter_card":"summary_large_image","schema":{"@context":"https:\/\/schema.org","@graph":[{"@type":"WebPage","@id":"https:\/\/beauteafulcat.com\/product\/sicilia-black-corsage-bra\/","url":"https:\/\/beauteafulcat.com\/product\/sicilia-black-corsage-bra\/","name":"Sicilia Black Corsage - Beauteafulcat","isPartOf":{"@id":"https:\/\/beauteafulcat.com\/es\/#website"},"datePublished":"2021-09-05T23:40:35+00:00","dateModified":"2023-08-29T10:26:48+00:00","breadcrumb":{"@id":"https:\/\/beauteafulcat.com\/product\/sicilia-black-corsage-bra\/#breadcrumb"},"inLanguage":"fr-FR","potentialAction":[{"@type":"ReadAction","target":["https:\/\/beauteafulcat.com\/product\/sicilia-black-corsage-bra\/"]}]},{"@type":"BreadcrumbList","@id":"https:\/\/beauteafulcat.com\/product\/sicilia-black-corsage-bra\/#breadcrumb","itemListElement":[{"@type":"ListItem","position":1,"name":"Home","item":"https:\/\/beauteafulcat.com\/"},{"@type":"ListItem","position":2,"name":"Shop","item":"https:\/\/beauteafulcat.com\/es\/shop\/"},{"@type":"ListItem","position":3,"name":"Sicilia Black Corsage"}]},{"@type":"WebSite","@id":"https:\/\/beauteafulcat.com\/es\/#website","url":"https:\/\/beauteafulcat.com\/es\/","name":"Beauteafulcat","description":"Concept store","potentialAction":[{"@type":"SearchAction","target":{"@type":"EntryPoint","urlTemplate":"https:\/\/beauteafulcat.com\/es\/?s={search_term_string}"},"query-input":"required name=search_term_string"}],"inLanguage":"fr-FR"}]}},"_links":{"self":[{"href":"https:\/\/beauteafulcat.com\/fr\/wp-json\/wp\/v2\/product\/5661","targetHints":{"allow":["GET"]}}],"collection":[{"href":"https:\/\/beauteafulcat.com\/fr\/wp-json\/wp\/v2\/product"}],"about":[{"href":"https:\/\/beauteafulcat.com\/fr\/wp-json\/wp\/v2\/types\/product"}],"wp:featuredmedia":[{"embeddable":true,"href":"https:\/\/beauteafulcat.com\/fr\/wp-json\/wp\/v2\/media\/7038"}],"wp:attachment":[{"href":"https:\/\/beauteafulcat.com\/fr\/wp-json\/wp\/v2\/media?parent=5661"}],"wp:term":[{"taxonomy":"product_cat","embeddable":true,"href":"https:\/\/beauteafulcat.com\/fr\/wp-json\/wp\/v2\/product_cat?post=5661"},{"taxonomy":"product_tag","embeddable":true,"href":"https:\/\/beauteafulcat.com\/fr\/wp-json\/wp\/v2\/product_tag?post=5661"}],"curies":[{"name":"wp","href":"https:\/\/api.w.org\/{rel}","templated":true}]}}