{"id":5621,"date":"2021-08-23T21:26:51","date_gmt":"2021-08-23T21:26:51","guid":{"rendered":"https:\/\/beauteafulcat.com\/?post_type=product&#038;p=5621"},"modified":"2022-11-21T01:04:39","modified_gmt":"2022-11-21T01:04:39","slug":"unnamed-9-bra","status":"publish","type":"product","link":"https:\/\/beauteafulcat.com\/fr\/product\/unnamed-9-bra\/","title":{"rendered":"Unnamed 9 Black"},"content":{"rendered":"","protected":false},"excerpt":{"rendered":"<p>Soutien-gorge basique \u00e0 armatures en tulle extensible.<br \/>\nCompl\u00e9t\u00e9 par des bretelles r\u00e9glables de la marque \u00abUnnamed\u00bb et une attache crochet classique.<br \/>\nCouleur: noir<br \/>\nMat\u00e9riel: 70% Polyamide, 21% Viscose, 9% \u00c9lasthanne<br \/>\nLavage \u00e0 la main \u00e0 l&rsquo;eau froide<\/p>\n","protected":false},"featured_media":7100,"template":"","meta":{"inline_featured_image":false},"product_cat":[108,54],"product_tag":[],"class_list":{"0":"post-5621","1":"product","2":"type-product","3":"status-publish","4":"has-post-thumbnail","6":"product_cat-bestsellers","7":"product_cat-bras","9":"first","10":"instock","11":"shipping-taxable","12":"purchasable","13":"product-type-variable"},"yoast_head":"<!-- This site is optimized with the Yoast SEO plugin v22.1 - https:\/\/yoast.com\/wordpress\/plugins\/seo\/ -->\n<title>Unnamed 9 Black - Beauteafulcat<\/title>\n<meta name=\"robots\" content=\"index, follow, max-snippet:-1, max-image-preview:large, max-video-preview:-1\" \/>\n<link rel=\"canonical\" href=\"https:\/\/beauteafulcat.com\/product\/unnamed-9-bra\/\" \/>\n<meta property=\"og:locale\" content=\"fr_FR\" \/>\n<meta property=\"og:type\" content=\"article\" \/>\n<meta property=\"og:title\" content=\"Unnamed 9 Black - Beauteafulcat\" \/>\n<meta property=\"og:description\" content=\"Soutien-gorge basique \u00e0 armatures en tulle extensible. Compl\u00e9t\u00e9 par des bretelles r\u00e9glables de la marque \u00abUnnamed\u00bb et une attache crochet classique. Couleur: noir Mat\u00e9riel: 70% Polyamide, 21% Viscose, 9% \u00c9lasthanne Lavage \u00e0 la main \u00e0 l&#039;eau froide\" \/>\n<meta property=\"og:url\" content=\"https:\/\/beauteafulcat.com\/product\/unnamed-9-bra\/\" \/>\n<meta property=\"og:site_name\" content=\"Beauteafulcat\" \/>\n<meta property=\"article:modified_time\" content=\"2022-11-21T01:04:39+00:00\" \/>\n<meta property=\"og:image\" content=\"https:\/\/beauteafulcat.com\/wp-content\/uploads\/2021\/08\/unn-9-bl.jpg\" \/>\n\t<meta property=\"og:image:width\" content=\"942\" \/>\n\t<meta property=\"og:image:height\" content=\"942\" \/>\n\t<meta property=\"og:image:type\" content=\"image\/jpeg\" \/>\n<meta name=\"twitter:card\" content=\"summary_large_image\" \/>\n<script type=\"application\/ld+json\" class=\"yoast-schema-graph\">{\"@context\":\"https:\/\/schema.org\",\"@graph\":[{\"@type\":\"WebPage\",\"@id\":\"https:\/\/beauteafulcat.com\/product\/unnamed-9-bra\/\",\"url\":\"https:\/\/beauteafulcat.com\/product\/unnamed-9-bra\/\",\"name\":\"Unnamed 9 Black - Beauteafulcat\",\"isPartOf\":{\"@id\":\"https:\/\/beauteafulcat.com\/es\/#website\"},\"datePublished\":\"2021-08-23T21:26:51+00:00\",\"dateModified\":\"2022-11-21T01:04:39+00:00\",\"breadcrumb\":{\"@id\":\"https:\/\/beauteafulcat.com\/product\/unnamed-9-bra\/#breadcrumb\"},\"inLanguage\":\"fr-FR\",\"potentialAction\":[{\"@type\":\"ReadAction\",\"target\":[\"https:\/\/beauteafulcat.com\/product\/unnamed-9-bra\/\"]}]},{\"@type\":\"BreadcrumbList\",\"@id\":\"https:\/\/beauteafulcat.com\/product\/unnamed-9-bra\/#breadcrumb\",\"itemListElement\":[{\"@type\":\"ListItem\",\"position\":1,\"name\":\"Home\",\"item\":\"https:\/\/beauteafulcat.com\/\"},{\"@type\":\"ListItem\",\"position\":2,\"name\":\"Shop\",\"item\":\"https:\/\/beauteafulcat.com\/es\/shop\/\"},{\"@type\":\"ListItem\",\"position\":3,\"name\":\"Unnamed 9 Black\"}]},{\"@type\":\"WebSite\",\"@id\":\"https:\/\/beauteafulcat.com\/es\/#website\",\"url\":\"https:\/\/beauteafulcat.com\/es\/\",\"name\":\"Beauteafulcat\",\"description\":\"Concept store\",\"potentialAction\":[{\"@type\":\"SearchAction\",\"target\":{\"@type\":\"EntryPoint\",\"urlTemplate\":\"https:\/\/beauteafulcat.com\/es\/?s={search_term_string}\"},\"query-input\":\"required name=search_term_string\"}],\"inLanguage\":\"fr-FR\"}]}<\/script>\n<!-- \/ Yoast SEO plugin. -->","yoast_head_json":{"title":"Unnamed 9 Black - Beauteafulcat","robots":{"index":"index","follow":"follow","max-snippet":"max-snippet:-1","max-image-preview":"max-image-preview:large","max-video-preview":"max-video-preview:-1"},"canonical":"https:\/\/beauteafulcat.com\/product\/unnamed-9-bra\/","og_locale":"fr_FR","og_type":"article","og_title":"Unnamed 9 Black - Beauteafulcat","og_description":"Soutien-gorge basique \u00e0 armatures en tulle extensible. Compl\u00e9t\u00e9 par des bretelles r\u00e9glables de la marque \u00abUnnamed\u00bb et une attache crochet classique. Couleur: noir Mat\u00e9riel: 70% Polyamide, 21% Viscose, 9% \u00c9lasthanne Lavage \u00e0 la main \u00e0 l'eau froide","og_url":"https:\/\/beauteafulcat.com\/product\/unnamed-9-bra\/","og_site_name":"Beauteafulcat","article_modified_time":"2022-11-21T01:04:39+00:00","og_image":[{"width":"942","height":"942","url":"https:\/\/beauteafulcat.com\/wp-content\/uploads\/2021\/08\/unn-9-bl.jpg","type":"image\/jpeg"}],"twitter_card":"summary_large_image","schema":{"@context":"https:\/\/schema.org","@graph":[{"@type":"WebPage","@id":"https:\/\/beauteafulcat.com\/product\/unnamed-9-bra\/","url":"https:\/\/beauteafulcat.com\/product\/unnamed-9-bra\/","name":"Unnamed 9 Black - Beauteafulcat","isPartOf":{"@id":"https:\/\/beauteafulcat.com\/es\/#website"},"datePublished":"2021-08-23T21:26:51+00:00","dateModified":"2022-11-21T01:04:39+00:00","breadcrumb":{"@id":"https:\/\/beauteafulcat.com\/product\/unnamed-9-bra\/#breadcrumb"},"inLanguage":"fr-FR","potentialAction":[{"@type":"ReadAction","target":["https:\/\/beauteafulcat.com\/product\/unnamed-9-bra\/"]}]},{"@type":"BreadcrumbList","@id":"https:\/\/beauteafulcat.com\/product\/unnamed-9-bra\/#breadcrumb","itemListElement":[{"@type":"ListItem","position":1,"name":"Home","item":"https:\/\/beauteafulcat.com\/"},{"@type":"ListItem","position":2,"name":"Shop","item":"https:\/\/beauteafulcat.com\/es\/shop\/"},{"@type":"ListItem","position":3,"name":"Unnamed 9 Black"}]},{"@type":"WebSite","@id":"https:\/\/beauteafulcat.com\/es\/#website","url":"https:\/\/beauteafulcat.com\/es\/","name":"Beauteafulcat","description":"Concept store","potentialAction":[{"@type":"SearchAction","target":{"@type":"EntryPoint","urlTemplate":"https:\/\/beauteafulcat.com\/es\/?s={search_term_string}"},"query-input":"required name=search_term_string"}],"inLanguage":"fr-FR"}]}},"_links":{"self":[{"href":"https:\/\/beauteafulcat.com\/fr\/wp-json\/wp\/v2\/product\/5621","targetHints":{"allow":["GET"]}}],"collection":[{"href":"https:\/\/beauteafulcat.com\/fr\/wp-json\/wp\/v2\/product"}],"about":[{"href":"https:\/\/beauteafulcat.com\/fr\/wp-json\/wp\/v2\/types\/product"}],"wp:featuredmedia":[{"embeddable":true,"href":"https:\/\/beauteafulcat.com\/fr\/wp-json\/wp\/v2\/media\/7100"}],"wp:attachment":[{"href":"https:\/\/beauteafulcat.com\/fr\/wp-json\/wp\/v2\/media?parent=5621"}],"wp:term":[{"taxonomy":"product_cat","embeddable":true,"href":"https:\/\/beauteafulcat.com\/fr\/wp-json\/wp\/v2\/product_cat?post=5621"},{"taxonomy":"product_tag","embeddable":true,"href":"https:\/\/beauteafulcat.com\/fr\/wp-json\/wp\/v2\/product_tag?post=5621"}],"curies":[{"name":"wp","href":"https:\/\/api.w.org\/{rel}","templated":true}]}}