{"id":4296,"date":"2021-06-03T19:54:23","date_gmt":"2021-06-03T19:54:23","guid":{"rendered":"https:\/\/beauteafulcat.com\/?post_type=product&#038;p=4296"},"modified":"2023-01-17T06:02:45","modified_gmt":"2023-01-17T06:02:45","slug":"en-garter-black","status":"publish","type":"product","link":"https:\/\/beauteafulcat.com\/fr\/product\/en-garter-black\/","title":{"rendered":"Garter Black"},"content":{"rendered":"","protected":false},"excerpt":{"rendered":"<p>Porte-jarretelles en tulle extensible transparent.<br \/>\nCouleur: noir<br \/>\nMati\u00e8re: 70% Polyamide, 21% Viscose, 9% \u00c9lasthanne<br \/>\nLavage \u00e0 la main \u00e0 l&rsquo;eau froide<\/p>\n","protected":false},"featured_media":7247,"template":"","meta":{"inline_featured_image":false},"product_cat":[56],"product_tag":[],"class_list":{"0":"post-4296","1":"product","2":"type-product","3":"status-publish","4":"has-post-thumbnail","6":"product_cat-garters","8":"first","9":"instock","10":"shipping-taxable","11":"purchasable","12":"product-type-variable"},"yoast_head":"<!-- This site is optimized with the Yoast SEO plugin v22.1 - https:\/\/yoast.com\/wordpress\/plugins\/seo\/ -->\n<title>Garter Black - Beauteafulcat<\/title>\n<meta name=\"robots\" content=\"index, follow, max-snippet:-1, max-image-preview:large, max-video-preview:-1\" \/>\n<link rel=\"canonical\" href=\"https:\/\/beauteafulcat.com\/product\/en-garter-black\/\" \/>\n<meta property=\"og:locale\" content=\"fr_FR\" \/>\n<meta property=\"og:type\" content=\"article\" \/>\n<meta property=\"og:title\" content=\"Garter Black - Beauteafulcat\" \/>\n<meta property=\"og:description\" content=\"Porte-jarretelles en tulle extensible transparent. Couleur: noir Mati\u00e8re: 70% Polyamide, 21% Viscose, 9% \u00c9lasthanne Lavage \u00e0 la main \u00e0 l&#039;eau froide\" \/>\n<meta property=\"og:url\" content=\"https:\/\/beauteafulcat.com\/product\/en-garter-black\/\" \/>\n<meta property=\"og:site_name\" content=\"Beauteafulcat\" \/>\n<meta property=\"article:modified_time\" content=\"2023-01-17T06:02:45+00:00\" \/>\n<meta property=\"og:image\" content=\"https:\/\/beauteafulcat.com\/wp-content\/uploads\/2021\/06\/IMG_6030.jpg\" \/>\n\t<meta property=\"og:image:width\" content=\"826\" \/>\n\t<meta property=\"og:image:height\" content=\"826\" \/>\n\t<meta property=\"og:image:type\" content=\"image\/jpeg\" \/>\n<meta name=\"twitter:card\" content=\"summary_large_image\" \/>\n<script type=\"application\/ld+json\" class=\"yoast-schema-graph\">{\"@context\":\"https:\/\/schema.org\",\"@graph\":[{\"@type\":\"WebPage\",\"@id\":\"https:\/\/beauteafulcat.com\/product\/en-garter-black\/\",\"url\":\"https:\/\/beauteafulcat.com\/product\/en-garter-black\/\",\"name\":\"Garter Black - Beauteafulcat\",\"isPartOf\":{\"@id\":\"https:\/\/beauteafulcat.com\/es\/#website\"},\"datePublished\":\"2021-06-03T19:54:23+00:00\",\"dateModified\":\"2023-01-17T06:02:45+00:00\",\"breadcrumb\":{\"@id\":\"https:\/\/beauteafulcat.com\/product\/en-garter-black\/#breadcrumb\"},\"inLanguage\":\"fr-FR\",\"potentialAction\":[{\"@type\":\"ReadAction\",\"target\":[\"https:\/\/beauteafulcat.com\/product\/en-garter-black\/\"]}]},{\"@type\":\"BreadcrumbList\",\"@id\":\"https:\/\/beauteafulcat.com\/product\/en-garter-black\/#breadcrumb\",\"itemListElement\":[{\"@type\":\"ListItem\",\"position\":1,\"name\":\"Home\",\"item\":\"https:\/\/beauteafulcat.com\/\"},{\"@type\":\"ListItem\",\"position\":2,\"name\":\"Shop\",\"item\":\"https:\/\/beauteafulcat.com\/es\/shop\/\"},{\"@type\":\"ListItem\",\"position\":3,\"name\":\"Garter Black\"}]},{\"@type\":\"WebSite\",\"@id\":\"https:\/\/beauteafulcat.com\/es\/#website\",\"url\":\"https:\/\/beauteafulcat.com\/es\/\",\"name\":\"Beauteafulcat\",\"description\":\"Concept store\",\"potentialAction\":[{\"@type\":\"SearchAction\",\"target\":{\"@type\":\"EntryPoint\",\"urlTemplate\":\"https:\/\/beauteafulcat.com\/es\/?s={search_term_string}\"},\"query-input\":\"required name=search_term_string\"}],\"inLanguage\":\"fr-FR\"}]}<\/script>\n<!-- \/ Yoast SEO plugin. -->","yoast_head_json":{"title":"Garter Black - Beauteafulcat","robots":{"index":"index","follow":"follow","max-snippet":"max-snippet:-1","max-image-preview":"max-image-preview:large","max-video-preview":"max-video-preview:-1"},"canonical":"https:\/\/beauteafulcat.com\/product\/en-garter-black\/","og_locale":"fr_FR","og_type":"article","og_title":"Garter Black - Beauteafulcat","og_description":"Porte-jarretelles en tulle extensible transparent. Couleur: noir Mati\u00e8re: 70% Polyamide, 21% Viscose, 9% \u00c9lasthanne Lavage \u00e0 la main \u00e0 l'eau froide","og_url":"https:\/\/beauteafulcat.com\/product\/en-garter-black\/","og_site_name":"Beauteafulcat","article_modified_time":"2023-01-17T06:02:45+00:00","og_image":[{"width":"826","height":"826","url":"https:\/\/beauteafulcat.com\/wp-content\/uploads\/2021\/06\/IMG_6030.jpg","type":"image\/jpeg"}],"twitter_card":"summary_large_image","schema":{"@context":"https:\/\/schema.org","@graph":[{"@type":"WebPage","@id":"https:\/\/beauteafulcat.com\/product\/en-garter-black\/","url":"https:\/\/beauteafulcat.com\/product\/en-garter-black\/","name":"Garter Black - Beauteafulcat","isPartOf":{"@id":"https:\/\/beauteafulcat.com\/es\/#website"},"datePublished":"2021-06-03T19:54:23+00:00","dateModified":"2023-01-17T06:02:45+00:00","breadcrumb":{"@id":"https:\/\/beauteafulcat.com\/product\/en-garter-black\/#breadcrumb"},"inLanguage":"fr-FR","potentialAction":[{"@type":"ReadAction","target":["https:\/\/beauteafulcat.com\/product\/en-garter-black\/"]}]},{"@type":"BreadcrumbList","@id":"https:\/\/beauteafulcat.com\/product\/en-garter-black\/#breadcrumb","itemListElement":[{"@type":"ListItem","position":1,"name":"Home","item":"https:\/\/beauteafulcat.com\/"},{"@type":"ListItem","position":2,"name":"Shop","item":"https:\/\/beauteafulcat.com\/es\/shop\/"},{"@type":"ListItem","position":3,"name":"Garter Black"}]},{"@type":"WebSite","@id":"https:\/\/beauteafulcat.com\/es\/#website","url":"https:\/\/beauteafulcat.com\/es\/","name":"Beauteafulcat","description":"Concept store","potentialAction":[{"@type":"SearchAction","target":{"@type":"EntryPoint","urlTemplate":"https:\/\/beauteafulcat.com\/es\/?s={search_term_string}"},"query-input":"required name=search_term_string"}],"inLanguage":"fr-FR"}]}},"_links":{"self":[{"href":"https:\/\/beauteafulcat.com\/fr\/wp-json\/wp\/v2\/product\/4296","targetHints":{"allow":["GET"]}}],"collection":[{"href":"https:\/\/beauteafulcat.com\/fr\/wp-json\/wp\/v2\/product"}],"about":[{"href":"https:\/\/beauteafulcat.com\/fr\/wp-json\/wp\/v2\/types\/product"}],"wp:featuredmedia":[{"embeddable":true,"href":"https:\/\/beauteafulcat.com\/fr\/wp-json\/wp\/v2\/media\/7247"}],"wp:attachment":[{"href":"https:\/\/beauteafulcat.com\/fr\/wp-json\/wp\/v2\/media?parent=4296"}],"wp:term":[{"taxonomy":"product_cat","embeddable":true,"href":"https:\/\/beauteafulcat.com\/fr\/wp-json\/wp\/v2\/product_cat?post=4296"},{"taxonomy":"product_tag","embeddable":true,"href":"https:\/\/beauteafulcat.com\/fr\/wp-json\/wp\/v2\/product_tag?post=4296"}],"curies":[{"name":"wp","href":"https:\/\/api.w.org\/{rel}","templated":true}]}}