{"id":4273,"date":"2021-06-03T18:19:19","date_gmt":"2021-06-03T18:19:19","guid":{"rendered":"https:\/\/beauteafulcat.com\/?post_type=product&#038;p=4273"},"modified":"2022-11-22T12:43:56","modified_gmt":"2022-11-22T12:43:56","slug":"kassandra-red-body","status":"publish","type":"product","link":"https:\/\/beauteafulcat.com\/fr\/product\/kassandra-red-body\/","title":{"rendered":"Kassandra Red"},"content":{"rendered":"","protected":false},"excerpt":{"rendered":"<p>Bodysuit en tulle extensible.<br \/>\nCouleur: rouge<br \/>\nMat\u00e9riel: 70% Polyamide, 21% Viscose, 9% \u00c9lasthanne<br \/>\nDoublure: 100% Coton<br \/>\nLavage \u00e0 la main \u00e0 l\u2019eau froide<\/p>\n","protected":false},"featured_media":7261,"template":"","meta":{"inline_featured_image":false},"product_cat":[96],"product_tag":[],"class_list":{"0":"post-4273","1":"product","2":"type-product","3":"status-publish","4":"has-post-thumbnail","6":"product_cat-bodysuits","8":"first","9":"instock","10":"shipping-taxable","11":"purchasable","12":"product-type-variable"},"yoast_head":"<!-- This site is optimized with the Yoast SEO plugin v22.1 - https:\/\/yoast.com\/wordpress\/plugins\/seo\/ -->\n<title>Kassandra Red - Beauteafulcat<\/title>\n<meta name=\"robots\" content=\"index, follow, max-snippet:-1, max-image-preview:large, max-video-preview:-1\" \/>\n<link rel=\"canonical\" href=\"https:\/\/beauteafulcat.com\/product\/kassandra-red-body\/\" \/>\n<meta property=\"og:locale\" content=\"fr_FR\" \/>\n<meta property=\"og:type\" content=\"article\" \/>\n<meta property=\"og:title\" content=\"Kassandra Red - Beauteafulcat\" \/>\n<meta property=\"og:description\" content=\"Bodysuit en tulle extensible. Couleur: rouge Mat\u00e9riel: 70% Polyamide, 21% Viscose, 9% \u00c9lasthanne Doublure: 100% Coton Lavage \u00e0 la main \u00e0 l\u2019eau froide\" \/>\n<meta property=\"og:url\" content=\"https:\/\/beauteafulcat.com\/product\/kassandra-red-body\/\" \/>\n<meta property=\"og:site_name\" content=\"Beauteafulcat\" \/>\n<meta property=\"article:modified_time\" content=\"2022-11-22T12:43:56+00:00\" \/>\n<meta property=\"og:image\" content=\"https:\/\/beauteafulcat.com\/wp-content\/uploads\/2021\/06\/IMG_6014.jpg\" \/>\n\t<meta property=\"og:image:width\" content=\"889\" \/>\n\t<meta property=\"og:image:height\" content=\"889\" \/>\n\t<meta property=\"og:image:type\" content=\"image\/jpeg\" \/>\n<meta name=\"twitter:card\" content=\"summary_large_image\" \/>\n<script type=\"application\/ld+json\" class=\"yoast-schema-graph\">{\"@context\":\"https:\/\/schema.org\",\"@graph\":[{\"@type\":\"WebPage\",\"@id\":\"https:\/\/beauteafulcat.com\/product\/kassandra-red-body\/\",\"url\":\"https:\/\/beauteafulcat.com\/product\/kassandra-red-body\/\",\"name\":\"Kassandra Red - Beauteafulcat\",\"isPartOf\":{\"@id\":\"https:\/\/beauteafulcat.com\/es\/#website\"},\"datePublished\":\"2021-06-03T18:19:19+00:00\",\"dateModified\":\"2022-11-22T12:43:56+00:00\",\"breadcrumb\":{\"@id\":\"https:\/\/beauteafulcat.com\/product\/kassandra-red-body\/#breadcrumb\"},\"inLanguage\":\"fr-FR\",\"potentialAction\":[{\"@type\":\"ReadAction\",\"target\":[\"https:\/\/beauteafulcat.com\/product\/kassandra-red-body\/\"]}]},{\"@type\":\"BreadcrumbList\",\"@id\":\"https:\/\/beauteafulcat.com\/product\/kassandra-red-body\/#breadcrumb\",\"itemListElement\":[{\"@type\":\"ListItem\",\"position\":1,\"name\":\"Home\",\"item\":\"https:\/\/beauteafulcat.com\/\"},{\"@type\":\"ListItem\",\"position\":2,\"name\":\"Shop\",\"item\":\"https:\/\/beauteafulcat.com\/es\/shop\/\"},{\"@type\":\"ListItem\",\"position\":3,\"name\":\"Kassandra Red\"}]},{\"@type\":\"WebSite\",\"@id\":\"https:\/\/beauteafulcat.com\/es\/#website\",\"url\":\"https:\/\/beauteafulcat.com\/es\/\",\"name\":\"Beauteafulcat\",\"description\":\"Concept store\",\"potentialAction\":[{\"@type\":\"SearchAction\",\"target\":{\"@type\":\"EntryPoint\",\"urlTemplate\":\"https:\/\/beauteafulcat.com\/es\/?s={search_term_string}\"},\"query-input\":\"required name=search_term_string\"}],\"inLanguage\":\"fr-FR\"}]}<\/script>\n<!-- \/ Yoast SEO plugin. -->","yoast_head_json":{"title":"Kassandra Red - Beauteafulcat","robots":{"index":"index","follow":"follow","max-snippet":"max-snippet:-1","max-image-preview":"max-image-preview:large","max-video-preview":"max-video-preview:-1"},"canonical":"https:\/\/beauteafulcat.com\/product\/kassandra-red-body\/","og_locale":"fr_FR","og_type":"article","og_title":"Kassandra Red - Beauteafulcat","og_description":"Bodysuit en tulle extensible. Couleur: rouge Mat\u00e9riel: 70% Polyamide, 21% Viscose, 9% \u00c9lasthanne Doublure: 100% Coton Lavage \u00e0 la main \u00e0 l\u2019eau froide","og_url":"https:\/\/beauteafulcat.com\/product\/kassandra-red-body\/","og_site_name":"Beauteafulcat","article_modified_time":"2022-11-22T12:43:56+00:00","og_image":[{"width":"889","height":"889","url":"https:\/\/beauteafulcat.com\/wp-content\/uploads\/2021\/06\/IMG_6014.jpg","type":"image\/jpeg"}],"twitter_card":"summary_large_image","schema":{"@context":"https:\/\/schema.org","@graph":[{"@type":"WebPage","@id":"https:\/\/beauteafulcat.com\/product\/kassandra-red-body\/","url":"https:\/\/beauteafulcat.com\/product\/kassandra-red-body\/","name":"Kassandra Red - Beauteafulcat","isPartOf":{"@id":"https:\/\/beauteafulcat.com\/es\/#website"},"datePublished":"2021-06-03T18:19:19+00:00","dateModified":"2022-11-22T12:43:56+00:00","breadcrumb":{"@id":"https:\/\/beauteafulcat.com\/product\/kassandra-red-body\/#breadcrumb"},"inLanguage":"fr-FR","potentialAction":[{"@type":"ReadAction","target":["https:\/\/beauteafulcat.com\/product\/kassandra-red-body\/"]}]},{"@type":"BreadcrumbList","@id":"https:\/\/beauteafulcat.com\/product\/kassandra-red-body\/#breadcrumb","itemListElement":[{"@type":"ListItem","position":1,"name":"Home","item":"https:\/\/beauteafulcat.com\/"},{"@type":"ListItem","position":2,"name":"Shop","item":"https:\/\/beauteafulcat.com\/es\/shop\/"},{"@type":"ListItem","position":3,"name":"Kassandra Red"}]},{"@type":"WebSite","@id":"https:\/\/beauteafulcat.com\/es\/#website","url":"https:\/\/beauteafulcat.com\/es\/","name":"Beauteafulcat","description":"Concept store","potentialAction":[{"@type":"SearchAction","target":{"@type":"EntryPoint","urlTemplate":"https:\/\/beauteafulcat.com\/es\/?s={search_term_string}"},"query-input":"required name=search_term_string"}],"inLanguage":"fr-FR"}]}},"_links":{"self":[{"href":"https:\/\/beauteafulcat.com\/fr\/wp-json\/wp\/v2\/product\/4273","targetHints":{"allow":["GET"]}}],"collection":[{"href":"https:\/\/beauteafulcat.com\/fr\/wp-json\/wp\/v2\/product"}],"about":[{"href":"https:\/\/beauteafulcat.com\/fr\/wp-json\/wp\/v2\/types\/product"}],"wp:featuredmedia":[{"embeddable":true,"href":"https:\/\/beauteafulcat.com\/fr\/wp-json\/wp\/v2\/media\/7261"}],"wp:attachment":[{"href":"https:\/\/beauteafulcat.com\/fr\/wp-json\/wp\/v2\/media?parent=4273"}],"wp:term":[{"taxonomy":"product_cat","embeddable":true,"href":"https:\/\/beauteafulcat.com\/fr\/wp-json\/wp\/v2\/product_cat?post=4273"},{"taxonomy":"product_tag","embeddable":true,"href":"https:\/\/beauteafulcat.com\/fr\/wp-json\/wp\/v2\/product_tag?post=4273"}],"curies":[{"name":"wp","href":"https:\/\/api.w.org\/{rel}","templated":true}]}}