{"id":3984,"date":"2021-06-02T22:39:45","date_gmt":"2021-06-02T22:39:45","guid":{"rendered":"https:\/\/beauteafulcat.com\/?post_type=product&#038;p=3984"},"modified":"2022-12-29T15:58:04","modified_gmt":"2022-12-29T15:58:04","slug":"en-unnamed7-bra","status":"publish","type":"product","link":"https:\/\/beauteafulcat.com\/fr\/product\/en-unnamed7-bra\/","title":{"rendered":"Unnamed 7"},"content":{"rendered":"","protected":false},"excerpt":{"rendered":"<p>Soutien-gorge coupe souple avec forme triangulaire en tulle extensible transparent.<br \/>\nCompl\u00e9t\u00e9 par des bretelles r\u00e9glables et une attache \u00e0 crochet classique.<br \/>\nCouleur: beige<br \/>\nMat\u00e9riel: 70% Polyamide, 21% Viscose, 9% \u00c9lasthanne<br \/>\nLavage \u00e0 la main \u00e0 l&rsquo;eau froide<\/p>\n","protected":false},"featured_media":7086,"template":"","meta":{"inline_featured_image":false},"product_cat":[54],"product_tag":[],"class_list":{"0":"post-3984","1":"product","2":"type-product","3":"status-publish","4":"has-post-thumbnail","6":"product_cat-bras","8":"first","9":"instock","10":"shipping-taxable","11":"purchasable","12":"product-type-variable"},"yoast_head":"<!-- This site is optimized with the Yoast SEO plugin v22.1 - https:\/\/yoast.com\/wordpress\/plugins\/seo\/ -->\n<title>Unnamed 7 - Beauteafulcat<\/title>\n<meta name=\"robots\" content=\"index, follow, max-snippet:-1, max-image-preview:large, max-video-preview:-1\" \/>\n<link rel=\"canonical\" href=\"https:\/\/beauteafulcat.com\/product\/en-unnamed7-bra\/\" \/>\n<meta property=\"og:locale\" content=\"fr_FR\" \/>\n<meta property=\"og:type\" content=\"article\" \/>\n<meta property=\"og:title\" content=\"Unnamed 7 - Beauteafulcat\" \/>\n<meta property=\"og:description\" content=\"Soutien-gorge coupe souple avec forme triangulaire en tulle extensible transparent. Compl\u00e9t\u00e9 par des bretelles r\u00e9glables et une attache \u00e0 crochet classique. Couleur: beige Mat\u00e9riel: 70% Polyamide, 21% Viscose, 9% \u00c9lasthanne Lavage \u00e0 la main \u00e0 l&#039;eau froide\" \/>\n<meta property=\"og:url\" content=\"https:\/\/beauteafulcat.com\/product\/en-unnamed7-bra\/\" \/>\n<meta property=\"og:site_name\" content=\"Beauteafulcat\" \/>\n<meta property=\"article:modified_time\" content=\"2022-12-29T15:58:04+00:00\" \/>\n<meta property=\"og:image\" content=\"https:\/\/beauteafulcat.com\/wp-content\/uploads\/2021\/06\/unn-beige.jpg\" \/>\n\t<meta property=\"og:image:width\" content=\"794\" \/>\n\t<meta property=\"og:image:height\" content=\"794\" \/>\n\t<meta property=\"og:image:type\" content=\"image\/jpeg\" \/>\n<meta name=\"twitter:card\" content=\"summary_large_image\" \/>\n<script type=\"application\/ld+json\" class=\"yoast-schema-graph\">{\"@context\":\"https:\/\/schema.org\",\"@graph\":[{\"@type\":\"WebPage\",\"@id\":\"https:\/\/beauteafulcat.com\/product\/en-unnamed7-bra\/\",\"url\":\"https:\/\/beauteafulcat.com\/product\/en-unnamed7-bra\/\",\"name\":\"Unnamed 7 - Beauteafulcat\",\"isPartOf\":{\"@id\":\"https:\/\/beauteafulcat.com\/es\/#website\"},\"datePublished\":\"2021-06-02T22:39:45+00:00\",\"dateModified\":\"2022-12-29T15:58:04+00:00\",\"breadcrumb\":{\"@id\":\"https:\/\/beauteafulcat.com\/product\/en-unnamed7-bra\/#breadcrumb\"},\"inLanguage\":\"fr-FR\",\"potentialAction\":[{\"@type\":\"ReadAction\",\"target\":[\"https:\/\/beauteafulcat.com\/product\/en-unnamed7-bra\/\"]}]},{\"@type\":\"BreadcrumbList\",\"@id\":\"https:\/\/beauteafulcat.com\/product\/en-unnamed7-bra\/#breadcrumb\",\"itemListElement\":[{\"@type\":\"ListItem\",\"position\":1,\"name\":\"Home\",\"item\":\"https:\/\/beauteafulcat.com\/\"},{\"@type\":\"ListItem\",\"position\":2,\"name\":\"Shop\",\"item\":\"https:\/\/beauteafulcat.com\/es\/shop\/\"},{\"@type\":\"ListItem\",\"position\":3,\"name\":\"Unnamed 7\"}]},{\"@type\":\"WebSite\",\"@id\":\"https:\/\/beauteafulcat.com\/es\/#website\",\"url\":\"https:\/\/beauteafulcat.com\/es\/\",\"name\":\"Beauteafulcat\",\"description\":\"Concept store\",\"potentialAction\":[{\"@type\":\"SearchAction\",\"target\":{\"@type\":\"EntryPoint\",\"urlTemplate\":\"https:\/\/beauteafulcat.com\/es\/?s={search_term_string}\"},\"query-input\":\"required name=search_term_string\"}],\"inLanguage\":\"fr-FR\"}]}<\/script>\n<!-- \/ Yoast SEO plugin. -->","yoast_head_json":{"title":"Unnamed 7 - Beauteafulcat","robots":{"index":"index","follow":"follow","max-snippet":"max-snippet:-1","max-image-preview":"max-image-preview:large","max-video-preview":"max-video-preview:-1"},"canonical":"https:\/\/beauteafulcat.com\/product\/en-unnamed7-bra\/","og_locale":"fr_FR","og_type":"article","og_title":"Unnamed 7 - Beauteafulcat","og_description":"Soutien-gorge coupe souple avec forme triangulaire en tulle extensible transparent. Compl\u00e9t\u00e9 par des bretelles r\u00e9glables et une attache \u00e0 crochet classique. Couleur: beige Mat\u00e9riel: 70% Polyamide, 21% Viscose, 9% \u00c9lasthanne Lavage \u00e0 la main \u00e0 l'eau froide","og_url":"https:\/\/beauteafulcat.com\/product\/en-unnamed7-bra\/","og_site_name":"Beauteafulcat","article_modified_time":"2022-12-29T15:58:04+00:00","og_image":[{"width":"794","height":"794","url":"https:\/\/beauteafulcat.com\/wp-content\/uploads\/2021\/06\/unn-beige.jpg","type":"image\/jpeg"}],"twitter_card":"summary_large_image","schema":{"@context":"https:\/\/schema.org","@graph":[{"@type":"WebPage","@id":"https:\/\/beauteafulcat.com\/product\/en-unnamed7-bra\/","url":"https:\/\/beauteafulcat.com\/product\/en-unnamed7-bra\/","name":"Unnamed 7 - Beauteafulcat","isPartOf":{"@id":"https:\/\/beauteafulcat.com\/es\/#website"},"datePublished":"2021-06-02T22:39:45+00:00","dateModified":"2022-12-29T15:58:04+00:00","breadcrumb":{"@id":"https:\/\/beauteafulcat.com\/product\/en-unnamed7-bra\/#breadcrumb"},"inLanguage":"fr-FR","potentialAction":[{"@type":"ReadAction","target":["https:\/\/beauteafulcat.com\/product\/en-unnamed7-bra\/"]}]},{"@type":"BreadcrumbList","@id":"https:\/\/beauteafulcat.com\/product\/en-unnamed7-bra\/#breadcrumb","itemListElement":[{"@type":"ListItem","position":1,"name":"Home","item":"https:\/\/beauteafulcat.com\/"},{"@type":"ListItem","position":2,"name":"Shop","item":"https:\/\/beauteafulcat.com\/es\/shop\/"},{"@type":"ListItem","position":3,"name":"Unnamed 7"}]},{"@type":"WebSite","@id":"https:\/\/beauteafulcat.com\/es\/#website","url":"https:\/\/beauteafulcat.com\/es\/","name":"Beauteafulcat","description":"Concept store","potentialAction":[{"@type":"SearchAction","target":{"@type":"EntryPoint","urlTemplate":"https:\/\/beauteafulcat.com\/es\/?s={search_term_string}"},"query-input":"required name=search_term_string"}],"inLanguage":"fr-FR"}]}},"_links":{"self":[{"href":"https:\/\/beauteafulcat.com\/fr\/wp-json\/wp\/v2\/product\/3984","targetHints":{"allow":["GET"]}}],"collection":[{"href":"https:\/\/beauteafulcat.com\/fr\/wp-json\/wp\/v2\/product"}],"about":[{"href":"https:\/\/beauteafulcat.com\/fr\/wp-json\/wp\/v2\/types\/product"}],"wp:featuredmedia":[{"embeddable":true,"href":"https:\/\/beauteafulcat.com\/fr\/wp-json\/wp\/v2\/media\/7086"}],"wp:attachment":[{"href":"https:\/\/beauteafulcat.com\/fr\/wp-json\/wp\/v2\/media?parent=3984"}],"wp:term":[{"taxonomy":"product_cat","embeddable":true,"href":"https:\/\/beauteafulcat.com\/fr\/wp-json\/wp\/v2\/product_cat?post=3984"},{"taxonomy":"product_tag","embeddable":true,"href":"https:\/\/beauteafulcat.com\/fr\/wp-json\/wp\/v2\/product_tag?post=3984"}],"curies":[{"name":"wp","href":"https:\/\/api.w.org\/{rel}","templated":true}]}}