{"id":3201,"date":"2021-02-27T18:52:39","date_gmt":"2021-02-27T18:52:39","guid":{"rendered":"https:\/\/beauteafulcat.temmmio.com\/product\/gift-card\/"},"modified":"2021-05-26T16:01:56","modified_gmt":"2021-05-26T16:01:56","slug":"gift-card","status":"publish","type":"product","link":"https:\/\/beauteafulcat.com\/fr\/product\/gift-card\/","title":{"rendered":"CARTE CADEAU"},"content":{"rendered":"","protected":false},"excerpt":{"rendered":"<p>Offrir une lingerie de luxe n\u2019est pas plus simple. Choisissez la valeur de la carte-cadeau dans le menu ci-dessous et nous la livrerons \u00e0 votre destinataire (ou \u00e0 vous, pr\u00eate \u00e0 \u00eatre offerte). Une fois que vous \u00eates satisfait de votre commande, cliquez sur \u00ab\u00a0Ajouter au panier\u00a0\u00bb. Pour acheter plusieurs cartes-cadeaux, continuez simplement \u00e0 ajouter \u00e0 votre sac.<br \/>\nLes cartes cadeaux sont exon\u00e9r\u00e9es de droits de douane et \/ ou taxes.<\/p>\n","protected":false},"featured_media":3214,"template":"","meta":{"inline_featured_image":false},"product_cat":[72,20],"product_tag":[],"class_list":{"0":"post-3201","1":"product","2":"type-product","3":"status-publish","4":"has-post-thumbnail","6":"product_cat-new-arrivals","7":"product_cat-other","9":"first","10":"instock","11":"purchasable","12":"product-type-pw-gift-card","13":"has-default-attributes"},"yoast_head":"<!-- This site is optimized with the Yoast SEO plugin v22.1 - https:\/\/yoast.com\/wordpress\/plugins\/seo\/ -->\n<title>CARTE CADEAU - Beauteafulcat<\/title>\n<meta name=\"robots\" content=\"index, follow, max-snippet:-1, max-image-preview:large, max-video-preview:-1\" \/>\n<link rel=\"canonical\" href=\"https:\/\/beauteafulcat.com\/en\/product\/gift-card\/\" \/>\n<meta property=\"og:locale\" content=\"fr_FR\" \/>\n<meta property=\"og:type\" content=\"article\" \/>\n<meta property=\"og:title\" content=\"CARTE CADEAU - Beauteafulcat\" \/>\n<meta property=\"og:description\" content=\"Offrir une lingerie de luxe n\u2019est pas plus simple. Choisissez la valeur de la carte-cadeau dans le menu ci-dessous et nous la livrerons \u00e0 votre destinataire (ou \u00e0 vous, pr\u00eate \u00e0 \u00eatre offerte). Une fois que vous \u00eates satisfait de votre commande, cliquez sur &quot;Ajouter au panier&quot;. Pour acheter plusieurs cartes-cadeaux, continuez simplement \u00e0 ajouter \u00e0 votre sac. Les cartes cadeaux sont exon\u00e9r\u00e9es de droits de douane et \/ ou taxes.\" \/>\n<meta property=\"og:url\" content=\"https:\/\/beauteafulcat.com\/en\/product\/gift-card\/\" \/>\n<meta property=\"og:site_name\" content=\"Beauteafulcat\" \/>\n<meta property=\"article:modified_time\" content=\"2021-05-26T16:01:56+00:00\" \/>\n<meta property=\"og:image\" content=\"https:\/\/beauteafulcat.com\/wp-content\/uploads\/2021\/02\/Gift-card.png\" \/>\n\t<meta property=\"og:image:width\" content=\"960\" \/>\n\t<meta property=\"og:image:height\" content=\"640\" \/>\n\t<meta property=\"og:image:type\" content=\"image\/png\" \/>\n<meta name=\"twitter:card\" content=\"summary_large_image\" \/>\n<script type=\"application\/ld+json\" class=\"yoast-schema-graph\">{\"@context\":\"https:\/\/schema.org\",\"@graph\":[{\"@type\":\"WebPage\",\"@id\":\"https:\/\/beauteafulcat.com\/en\/product\/gift-card\/\",\"url\":\"https:\/\/beauteafulcat.com\/en\/product\/gift-card\/\",\"name\":\"[:es]Tarjeta de regalo[:en]Gift Card[:fr]CARTE CADEAU[:] - Beauteafulcat\",\"isPartOf\":{\"@id\":\"https:\/\/beauteafulcat.com\/es\/#website\"},\"datePublished\":\"2021-02-27T18:52:39+00:00\",\"dateModified\":\"2021-05-26T16:01:56+00:00\",\"breadcrumb\":{\"@id\":\"https:\/\/beauteafulcat.com\/en\/product\/gift-card\/#breadcrumb\"},\"inLanguage\":\"fr-FR\",\"potentialAction\":[{\"@type\":\"ReadAction\",\"target\":[\"https:\/\/beauteafulcat.com\/en\/product\/gift-card\/\"]}]},{\"@type\":\"BreadcrumbList\",\"@id\":\"https:\/\/beauteafulcat.com\/en\/product\/gift-card\/#breadcrumb\",\"itemListElement\":[{\"@type\":\"ListItem\",\"position\":1,\"name\":\"Home\",\"item\":\"https:\/\/beauteafulcat.com\/\"},{\"@type\":\"ListItem\",\"position\":2,\"name\":\"Shop\",\"item\":\"https:\/\/beauteafulcat.com\/es\/shop\/\"},{\"@type\":\"ListItem\",\"position\":3,\"name\":\"Gift Card\"}]},{\"@type\":\"WebSite\",\"@id\":\"https:\/\/beauteafulcat.com\/es\/#website\",\"url\":\"https:\/\/beauteafulcat.com\/es\/\",\"name\":\"Beauteafulcat\",\"description\":\"Concept store\",\"potentialAction\":[{\"@type\":\"SearchAction\",\"target\":{\"@type\":\"EntryPoint\",\"urlTemplate\":\"https:\/\/beauteafulcat.com\/es\/?s={search_term_string}\"},\"query-input\":\"required name=search_term_string\"}],\"inLanguage\":\"fr-FR\"}]}<\/script>\n<!-- \/ Yoast SEO plugin. -->","yoast_head_json":{"title":"CARTE CADEAU - Beauteafulcat","robots":{"index":"index","follow":"follow","max-snippet":"max-snippet:-1","max-image-preview":"max-image-preview:large","max-video-preview":"max-video-preview:-1"},"canonical":"https:\/\/beauteafulcat.com\/en\/product\/gift-card\/","og_locale":"fr_FR","og_type":"article","og_title":"CARTE CADEAU - Beauteafulcat","og_description":"Offrir une lingerie de luxe n\u2019est pas plus simple. Choisissez la valeur de la carte-cadeau dans le menu ci-dessous et nous la livrerons \u00e0 votre destinataire (ou \u00e0 vous, pr\u00eate \u00e0 \u00eatre offerte). Une fois que vous \u00eates satisfait de votre commande, cliquez sur \"Ajouter au panier\". Pour acheter plusieurs cartes-cadeaux, continuez simplement \u00e0 ajouter \u00e0 votre sac. Les cartes cadeaux sont exon\u00e9r\u00e9es de droits de douane et \/ ou taxes.","og_url":"https:\/\/beauteafulcat.com\/en\/product\/gift-card\/","og_site_name":"Beauteafulcat","article_modified_time":"2021-05-26T16:01:56+00:00","og_image":[{"width":960,"height":640,"url":"https:\/\/beauteafulcat.com\/wp-content\/uploads\/2021\/02\/Gift-card.png","type":"image\/png"}],"twitter_card":"summary_large_image","schema":{"@context":"https:\/\/schema.org","@graph":[{"@type":"WebPage","@id":"https:\/\/beauteafulcat.com\/en\/product\/gift-card\/","url":"https:\/\/beauteafulcat.com\/en\/product\/gift-card\/","name":"[:es]Tarjeta de regalo[:en]Gift Card[:fr]CARTE CADEAU[:] - Beauteafulcat","isPartOf":{"@id":"https:\/\/beauteafulcat.com\/es\/#website"},"datePublished":"2021-02-27T18:52:39+00:00","dateModified":"2021-05-26T16:01:56+00:00","breadcrumb":{"@id":"https:\/\/beauteafulcat.com\/en\/product\/gift-card\/#breadcrumb"},"inLanguage":"fr-FR","potentialAction":[{"@type":"ReadAction","target":["https:\/\/beauteafulcat.com\/en\/product\/gift-card\/"]}]},{"@type":"BreadcrumbList","@id":"https:\/\/beauteafulcat.com\/en\/product\/gift-card\/#breadcrumb","itemListElement":[{"@type":"ListItem","position":1,"name":"Home","item":"https:\/\/beauteafulcat.com\/"},{"@type":"ListItem","position":2,"name":"Shop","item":"https:\/\/beauteafulcat.com\/es\/shop\/"},{"@type":"ListItem","position":3,"name":"Gift Card"}]},{"@type":"WebSite","@id":"https:\/\/beauteafulcat.com\/es\/#website","url":"https:\/\/beauteafulcat.com\/es\/","name":"Beauteafulcat","description":"Concept store","potentialAction":[{"@type":"SearchAction","target":{"@type":"EntryPoint","urlTemplate":"https:\/\/beauteafulcat.com\/es\/?s={search_term_string}"},"query-input":"required name=search_term_string"}],"inLanguage":"fr-FR"}]}},"_links":{"self":[{"href":"https:\/\/beauteafulcat.com\/fr\/wp-json\/wp\/v2\/product\/3201","targetHints":{"allow":["GET"]}}],"collection":[{"href":"https:\/\/beauteafulcat.com\/fr\/wp-json\/wp\/v2\/product"}],"about":[{"href":"https:\/\/beauteafulcat.com\/fr\/wp-json\/wp\/v2\/types\/product"}],"wp:featuredmedia":[{"embeddable":true,"href":"https:\/\/beauteafulcat.com\/fr\/wp-json\/wp\/v2\/media\/3214"}],"wp:attachment":[{"href":"https:\/\/beauteafulcat.com\/fr\/wp-json\/wp\/v2\/media?parent=3201"}],"wp:term":[{"taxonomy":"product_cat","embeddable":true,"href":"https:\/\/beauteafulcat.com\/fr\/wp-json\/wp\/v2\/product_cat?post=3201"},{"taxonomy":"product_tag","embeddable":true,"href":"https:\/\/beauteafulcat.com\/fr\/wp-json\/wp\/v2\/product_tag?post=3201"}],"curies":[{"name":"wp","href":"https:\/\/api.w.org\/{rel}","templated":true}]}}