{"id":3637,"date":"2021-05-20T16:30:40","date_gmt":"2021-05-20T16:30:40","guid":{"rendered":"https:\/\/beauteafulcat.com\/?page_id=3637"},"modified":"2021-07-08T10:01:48","modified_gmt":"2021-07-08T10:01:48","slug":"legal-warning","status":"publish","type":"page","link":"https:\/\/beauteafulcat.com\/fr\/legal-warning\/","title":{"rendered":"Avertissement l\u00e9gal"},"content":{"rendered":"<h1 style=\"text-align: center;\">AVISO LEGAL<\/h1>\n<hr \/>\n<h5>IDENTIFICACI\u00d3N<\/h5>\n<p>BEAUTEAFULCAT\u00ae es una marca registrada propiedad de PALMAS SUNRISE, S.L., que identifica a su web de compra on-line. <b>\u00a0<\/b><\/p>\n<p>BEAUTEAFULCAT\u00ae<b> <\/b>ofrece diferentes art\u00edculos tales como: lencer\u00eda, art\u00edculos de menaje y hogar, alimentos, etc. a trav\u00e9s de su web de compra a distancia<\/p>\n<p>A trav\u00e9s de la web se pueden consultar todas las caracter\u00edsticas de los productos y servicios, seleccionar y comprar los productos deseados y disponer de medios de contacto con el servicio de atenci\u00f3n al cliente.<\/p>\n<ul>\n<li><b>Responsable de la p\u00e1gina web <\/b><b>https:\/\/beauteafulcat.com<\/b><b>:\u00a0<\/b>PALMAS SUNRISE, S.L. (en adelante identificada por su marca \u201cBEAUTEAFULCAT\u00ae\u201d)<\/li>\n<li><b>NIF\/CIF:\u00a0 <\/b>B-64766318<\/li>\n<li><b>Direcci\u00f3n:\u00a0 <\/b>Gran de Gracia 140,\u00a008012 Barcelona (Spain\/Espa\u00f1a)<\/li>\n<li><b>Tel\u00e9fono: <\/b>++ 34<b> <\/b>646 201 945<\/li>\n<li><b>Correo electr\u00f3nico:\u00a0 <\/b><a href=\"mailto:hello@beauteafulcat.com\"><b>hello@beauteafulcat.com<\/b><\/a><\/li>\n<li><b>Inscripci\u00f3n mercantil: <\/b>Registro Mercantil de Barcelona, Tomo 46984, Folio 164, Hoja B537274, Inscripci\u00f3n 1.<\/li>\n<\/ul>\n<hr \/>\n<h5>TRATAMIENTO DE DATOS DE MENORES DE EDAD Y DE DISCAPACITADOS<\/h5>\n<p>Si usted no tiene, por lo menos, 18 a\u00f1os de edad o no tiene plena capacidad para actuar legalmente, abst\u00e9ngase de facilitar datos personales en los formularios de esta p\u00e1gina web. BEAUTEAFULCAT\u00ae no trata datos de menores de 18 a\u00f1os, ni de personas discapacitadas legalmente.<\/p>\n<hr \/>\n<h5>ACCESO A LA P\u00c1GINA WEB<\/h5>\n<p>Los usuarios de https:\/\/beauteafulcat.com pueden acceder de forma gratuita y libre a la p\u00e1gina web. Los datos facilitados de car\u00e1cter personal ser\u00e1n siempre tratados de conformidad con lo dispuesto en la normativa vigente.<\/p>\n<p>Con el previo registro los usuarios podr\u00e1n solicitar mayor informaci\u00f3n sobre los art\u00edculos ofrecidos por BEAUTEAFULCAT\u00ae, podr\u00e1n hacer y guardar reservas de productos en el cesto de compra y formalizar la compra de los productos seleccionados, adem\u00e1s de encontrar medios de contacto con el servicio de atenci\u00f3n al cliente.<\/p>\n<p>Los usuarios registrados garantizan que toda la informaci\u00f3n y los datos de car\u00e1cter personal facilitados en los formularios ser\u00e1n propios y ciertos. Los usuarios ser\u00e1n los \u00fanicos responsables de las manifestaciones falsas o inexactas que realicen y de los perjuicios que el uso de esta informaci\u00f3n pueda ocasionar a\u00a0BEAUTEAFULCAT\u00ae o a terceros. De igual modo, los usuarios se comprometen a notificar a\u00a0BEAUTEAFULCAT\u00ae cualquier cambio que pueda producirse, en relaci\u00f3n con la informaci\u00f3n y los datos personales comunicados.<\/p>\n<p>BEAUTEAFULCAT\u00ae se reserva el derecho a interrumpir el acceso a su p\u00e1gina web, en cualquier momento y sin previo aviso, sea por motivos de seguridad, control, mantenimiento, errores de suministro el\u00e9ctrico o por cualquier otra causa. Esta interrupci\u00f3n podr\u00e1 tener car\u00e1cter temporal o definitivo, en cuyo caso se comunicar\u00e1 esta circunstancia a los usuarios registrados. Por lo tanto,\u00a0BEAUTEAFULCAT\u00ae no garantiza la fiabilidad, la disponibilidad o la continuidad de su p\u00e1gina web en el caso de presentarse alguna de las situaciones anteriormente citadas o similares y, por ello, en ning\u00fan momento se podr\u00e1n exigir responsabilidades a\u00a0BEAUTEAFULCAT\u00ae en este sentido.<\/p>\n<hr \/>\n<h5>USO DE LA P\u00c1GINA WEB<\/h5>\n<p>La utilizaci\u00f3n de la p\u00e1gina web https:\/\/beauteafulcat.com por cualquier persona le atribuye la condici\u00f3n de usuario, quien acepta que ese uso es bajo su exclusiva responsabilidad.<\/p>\n<p>Los contenidos de la p\u00e1gina web son puestos a disposici\u00f3n de los usuarios por\u00a0BEAUTEAFULCAT\u00ae\u00a0 como informaci\u00f3n propia o, en su caso, de terceros con autorizaci\u00f3n de los mismos. De este modo,\u00a0BEAUTEAFULCAT\u00ae\u00a0 pondr\u00e1 los medios razonables a su disposici\u00f3n para que los contenidos incluidos en su p\u00e1gina web sean exactos y est\u00e9n actualizados.<\/p>\n<hr \/>\n<h5>RENUNCIA Y LIMITACI\u00d3N DE LA RESPONSABILIDAD<\/h5>\n<p>Los usuarios responder\u00e1n de los da\u00f1os y perjuicios de cualquier naturaleza que BEAUTEAFULCAT\u00ae\u00a0 o terceros puedan sufrir como consecuencia del incumplimiento de cualquiera de las disposiciones estipuladas en este Aviso Legal o en su caso, en la Pol\u00edtica de Privacidad y en el resto de condiciones legales que sean de aplicaci\u00f3n a esta p\u00e1gina web.<\/p>\n<p>BEAUTEAFULCAT\u00ae no se responsabiliza de los contenidos y servicios de los enlaces, p\u00e1ginas o sistemas de terceros conectados a esta p\u00e1gina web y, por lo tanto, no se responsabiliza de los da\u00f1os producidos por la ilicitud, falta de calidad, desactualizaci\u00f3n, indisponibilidad, error o inutilidad de los mismos.<\/p>\n<p>BEAUTEAFULCAT\u00ae no se responsabiliza de los posibles da\u00f1os y perjuicios producidos en los equipos inform\u00e1ticos de los usuarios o de terceros derivados del acceso a esta p\u00e1gina web, porque este acceso no supone en ning\u00fan caso la obligaci\u00f3n de BEAUTEAFULCAT\u00ae\u00a0 de controlar la ausencia de virus, gusanos o cualquier otro elemento inform\u00e1tico da\u00f1ino.<\/p>\n<hr \/>\n<h5>INFORMACI\u00d3N RELATIVA A LA PROPIEDAD INTELECTUAL E INDUSTRIAL<\/h5>\n<p>Todos los contenidos de esta p\u00e1gina web, entendiendo como tal, a t\u00edtulo meramente enunciativo no limitativo, los textos, fotograf\u00edas, gr\u00e1ficos, im\u00e1genes, iconos, signos distintivos o logotipos, marcas, nombres comerciales, tecnolog\u00eda, programario, enlaces y dem\u00e1s contenidos audiovisuales o sonoros, as\u00ed como su dise\u00f1o gr\u00e1fico y c\u00f3digos fuente (referidos de forma abreviada como los \u201ccontenidos\u201d), son propiedad intelectual de BEAUTEAFULCAT\u00ae o de terceros y su uso est\u00e1 limitado, salvo especificaci\u00f3n en contra.<\/p>\n<p>Los usuarios deber\u00e1n respetar en todo momento los derechos de propiedad intelectual e industrial titularidad de BEAUTEAFULCAT\u00ae o de terceros.<\/p>\n<p>Queda expresamente prohibida la reproducci\u00f3n, transformaci\u00f3n, distribuci\u00f3n, comunicaci\u00f3n p\u00fablica, puesta a disposici\u00f3n, extracci\u00f3n, reutilizaci\u00f3n, retransmisi\u00f3n o utilizaci\u00f3n de cualquier naturaleza, por cualquier medio o procedimiento de cualquiera de estos contenidos, excepto en los casos que est\u00e9 legalmente permitido o autorizado por escrito por el titular de los correspondientes derechos.<\/p>\n<p>Para la utilizaci\u00f3n autorizada de los contenidos de esta p\u00e1gina web, con finalidades exclusivamente informativas o pedag\u00f3gicas, los usuarios pueden dirigirse a\u00a0BEAUTEAFULCAT\u00ae. No obstante, los usuarios particulares podr\u00e1n visualizar y obtener una copia privada temporal de los contenidos para su exclusivo uso personal y privado en sus sistemas inform\u00e1ticos, siempre que no sea con la finalidad de desarrollar actividades de car\u00e1cter comercial o profesional o con finalidades de distribuci\u00f3n, modificaci\u00f3n, alteraci\u00f3n o descompilaci\u00f3n.<\/p>\n<hr \/>\n<h5>LEGISLACI\u00d3N Y JURISDICCI\u00d3N APLICABLE<\/h5>\n<p>Las presentes condiciones estar\u00e1n sujetas al ordenamiento jur\u00eddico espa\u00f1ol y el texto en espa\u00f1ol de este documento es el \u00fanico v\u00e1lido con efectos legales. Cualquier otra versi\u00f3n es una mera traducci\u00f3n, sin m\u00e1s efectos que los de facilitar su comprensi\u00f3n a los hablantes de otro idioma.<\/p>\n<p>Para la resoluci\u00f3n de cualquier conflicto que pudiera derivarse del acceso a la p\u00e1gina web, el usuario y BEAUTEAFULCAT\u00ae aceptan someterse expresamente a los juzgados y tribunales de la ciudad de Barcelona, con renuncia expresa a cualquier otro fuero que pudiera corresponder, salvo disposici\u00f3n legal en contra.<\/p>\n<p>Las condiciones descritas pueden ser modificadas en cualquier momento sin previo aviso. Si desea contar con la versi\u00f3n que est\u00e1 leyendo, le recomendamos realizar una copia.<\/p>\n<p>Barcelona, abril de 2021<\/p>\n<p>M\u00e1s informaci\u00f3n: <a href=\"https:\/\/beauteafulcat.com\/privacy_policy\">https:\/\/beauteafulcat.com\/privacy_policy<\/a><\/p>\n","protected":false},"excerpt":{"rendered":"<p>AVISO LEGAL IDENTIFICACI\u00d3N BEAUTEAFULCAT\u00ae es una marca registrada propiedad de PALMAS SUNRISE, S.L., que identifica a su web de compra on-line. \u00a0 BEAUTEAFULCAT\u00ae ofrece diferentes art\u00edculos tales como: lencer\u00eda, art\u00edculos de menaje y hogar, alimentos, etc. a trav\u00e9s de su web de compra a distancia A trav\u00e9s de la web se pueden consultar todas las &hellip;<\/p>\n","protected":false},"author":4,"featured_media":0,"parent":0,"menu_order":0,"comment_status":"closed","ping_status":"closed","template":"templates\/page-text.php","meta":{"inline_featured_image":false,"footnotes":""},"class_list":["post-3637","page","type-page","status-publish","hentry"],"yoast_head":"<!-- This site is optimized with the Yoast SEO plugin v22.1 - https:\/\/yoast.com\/wordpress\/plugins\/seo\/ -->\n<title>Avertissement l\u00e9gal - Beauteafulcat<\/title>\n<meta name=\"robots\" content=\"index, follow, max-snippet:-1, max-image-preview:large, max-video-preview:-1\" \/>\n<link rel=\"canonical\" href=\"https:\/\/beauteafulcat.com\/es\/legal-warning\/\" \/>\n<meta property=\"og:locale\" content=\"fr_FR\" \/>\n<meta property=\"og:type\" content=\"article\" \/>\n<meta property=\"og:title\" content=\"Avertissement l\u00e9gal - Beauteafulcat\" \/>\n<meta property=\"og:description\" content=\"AVISO LEGAL IDENTIFICACI\u00d3N BEAUTEAFULCAT\u00ae es una marca registrada propiedad de PALMAS SUNRISE, S.L., que identifica a su web de compra on-line. \u00a0 BEAUTEAFULCAT\u00ae ofrece diferentes art\u00edculos tales como: lencer\u00eda, art\u00edculos de menaje y hogar, alimentos, etc. a trav\u00e9s de su web de compra a distancia A trav\u00e9s de la web se pueden consultar todas las &hellip;\" \/>\n<meta property=\"og:url\" content=\"https:\/\/beauteafulcat.com\/es\/legal-warning\/\" \/>\n<meta property=\"og:site_name\" content=\"Beauteafulcat\" \/>\n<meta property=\"article:modified_time\" content=\"2021-07-08T10:01:48+00:00\" \/>\n<meta name=\"twitter:card\" content=\"summary_large_image\" \/>\n<meta name=\"twitter:label1\" content=\"Dur\u00e9e de lecture estim\u00e9e\" \/>\n\t<meta name=\"twitter:data1\" content=\"5 minutes\" \/>\n<script type=\"application\/ld+json\" class=\"yoast-schema-graph\">{\"@context\":\"https:\/\/schema.org\",\"@graph\":[{\"@type\":\"WebPage\",\"@id\":\"https:\/\/beauteafulcat.com\/es\/legal-warning\/\",\"url\":\"https:\/\/beauteafulcat.com\/es\/legal-warning\/\",\"name\":\"[:es]Aviso Legal[:en]Legal Warning[:fr]Avertissement l\u00e9gal[:] - Beauteafulcat\",\"isPartOf\":{\"@id\":\"https:\/\/beauteafulcat.com\/es\/#website\"},\"datePublished\":\"2021-05-20T16:30:40+00:00\",\"dateModified\":\"2021-07-08T10:01:48+00:00\",\"breadcrumb\":{\"@id\":\"https:\/\/beauteafulcat.com\/es\/legal-warning\/#breadcrumb\"},\"inLanguage\":\"fr-FR\",\"potentialAction\":[{\"@type\":\"ReadAction\",\"target\":[\"https:\/\/beauteafulcat.com\/es\/legal-warning\/\"]}]},{\"@type\":\"BreadcrumbList\",\"@id\":\"https:\/\/beauteafulcat.com\/es\/legal-warning\/#breadcrumb\",\"itemListElement\":[{\"@type\":\"ListItem\",\"position\":1,\"name\":\"Home\",\"item\":\"https:\/\/beauteafulcat.com\/\"},{\"@type\":\"ListItem\",\"position\":2,\"name\":\"Aviso Legal\"}]},{\"@type\":\"WebSite\",\"@id\":\"https:\/\/beauteafulcat.com\/es\/#website\",\"url\":\"https:\/\/beauteafulcat.com\/es\/\",\"name\":\"Beauteafulcat\",\"description\":\"Concept store\",\"potentialAction\":[{\"@type\":\"SearchAction\",\"target\":{\"@type\":\"EntryPoint\",\"urlTemplate\":\"https:\/\/beauteafulcat.com\/es\/?s={search_term_string}\"},\"query-input\":\"required name=search_term_string\"}],\"inLanguage\":\"fr-FR\"}]}<\/script>\n<!-- \/ Yoast SEO plugin. -->","yoast_head_json":{"title":"Avertissement l\u00e9gal - Beauteafulcat","robots":{"index":"index","follow":"follow","max-snippet":"max-snippet:-1","max-image-preview":"max-image-preview:large","max-video-preview":"max-video-preview:-1"},"canonical":"https:\/\/beauteafulcat.com\/es\/legal-warning\/","og_locale":"fr_FR","og_type":"article","og_title":"Avertissement l\u00e9gal - Beauteafulcat","og_description":"AVISO LEGAL IDENTIFICACI\u00d3N BEAUTEAFULCAT\u00ae es una marca registrada propiedad de PALMAS SUNRISE, S.L., que identifica a su web de compra on-line. \u00a0 BEAUTEAFULCAT\u00ae ofrece diferentes art\u00edculos tales como: lencer\u00eda, art\u00edculos de menaje y hogar, alimentos, etc. a trav\u00e9s de su web de compra a distancia A trav\u00e9s de la web se pueden consultar todas las &hellip;","og_url":"https:\/\/beauteafulcat.com\/es\/legal-warning\/","og_site_name":"Beauteafulcat","article_modified_time":"2021-07-08T10:01:48+00:00","twitter_card":"summary_large_image","twitter_misc":{"Dur\u00e9e de lecture estim\u00e9e":"5 minutes"},"schema":{"@context":"https:\/\/schema.org","@graph":[{"@type":"WebPage","@id":"https:\/\/beauteafulcat.com\/es\/legal-warning\/","url":"https:\/\/beauteafulcat.com\/es\/legal-warning\/","name":"[:es]Aviso Legal[:en]Legal Warning[:fr]Avertissement l\u00e9gal[:] - Beauteafulcat","isPartOf":{"@id":"https:\/\/beauteafulcat.com\/es\/#website"},"datePublished":"2021-05-20T16:30:40+00:00","dateModified":"2021-07-08T10:01:48+00:00","breadcrumb":{"@id":"https:\/\/beauteafulcat.com\/es\/legal-warning\/#breadcrumb"},"inLanguage":"fr-FR","potentialAction":[{"@type":"ReadAction","target":["https:\/\/beauteafulcat.com\/es\/legal-warning\/"]}]},{"@type":"BreadcrumbList","@id":"https:\/\/beauteafulcat.com\/es\/legal-warning\/#breadcrumb","itemListElement":[{"@type":"ListItem","position":1,"name":"Home","item":"https:\/\/beauteafulcat.com\/"},{"@type":"ListItem","position":2,"name":"Aviso Legal"}]},{"@type":"WebSite","@id":"https:\/\/beauteafulcat.com\/es\/#website","url":"https:\/\/beauteafulcat.com\/es\/","name":"Beauteafulcat","description":"Concept store","potentialAction":[{"@type":"SearchAction","target":{"@type":"EntryPoint","urlTemplate":"https:\/\/beauteafulcat.com\/es\/?s={search_term_string}"},"query-input":"required name=search_term_string"}],"inLanguage":"fr-FR"}]}},"_links":{"self":[{"href":"https:\/\/beauteafulcat.com\/fr\/wp-json\/wp\/v2\/pages\/3637","targetHints":{"allow":["GET"]}}],"collection":[{"href":"https:\/\/beauteafulcat.com\/fr\/wp-json\/wp\/v2\/pages"}],"about":[{"href":"https:\/\/beauteafulcat.com\/fr\/wp-json\/wp\/v2\/types\/page"}],"author":[{"embeddable":true,"href":"https:\/\/beauteafulcat.com\/fr\/wp-json\/wp\/v2\/users\/4"}],"replies":[{"embeddable":true,"href":"https:\/\/beauteafulcat.com\/fr\/wp-json\/wp\/v2\/comments?post=3637"}],"version-history":[{"count":5,"href":"https:\/\/beauteafulcat.com\/fr\/wp-json\/wp\/v2\/pages\/3637\/revisions"}],"predecessor-version":[{"id":5477,"href":"https:\/\/beauteafulcat.com\/fr\/wp-json\/wp\/v2\/pages\/3637\/revisions\/5477"}],"wp:attachment":[{"href":"https:\/\/beauteafulcat.com\/fr\/wp-json\/wp\/v2\/media?parent=3637"}],"curies":[{"name":"wp","href":"https:\/\/api.w.org\/{rel}","templated":true}]}}