{"id":3624,"date":"2021-05-19T12:14:08","date_gmt":"2021-05-19T12:14:08","guid":{"rendered":"https:\/\/beauteafulcat.com\/?page_id=3624"},"modified":"2021-05-27T17:38:41","modified_gmt":"2021-05-27T17:38:41","slug":"product-care","status":"publish","type":"page","link":"https:\/\/beauteafulcat.com\/fr\/product-care\/","title":{"rendered":"Entretien du produit"},"content":{"rendered":"<p><\/p>\n<h1 style = \"text-align: center;\"> Entretien du produit <\/h1>\n<hr>\n<h5> GUIDE D&rsquo;ENTRETIEN <\/h5>\n<p>Une lingerie douce peut \u00eatre facilement endommag\u00e9e par un entretien inappropri\u00e9: lavage, s\u00e9chage ou repassage. Nous vous recommandons vivement de suivre les r\u00e8gles de soins.<\/p>\n<hr>\n<h5> GUIDE DE LAVAGE POUR LINGERIE EN SOIE <\/h5>\n<p>Le lavage \u00e0 domicile peut endommager, r\u00e9tr\u00e9cir ou d\u00e9colorer le tissu si les conditions de temp\u00e9rature autoris\u00e9es ne sont pas respect\u00e9es. C\u2019est pourquoi la meilleure d\u00e9cision au cas o\u00f9 la lingerie en soie serait contamin\u00e9e sera d\u2019utiliser le nettoyage \u00e0 sec. Les fibres de soie tol\u00e8rent tr\u00e8s bien le traitement chimique.<\/p>\n<p>Si vous d\u00e9cidez tout de m\u00eame de laver la lingerie en soie \u00e0 la maison, la meilleure solution est d&rsquo;acheter des poudres ou des shampooings liquides sp\u00e9cialis\u00e9s dans le lavage de la soie. Habituellement, ces d\u00e9tergents ont un signe \u00abSoie\u00bb sur eux. La lingerie doit \u00eatre lav\u00e9e \u00e0 la main dans de l&rsquo;eau froide \u00e0 environ 30 degr\u00e9s. Aucune des machines \u00e0 laver n&rsquo;est con\u00e7ue pour laver la lingerie en soie.<\/p>\n<hr>\n<h5> LAVAGE \u00c0 LA MAIN DES ENSEMBLES DENTELLE ET TULLE STRETCH <\/h5>\n<p>Pour le lavage \u00e0 la main de la lingerie en dentelle et en tulle stretch, nous vous recommandons d&rsquo;utiliser des poudres ou des shampooings liquides sp\u00e9cialis\u00e9s pour le lavage des tissus fins.Si vous ne trouvez pas la poudre appropri\u00e9e, vous pouvez utiliser un d\u00e9tergent doux non alcalin: par exemple, un shampoing pour b\u00e9b\u00e9. interdit de laver la lingerie douce avec les poudres de lavage habituelles, qui contiennent de l&rsquo;eau de Javel. Leur utilisation peut entra\u00eener un ternissement du mat\u00e9riau et endommager la fibre.<\/p>\n<p>Les ensembles d\u00e9licats doivent \u00eatre lav\u00e9s \u00e0 la main dans de l&rsquo;eau froide \u00e0 environ 30 degr\u00e9s et trempez l&rsquo;ensemble avec un d\u00e9tergent pendant environ 15 \u00e0 20 minutes. Ensuite, rincez-le \u00e0 l&rsquo;eau froide \u00e0 environ 30 degr\u00e9s.Ne frottez pas et ne pressez pas le chiffon pendant le lavage, car cela pourrait endommager les fibres des mat\u00e9riaux.<\/p>\n<hr>\n<h5> S\u00c9CHAGE <\/h5>\n<p>Rouler l&rsquo;ensemble dans une serviette \u00e9ponge s\u00e8che pour extraire l&rsquo;eau. Ensuite, placez-le sur une surface horizontale \u00e0 l&rsquo;abri de la lumi\u00e8re du soleil, des radiateurs et de la lumi\u00e8re fluorescente. Ne s\u00e9chez pas trop l&rsquo;appareil, il doit \u00eatre l\u00e9g\u00e8rement humide avant le repassage.<\/p>\n<hr>\n<h5> REPASSAGE <\/h5>\n<p>Disposez soigneusement l&rsquo;ensemble sur la planche \u00e0 repasser au dos. Pour les sets de soie, s\u00e9lectionnez le mode de repassage \u00abSoie\u00bb. Il n&rsquo;est pas recommand\u00e9 de vaporiser de l&rsquo;eau sur la soie car elle peut laisser des taches.Pour les ensembles dentelle et tulle stretch, s\u00e9lectionnez la temp\u00e9rature la plus basse sur le fer. Mettez le presse-tissu et repassez dessus.<\/p>\n<hr>\n<p style = \"text-align: center\"> <a class=\"nm_btn nm_btn_lg button\" href=\"\/shop\"> Boutique <\/a> <\/p>\n<p><\/p>","protected":false},"excerpt":{"rendered":"<p>Entretien du produit GUIDE D&rsquo;ENTRETIEN Une lingerie douce peut \u00eatre facilement endommag\u00e9e par un entretien inappropri\u00e9: lavage, s\u00e9chage ou repassage. Nous vous recommandons vivement de suivre les r\u00e8gles de soins. GUIDE DE LAVAGE POUR LINGERIE EN SOIE Le lavage \u00e0 domicile peut endommager, r\u00e9tr\u00e9cir ou d\u00e9colorer le tissu si les conditions de temp\u00e9rature autoris\u00e9es ne &hellip;<\/p>\n","protected":false},"author":4,"featured_media":0,"parent":0,"menu_order":0,"comment_status":"closed","ping_status":"closed","template":"templates\/page-text.php","meta":{"inline_featured_image":false,"footnotes":""},"class_list":["post-3624","page","type-page","status-publish","hentry"],"yoast_head":"<!-- This site is optimized with the Yoast SEO plugin v22.1 - https:\/\/yoast.com\/wordpress\/plugins\/seo\/ -->\n<title>Entretien du produit - Beauteafulcat<\/title>\n<meta name=\"robots\" content=\"index, follow, max-snippet:-1, max-image-preview:large, max-video-preview:-1\" \/>\n<link rel=\"canonical\" href=\"https:\/\/beauteafulcat.com\/en\/product-care\/\" \/>\n<meta property=\"og:locale\" content=\"fr_FR\" \/>\n<meta property=\"og:type\" content=\"article\" \/>\n<meta property=\"og:title\" content=\"Entretien du produit - Beauteafulcat\" \/>\n<meta property=\"og:description\" content=\"Entretien du produit GUIDE D&rsquo;ENTRETIEN Une lingerie douce peut \u00eatre facilement endommag\u00e9e par un entretien inappropri\u00e9: lavage, s\u00e9chage ou repassage. Nous vous recommandons vivement de suivre les r\u00e8gles de soins. GUIDE DE LAVAGE POUR LINGERIE EN SOIE Le lavage \u00e0 domicile peut endommager, r\u00e9tr\u00e9cir ou d\u00e9colorer le tissu si les conditions de temp\u00e9rature autoris\u00e9es ne &hellip;\" \/>\n<meta property=\"og:url\" content=\"https:\/\/beauteafulcat.com\/en\/product-care\/\" \/>\n<meta property=\"og:site_name\" content=\"Beauteafulcat\" \/>\n<meta property=\"article:modified_time\" content=\"2021-05-27T17:38:41+00:00\" \/>\n<meta name=\"twitter:card\" content=\"summary_large_image\" \/>\n<meta name=\"twitter:label1\" content=\"Dur\u00e9e de lecture estim\u00e9e\" \/>\n\t<meta name=\"twitter:data1\" content=\"2 minutes\" \/>\n<script type=\"application\/ld+json\" class=\"yoast-schema-graph\">{\"@context\":\"https:\/\/schema.org\",\"@graph\":[{\"@type\":\"WebPage\",\"@id\":\"https:\/\/beauteafulcat.com\/en\/product-care\/\",\"url\":\"https:\/\/beauteafulcat.com\/en\/product-care\/\",\"name\":\"[:es]Cuidado de las prendas[:en]Product care[:fr]Entretien du produit[:] - Beauteafulcat\",\"isPartOf\":{\"@id\":\"https:\/\/beauteafulcat.com\/es\/#website\"},\"datePublished\":\"2021-05-19T12:14:08+00:00\",\"dateModified\":\"2021-05-27T17:38:41+00:00\",\"breadcrumb\":{\"@id\":\"https:\/\/beauteafulcat.com\/en\/product-care\/#breadcrumb\"},\"inLanguage\":\"fr-FR\",\"potentialAction\":[{\"@type\":\"ReadAction\",\"target\":[\"https:\/\/beauteafulcat.com\/en\/product-care\/\"]}]},{\"@type\":\"BreadcrumbList\",\"@id\":\"https:\/\/beauteafulcat.com\/en\/product-care\/#breadcrumb\",\"itemListElement\":[{\"@type\":\"ListItem\",\"position\":1,\"name\":\"Home\",\"item\":\"https:\/\/beauteafulcat.com\/\"},{\"@type\":\"ListItem\",\"position\":2,\"name\":\"Product care\"}]},{\"@type\":\"WebSite\",\"@id\":\"https:\/\/beauteafulcat.com\/es\/#website\",\"url\":\"https:\/\/beauteafulcat.com\/es\/\",\"name\":\"Beauteafulcat\",\"description\":\"Concept store\",\"potentialAction\":[{\"@type\":\"SearchAction\",\"target\":{\"@type\":\"EntryPoint\",\"urlTemplate\":\"https:\/\/beauteafulcat.com\/es\/?s={search_term_string}\"},\"query-input\":\"required name=search_term_string\"}],\"inLanguage\":\"fr-FR\"}]}<\/script>\n<!-- \/ Yoast SEO plugin. -->","yoast_head_json":{"title":"Entretien du produit - Beauteafulcat","robots":{"index":"index","follow":"follow","max-snippet":"max-snippet:-1","max-image-preview":"max-image-preview:large","max-video-preview":"max-video-preview:-1"},"canonical":"https:\/\/beauteafulcat.com\/en\/product-care\/","og_locale":"fr_FR","og_type":"article","og_title":"Entretien du produit - Beauteafulcat","og_description":"Entretien du produit GUIDE D&rsquo;ENTRETIEN Une lingerie douce peut \u00eatre facilement endommag\u00e9e par un entretien inappropri\u00e9: lavage, s\u00e9chage ou repassage. Nous vous recommandons vivement de suivre les r\u00e8gles de soins. GUIDE DE LAVAGE POUR LINGERIE EN SOIE Le lavage \u00e0 domicile peut endommager, r\u00e9tr\u00e9cir ou d\u00e9colorer le tissu si les conditions de temp\u00e9rature autoris\u00e9es ne &hellip;","og_url":"https:\/\/beauteafulcat.com\/en\/product-care\/","og_site_name":"Beauteafulcat","article_modified_time":"2021-05-27T17:38:41+00:00","twitter_card":"summary_large_image","twitter_misc":{"Dur\u00e9e de lecture estim\u00e9e":"2 minutes"},"schema":{"@context":"https:\/\/schema.org","@graph":[{"@type":"WebPage","@id":"https:\/\/beauteafulcat.com\/en\/product-care\/","url":"https:\/\/beauteafulcat.com\/en\/product-care\/","name":"[:es]Cuidado de las prendas[:en]Product care[:fr]Entretien du produit[:] - Beauteafulcat","isPartOf":{"@id":"https:\/\/beauteafulcat.com\/es\/#website"},"datePublished":"2021-05-19T12:14:08+00:00","dateModified":"2021-05-27T17:38:41+00:00","breadcrumb":{"@id":"https:\/\/beauteafulcat.com\/en\/product-care\/#breadcrumb"},"inLanguage":"fr-FR","potentialAction":[{"@type":"ReadAction","target":["https:\/\/beauteafulcat.com\/en\/product-care\/"]}]},{"@type":"BreadcrumbList","@id":"https:\/\/beauteafulcat.com\/en\/product-care\/#breadcrumb","itemListElement":[{"@type":"ListItem","position":1,"name":"Home","item":"https:\/\/beauteafulcat.com\/"},{"@type":"ListItem","position":2,"name":"Product care"}]},{"@type":"WebSite","@id":"https:\/\/beauteafulcat.com\/es\/#website","url":"https:\/\/beauteafulcat.com\/es\/","name":"Beauteafulcat","description":"Concept store","potentialAction":[{"@type":"SearchAction","target":{"@type":"EntryPoint","urlTemplate":"https:\/\/beauteafulcat.com\/es\/?s={search_term_string}"},"query-input":"required name=search_term_string"}],"inLanguage":"fr-FR"}]}},"_links":{"self":[{"href":"https:\/\/beauteafulcat.com\/fr\/wp-json\/wp\/v2\/pages\/3624","targetHints":{"allow":["GET"]}}],"collection":[{"href":"https:\/\/beauteafulcat.com\/fr\/wp-json\/wp\/v2\/pages"}],"about":[{"href":"https:\/\/beauteafulcat.com\/fr\/wp-json\/wp\/v2\/types\/page"}],"author":[{"embeddable":true,"href":"https:\/\/beauteafulcat.com\/fr\/wp-json\/wp\/v2\/users\/4"}],"replies":[{"embeddable":true,"href":"https:\/\/beauteafulcat.com\/fr\/wp-json\/wp\/v2\/comments?post=3624"}],"version-history":[{"count":5,"href":"https:\/\/beauteafulcat.com\/fr\/wp-json\/wp\/v2\/pages\/3624\/revisions"}],"predecessor-version":[{"id":3860,"href":"https:\/\/beauteafulcat.com\/fr\/wp-json\/wp\/v2\/pages\/3624\/revisions\/3860"}],"wp:attachment":[{"href":"https:\/\/beauteafulcat.com\/fr\/wp-json\/wp\/v2\/media?parent=3624"}],"curies":[{"name":"wp","href":"https:\/\/api.w.org\/{rel}","templated":true}]}}