{"id":3585,"date":"2021-05-19T07:33:07","date_gmt":"2021-05-19T07:33:07","guid":{"rendered":"https:\/\/beauteafulcat.com\/?page_id=3585"},"modified":"2021-06-30T10:57:00","modified_gmt":"2021-06-30T10:57:00","slug":"shipping-returns","status":"publish","type":"page","link":"https:\/\/beauteafulcat.com\/fr\/shipping-returns\/","title":{"rendered":"EXP\u00c9DITION ET RETOURS"},"content":{"rendered":"<p><\/p>\n<h1 style=\"text-align: center;\">EXP\u00c9DITION ET RETOURS<\/h1>\n<hr \/>\n<h5 style=\"text-transform: uppercase;\">Livraison<\/h5>\n<p>En moyenne, en Espagne, les achats sont livr\u00e9s sous 48 \u00e0 72 heures. Nous ne livrons pas vers les territoires d&rsquo;outre-mer (Canaries, Ceuta et Melilla)<br \/>\nPour le reste de l&rsquo;Europe le d\u00e9lai de livraison est compris entre 3 et 5 jours ouvr\u00e9s apr\u00e8s r\u00e9ception de la confirmation de commande.<\/p>\n<hr \/>\n<h5 style=\"text-transform: uppercase;\">Retours<\/h5>\n<p>Dans tout retour, l&rsquo;article doit \u00eatre dans ses conditions d&rsquo;origine, avec son emballage d&rsquo;origine et avec toutes les \u00e9tiquettes et tickets inclus.<br \/>\nPour des raisons d&rsquo;hygi\u00e8ne et de sant\u00e9, dans le cas de la lingerie et autres articles de sous-v\u00eatements (collants, bas, chaussettes, corsets, bodys, culottes, soutiens-gorge, etc.), ne peuvent \u00eatre ni rembours\u00e9s ni \u00e9chang\u00e9s.<br \/>\nDans le cas o\u00f9 le produit re\u00e7u a \u00e9t\u00e9 endommag\u00e9 pendant le transport ou mal g\u00e9r\u00e9 par BEAUTEAFULCAT\u00ae, n&rsquo;h\u00e9sitez pas \u00e0 contacter BEAUTEAFULCAT\u00ae via le service client.<\/p>\n<hr \/>\n<h5 style=\"text-transform: uppercase;\">REMBOURSEMENT<\/h5>\n<p>Comment proc\u00e9der au retour :<\/p>\n<ol>\n<li>Remplissez le <a href=\"https:\/\/drive.google.com\/file\/d\/1dz5C88gJVyFnp5yE101kVu_PDoblOJlS\/view?usp=sharing\">formulaire<\/a> et envoyez-le \u00e0 hello@beauteafulcat.com. <a href=\"https:\/\/drive.google.com\/file\/d\/1dz5C88gJVyFnp5yE101kVu_PDoblOJlS\/view?usp=sharing\">T\u00e9l\u00e9charger le formulaire<\/a><\/li>\n<li>Veuillez noter que les frais d&rsquo;exp\u00e9dition ou les droits d&rsquo;importation pour un envoi de retour ne sont pas couverts par BEUTEAFULCAT\u00ae. Assurez-vous que tous les produits sont dans un \u00e9tat non port\u00e9, inalt\u00e9r\u00e9 de quelque mani\u00e8re que ce soit, avec toutes les \u00e9tiquettes et autocollants attach\u00e9s, et renvoy\u00e9s dans leur emballage d&rsquo;origine. Si vous ne le faites pas, votre retour ne sera pas accept\u00e9. Nous demandons \u00e9galement que nos retours soient envoy\u00e9s dans l&rsquo;exp\u00e9diteur d&rsquo;origine (il a une double bande d&rsquo;\u00e9tanch\u00e9it\u00e9 auto-adh\u00e9sive \u00e0 cet effet) pour aider \u00e0 r\u00e9duire les d\u00e9chets environnementaux.<\/li>\n<li>Apr\u00e8s avoir examin\u00e9 le produit pour approbation (il doit \u00eatre dans son \u00e9tat d&rsquo;origine et avoir toutes les \u00e9tiquettes et tous les billets), vous recevrez le montant de la m\u00eame mani\u00e8re que vous avez fait votre achat. Vous recevrez \u00e9galement un e-mail de confirmation indiquant que le montant sera cr\u00e9dit\u00e9 sur la carte de paiement de l&rsquo;achat d&rsquo;origine ou sur le compte Pay Pal dans quelques jours. N&rsquo;oubliez pas que le paiement par carte de cr\u00e9dit d\u00e9pend toujours de votre banque.<\/li>\n<\/ol>\n<hr>\n<p>Pour plus d&rsquo;informations vous pouvez nous contacter sur:<\/p>\n<p><strong>BEAUTEAFULCAT\u00ae<\/strong><b><br \/>\n<\/b><strong>Customer Service<\/strong><b><br \/>\n<\/b>Gran de Gracia 140<br \/>\n08012 Barcelona (Spain \/ Spain)<br \/>\nTel .: ++ 34 646 201 945<br \/>\n<a href=\"mailto:hello@beauteafulcat.com\">hello@beauteafulcat.com<\/a><br \/>\n<br \/><a href=\"\/shop\" class=\"nm_btn nm_btn_lg button\">Boutique<\/a><\/p>","protected":false},"excerpt":{"rendered":"<p>EXP\u00c9DITION ET RETOURS Livraison En moyenne, en Espagne, les achats sont livr\u00e9s sous 48 \u00e0 72 heures. Nous ne livrons pas vers les territoires d&rsquo;outre-mer (Canaries, Ceuta et Melilla) Pour le reste de l&rsquo;Europe le d\u00e9lai de livraison est compris entre 3 et 5 jours ouvr\u00e9s apr\u00e8s r\u00e9ception de la confirmation de commande. Retours Dans &hellip;<\/p>\n","protected":false},"author":4,"featured_media":0,"parent":0,"menu_order":0,"comment_status":"closed","ping_status":"closed","template":"templates\/page-text.php","meta":{"inline_featured_image":false,"footnotes":""},"class_list":["post-3585","page","type-page","status-publish","hentry"],"yoast_head":"<!-- This site is optimized with the Yoast SEO plugin v22.1 - https:\/\/yoast.com\/wordpress\/plugins\/seo\/ -->\n<title>EXP\u00c9DITION ET RETOURS - Beauteafulcat<\/title>\n<meta name=\"robots\" content=\"index, follow, max-snippet:-1, max-image-preview:large, max-video-preview:-1\" \/>\n<link rel=\"canonical\" href=\"https:\/\/beauteafulcat.com\/es\/shipping-returns\/\" \/>\n<meta property=\"og:locale\" content=\"fr_FR\" \/>\n<meta property=\"og:type\" content=\"article\" \/>\n<meta property=\"og:title\" content=\"EXP\u00c9DITION ET RETOURS - Beauteafulcat\" \/>\n<meta property=\"og:description\" content=\"EXP\u00c9DITION ET RETOURS Livraison En moyenne, en Espagne, les achats sont livr\u00e9s sous 48 \u00e0 72 heures. Nous ne livrons pas vers les territoires d&rsquo;outre-mer (Canaries, Ceuta et Melilla) Pour le reste de l&rsquo;Europe le d\u00e9lai de livraison est compris entre 3 et 5 jours ouvr\u00e9s apr\u00e8s r\u00e9ception de la confirmation de commande. Retours Dans &hellip;\" \/>\n<meta property=\"og:url\" content=\"https:\/\/beauteafulcat.com\/es\/shipping-returns\/\" \/>\n<meta property=\"og:site_name\" content=\"Beauteafulcat\" \/>\n<meta property=\"article:modified_time\" content=\"2021-06-30T10:57:00+00:00\" \/>\n<meta name=\"twitter:card\" content=\"summary_large_image\" \/>\n<meta name=\"twitter:label1\" content=\"Dur\u00e9e de lecture estim\u00e9e\" \/>\n\t<meta name=\"twitter:data1\" content=\"3 minutes\" \/>\n<script type=\"application\/ld+json\" class=\"yoast-schema-graph\">{\"@context\":\"https:\/\/schema.org\",\"@graph\":[{\"@type\":\"WebPage\",\"@id\":\"https:\/\/beauteafulcat.com\/es\/shipping-returns\/\",\"url\":\"https:\/\/beauteafulcat.com\/es\/shipping-returns\/\",\"name\":\"[:es]Envios y devoluciones[:en]Shipping & Returns[:fr]EXP\u00c9DITION ET RETOURS[:] - Beauteafulcat\",\"isPartOf\":{\"@id\":\"https:\/\/beauteafulcat.com\/es\/#website\"},\"datePublished\":\"2021-05-19T07:33:07+00:00\",\"dateModified\":\"2021-06-30T10:57:00+00:00\",\"breadcrumb\":{\"@id\":\"https:\/\/beauteafulcat.com\/es\/shipping-returns\/#breadcrumb\"},\"inLanguage\":\"fr-FR\",\"potentialAction\":[{\"@type\":\"ReadAction\",\"target\":[\"https:\/\/beauteafulcat.com\/es\/shipping-returns\/\"]}]},{\"@type\":\"BreadcrumbList\",\"@id\":\"https:\/\/beauteafulcat.com\/es\/shipping-returns\/#breadcrumb\",\"itemListElement\":[{\"@type\":\"ListItem\",\"position\":1,\"name\":\"Home\",\"item\":\"https:\/\/beauteafulcat.com\/\"},{\"@type\":\"ListItem\",\"position\":2,\"name\":\"Envios y devoluciones\"}]},{\"@type\":\"WebSite\",\"@id\":\"https:\/\/beauteafulcat.com\/es\/#website\",\"url\":\"https:\/\/beauteafulcat.com\/es\/\",\"name\":\"Beauteafulcat\",\"description\":\"Concept store\",\"potentialAction\":[{\"@type\":\"SearchAction\",\"target\":{\"@type\":\"EntryPoint\",\"urlTemplate\":\"https:\/\/beauteafulcat.com\/es\/?s={search_term_string}\"},\"query-input\":\"required name=search_term_string\"}],\"inLanguage\":\"fr-FR\"}]}<\/script>\n<!-- \/ Yoast SEO plugin. -->","yoast_head_json":{"title":"EXP\u00c9DITION ET RETOURS - Beauteafulcat","robots":{"index":"index","follow":"follow","max-snippet":"max-snippet:-1","max-image-preview":"max-image-preview:large","max-video-preview":"max-video-preview:-1"},"canonical":"https:\/\/beauteafulcat.com\/es\/shipping-returns\/","og_locale":"fr_FR","og_type":"article","og_title":"EXP\u00c9DITION ET RETOURS - Beauteafulcat","og_description":"EXP\u00c9DITION ET RETOURS Livraison En moyenne, en Espagne, les achats sont livr\u00e9s sous 48 \u00e0 72 heures. Nous ne livrons pas vers les territoires d&rsquo;outre-mer (Canaries, Ceuta et Melilla) Pour le reste de l&rsquo;Europe le d\u00e9lai de livraison est compris entre 3 et 5 jours ouvr\u00e9s apr\u00e8s r\u00e9ception de la confirmation de commande. Retours Dans &hellip;","og_url":"https:\/\/beauteafulcat.com\/es\/shipping-returns\/","og_site_name":"Beauteafulcat","article_modified_time":"2021-06-30T10:57:00+00:00","twitter_card":"summary_large_image","twitter_misc":{"Dur\u00e9e de lecture estim\u00e9e":"3 minutes"},"schema":{"@context":"https:\/\/schema.org","@graph":[{"@type":"WebPage","@id":"https:\/\/beauteafulcat.com\/es\/shipping-returns\/","url":"https:\/\/beauteafulcat.com\/es\/shipping-returns\/","name":"[:es]Envios y devoluciones[:en]Shipping & Returns[:fr]EXP\u00c9DITION ET RETOURS[:] - Beauteafulcat","isPartOf":{"@id":"https:\/\/beauteafulcat.com\/es\/#website"},"datePublished":"2021-05-19T07:33:07+00:00","dateModified":"2021-06-30T10:57:00+00:00","breadcrumb":{"@id":"https:\/\/beauteafulcat.com\/es\/shipping-returns\/#breadcrumb"},"inLanguage":"fr-FR","potentialAction":[{"@type":"ReadAction","target":["https:\/\/beauteafulcat.com\/es\/shipping-returns\/"]}]},{"@type":"BreadcrumbList","@id":"https:\/\/beauteafulcat.com\/es\/shipping-returns\/#breadcrumb","itemListElement":[{"@type":"ListItem","position":1,"name":"Home","item":"https:\/\/beauteafulcat.com\/"},{"@type":"ListItem","position":2,"name":"Envios y devoluciones"}]},{"@type":"WebSite","@id":"https:\/\/beauteafulcat.com\/es\/#website","url":"https:\/\/beauteafulcat.com\/es\/","name":"Beauteafulcat","description":"Concept store","potentialAction":[{"@type":"SearchAction","target":{"@type":"EntryPoint","urlTemplate":"https:\/\/beauteafulcat.com\/es\/?s={search_term_string}"},"query-input":"required name=search_term_string"}],"inLanguage":"fr-FR"}]}},"_links":{"self":[{"href":"https:\/\/beauteafulcat.com\/fr\/wp-json\/wp\/v2\/pages\/3585","targetHints":{"allow":["GET"]}}],"collection":[{"href":"https:\/\/beauteafulcat.com\/fr\/wp-json\/wp\/v2\/pages"}],"about":[{"href":"https:\/\/beauteafulcat.com\/fr\/wp-json\/wp\/v2\/types\/page"}],"author":[{"embeddable":true,"href":"https:\/\/beauteafulcat.com\/fr\/wp-json\/wp\/v2\/users\/4"}],"replies":[{"embeddable":true,"href":"https:\/\/beauteafulcat.com\/fr\/wp-json\/wp\/v2\/comments?post=3585"}],"version-history":[{"count":5,"href":"https:\/\/beauteafulcat.com\/fr\/wp-json\/wp\/v2\/pages\/3585\/revisions"}],"predecessor-version":[{"id":5248,"href":"https:\/\/beauteafulcat.com\/fr\/wp-json\/wp\/v2\/pages\/3585\/revisions\/5248"}],"wp:attachment":[{"href":"https:\/\/beauteafulcat.com\/fr\/wp-json\/wp\/v2\/media?parent=3585"}],"curies":[{"name":"wp","href":"https:\/\/api.w.org\/{rel}","templated":true}]}}