{"id":358,"date":"2015-08-12T12:27:19","date_gmt":"2015-08-12T12:27:19","guid":{"rendered":"http:\/\/savoy.nordicmade.com\/?page_id=358"},"modified":"2021-09-08T17:42:52","modified_gmt":"2021-09-08T17:42:52","slug":"about","status":"publish","type":"page","link":"https:\/\/beauteafulcat.com\/fr\/about\/","title":{"rendered":"\u00c0 Propos de"},"content":{"rendered":"<p><\/p>\n<h1>about<\/h1>\n<p><strong>BEAUTEAFULCAT<\/strong> est un <em>concept store<\/em> \u00e0 Barcelone, o\u00f9 l&rsquo;artisanat s&rsquo;allie au style et \u00e0 la sensualit\u00e9.<\/p>\n<p>La fa\u00e7on id\u00e9ale de prendre soin de notre corps, de notre esprit et de notre \u00e2me est de veiller \u00e0 ces moments o\u00f9 il semble que le temps s&rsquo;arr\u00eate, qu&rsquo;il s&rsquo;agisse du temps r\u00e9serv\u00e9 pour se reconnecter avec soi-m\u00eame ou pour le vivre en meilleure compagnie.<\/p>\n<p>Nous sommes n\u00e9s de ce besoin, car nous connaissons la grande importance des petits moments de la vie, ceux qui peuvent transmettre <strong>l&rsquo;ar\u00f4me d&rsquo;une bougie faite \u00e0 la main<\/strong>, le go\u00fbt vif d&rsquo;une boisson aux herbes fumantes, pr\u00e9par\u00e9e dans <strong>une c\u00e9ramique d\u2019auteur<\/strong> d&rsquo;esth\u00e9tique japonaise \u00ab\u00a0wabi-sabi\u00a0\u00bb bas\u00e9e sur \u00ab\u00a0la beaut\u00e9 de l&rsquo;imperfection\u00a0\u00bb et.., et surtout, l&rsquo;importance de c\u00e9l\u00e9brer le plaisir de sa propre essence avec une <strong>lingerie unique<\/strong> fabriqu\u00e9e \u00e0 la main par une \u00e9quipe de femmes enthousiastes par ce qu&rsquo;elles font, celles qui font partie de la marque Zhilyova Lingerie, \u00e0 tel point qu&rsquo;elles se consid\u00e8rent comme une petite famille au sein de la marque.<\/p>\n<p><a><img decoding=\"async\" class=\"aligncenter\" src=\"https:\/\/beauteafulcat.com\/wp-content\/uploads\/2021\/07\/WEB2.jpg\" alt=\"\" \/><\/a><\/p>\n<h1>ACCESSIBLE LUXURY LINGERIE<\/h1>\n<p>Zhilyova Lingerie con\u00e7oit et produit des v\u00eatements uniques, de mani\u00e8re responsable, avec les plus hautes valeurs \u00e9thiques. Sa priorit\u00e9 absolue : le design intemporel, le confort et la haute qualit\u00e9, en tirant parti des qualit\u00e9s extraordinaires de la fine maille stretch tull, exclusive \u00e0 la marque, qui incarne parfaitement sa ligne de base de lingerie, en respectant toujours 3 grands principes, que nous partageons:<\/p>\n<h5>AMOUR SINS\u00c8RE POUR VOUS-M\u00caME<\/h5>\n<p>Il est essentiel, avant d&rsquo;aimer quelqu&rsquo;un, de savoir s&rsquo;aimer soi-m\u00eame, en appr\u00e9ciant sa beaut\u00e9 naturelle, sp\u00e9ciale et unique, sans en cacher ou en exag\u00e9rer les formes &#8211; en mettant en valeur ses propres nuances, de mani\u00e8re \u00e0 dialoguer avec votre corps. Par cons\u00e9quent, vous ne trouverez pas ici de mod\u00e8les \u00ab\u00a0push up\u00a0\u00bb ou de bonnets pr\u00e9form\u00e9s.<\/p>\n<h5><\/h5>\n<h5>LIBERT\u00c9 ET CONFIENCE EN SOI<\/h5>\n<p>L&rsquo;objectif principal de la marque est de faire ressortir la force int\u00e9rieure d&rsquo;une personne et de mettre en valeur son charisme par le biais d&rsquo;une lingerie unique, dont le design s&rsquo;inspire d&rsquo;une communaut\u00e9 de femmes cr\u00e9atives et innovantes du monde entier, qui vont au-del\u00e0 de la tradition et se lib\u00e8rent des conventions et des normes sociales.<\/p>\n<h5>PRODUCION RESPONSABLE ET \u00c9THIQUE<\/h5>\n<p>Tous les articles sont produits par l&rsquo;\u00e9quipe de la marque de mani\u00e8re artisanale, en partageant et en vivant toutes les phases du processus. En raison de la complexit\u00e9 et de l&rsquo;asym\u00e9trie des formes utilis\u00e9es dans les designs, la production ne g\u00e9n\u00e8re pratiquement aucun d\u00e9chet, tirant parti de tous les mat\u00e9riaux.<\/p>\n<p>&nbsp;<\/p>\n<p>Chaque d\u00e9tail, chaque ligne, chaque texture a \u00e9t\u00e9 \u00e9tudi\u00e9 pour adapter les mod\u00e8les de lingerie au style de vie actuel, en r\u00e9v\u00e9lant la sensualit\u00e9 f\u00e9minine de mani\u00e8re naturelle.<\/p>\n<p>Bien qu&rsquo;\u00e0 premi\u00e8re vue, on puisse penser que la lingerie a \u00e9t\u00e9 con\u00e7ue pour les moments sp\u00e9ciaux, elle est \u00e9galement tr\u00e8s confortable pour le plaisir de la vie quotidienne et dynamique d&rsquo;une femme moderne.<\/p>\n<p>La marque Zhilyova Lingerie est ainsi reconnue parmi les noms les plus influents du monde de la mode et appara\u00eet fr\u00e9quemment dans les pages des magazines les plus prestigieux, tels que Vogue, Harper&rsquo;s Bazaar, Elle, Glamour, Cosmopolitan, Playboy.<\/p>\n<p>Nul besoin d&rsquo;attendre un moment particulier du calendrier pour porter la lingerie qui r\u00e9v\u00e8le la meilleure version de vous-m\u00eame&#8230; bien que nous ayons \u00e9galement quelque chose de tr\u00e8s sp\u00e9cial pour les grandes occasions.<\/p>\n<p style=\"text-align: center;\"><a class=\"nm_btn nm_btn_lg button\" href=\"\/shop\">Shop<br \/>\n<\/a><\/p>\n<p><\/p>","protected":false},"excerpt":{"rendered":"<p>about BEAUTEAFULCAT est un concept store \u00e0 Barcelone, o\u00f9 l&rsquo;artisanat s&rsquo;allie au style et \u00e0 la sensualit\u00e9. La fa\u00e7on id\u00e9ale de prendre soin de notre corps, de notre esprit et de notre \u00e2me est de veiller \u00e0 ces moments o\u00f9 il semble que le temps s&rsquo;arr\u00eate, qu&rsquo;il s&rsquo;agisse du temps r\u00e9serv\u00e9 pour se reconnecter avec &hellip;<\/p>\n","protected":false},"author":4,"featured_media":0,"parent":0,"menu_order":0,"comment_status":"closed","ping_status":"closed","template":"templates\/page-text.php","meta":{"inline_featured_image":false,"footnotes":""},"class_list":["post-358","page","type-page","status-publish","hentry"],"yoast_head":"<!-- This site is optimized with the Yoast SEO plugin v22.1 - https:\/\/yoast.com\/wordpress\/plugins\/seo\/ -->\n<title>\u00c0 Propos de - Beauteafulcat<\/title>\n<meta name=\"robots\" content=\"index, follow, max-snippet:-1, max-image-preview:large, max-video-preview:-1\" \/>\n<link rel=\"canonical\" href=\"https:\/\/beauteafulcat.com\/en\/about\/\" \/>\n<meta property=\"og:locale\" content=\"fr_FR\" \/>\n<meta property=\"og:type\" content=\"article\" \/>\n<meta property=\"og:title\" content=\"\u00c0 Propos de - Beauteafulcat\" \/>\n<meta property=\"og:description\" content=\"about BEAUTEAFULCAT est un concept store \u00e0 Barcelone, o\u00f9 l&rsquo;artisanat s&rsquo;allie au style et \u00e0 la sensualit\u00e9. La fa\u00e7on id\u00e9ale de prendre soin de notre corps, de notre esprit et de notre \u00e2me est de veiller \u00e0 ces moments o\u00f9 il semble que le temps s&rsquo;arr\u00eate, qu&rsquo;il s&rsquo;agisse du temps r\u00e9serv\u00e9 pour se reconnecter avec &hellip;\" \/>\n<meta property=\"og:url\" content=\"https:\/\/beauteafulcat.com\/en\/about\/\" \/>\n<meta property=\"og:site_name\" content=\"Beauteafulcat\" \/>\n<meta property=\"article:modified_time\" content=\"2021-09-08T17:42:52+00:00\" \/>\n<meta property=\"og:image\" content=\"https:\/\/beauteafulcat.com\/wp-content\/uploads\/2021\/07\/WEB2.jpg\" \/>\n<meta name=\"twitter:card\" content=\"summary_large_image\" \/>\n<meta name=\"twitter:label1\" content=\"Dur\u00e9e de lecture estim\u00e9e\" \/>\n\t<meta name=\"twitter:data1\" content=\"3 minutes\" \/>\n<script type=\"application\/ld+json\" class=\"yoast-schema-graph\">{\"@context\":\"https:\/\/schema.org\",\"@graph\":[{\"@type\":\"WebPage\",\"@id\":\"https:\/\/beauteafulcat.com\/en\/about\/\",\"url\":\"https:\/\/beauteafulcat.com\/en\/about\/\",\"name\":\"[:es]Sobre nosotros[:en]About[:fr]\u00c0 Propos de[:] - Beauteafulcat\",\"isPartOf\":{\"@id\":\"https:\/\/beauteafulcat.com\/es\/#website\"},\"datePublished\":\"2015-08-12T12:27:19+00:00\",\"dateModified\":\"2021-09-08T17:42:52+00:00\",\"breadcrumb\":{\"@id\":\"https:\/\/beauteafulcat.com\/en\/about\/#breadcrumb\"},\"inLanguage\":\"fr-FR\",\"potentialAction\":[{\"@type\":\"ReadAction\",\"target\":[\"https:\/\/beauteafulcat.com\/en\/about\/\"]}]},{\"@type\":\"BreadcrumbList\",\"@id\":\"https:\/\/beauteafulcat.com\/en\/about\/#breadcrumb\",\"itemListElement\":[{\"@type\":\"ListItem\",\"position\":1,\"name\":\"Home\",\"item\":\"https:\/\/beauteafulcat.com\/\"},{\"@type\":\"ListItem\",\"position\":2,\"name\":\"About\"}]},{\"@type\":\"WebSite\",\"@id\":\"https:\/\/beauteafulcat.com\/es\/#website\",\"url\":\"https:\/\/beauteafulcat.com\/es\/\",\"name\":\"Beauteafulcat\",\"description\":\"Concept store\",\"potentialAction\":[{\"@type\":\"SearchAction\",\"target\":{\"@type\":\"EntryPoint\",\"urlTemplate\":\"https:\/\/beauteafulcat.com\/es\/?s={search_term_string}\"},\"query-input\":\"required name=search_term_string\"}],\"inLanguage\":\"fr-FR\"}]}<\/script>\n<!-- \/ Yoast SEO plugin. -->","yoast_head_json":{"title":"\u00c0 Propos de - Beauteafulcat","robots":{"index":"index","follow":"follow","max-snippet":"max-snippet:-1","max-image-preview":"max-image-preview:large","max-video-preview":"max-video-preview:-1"},"canonical":"https:\/\/beauteafulcat.com\/en\/about\/","og_locale":"fr_FR","og_type":"article","og_title":"\u00c0 Propos de - Beauteafulcat","og_description":"about BEAUTEAFULCAT est un concept store \u00e0 Barcelone, o\u00f9 l&rsquo;artisanat s&rsquo;allie au style et \u00e0 la sensualit\u00e9. La fa\u00e7on id\u00e9ale de prendre soin de notre corps, de notre esprit et de notre \u00e2me est de veiller \u00e0 ces moments o\u00f9 il semble que le temps s&rsquo;arr\u00eate, qu&rsquo;il s&rsquo;agisse du temps r\u00e9serv\u00e9 pour se reconnecter avec &hellip;","og_url":"https:\/\/beauteafulcat.com\/en\/about\/","og_site_name":"Beauteafulcat","article_modified_time":"2021-09-08T17:42:52+00:00","og_image":[{"url":"https:\/\/beauteafulcat.com\/wp-content\/uploads\/2021\/07\/WEB2.jpg"}],"twitter_card":"summary_large_image","twitter_misc":{"Dur\u00e9e de lecture estim\u00e9e":"3 minutes"},"schema":{"@context":"https:\/\/schema.org","@graph":[{"@type":"WebPage","@id":"https:\/\/beauteafulcat.com\/en\/about\/","url":"https:\/\/beauteafulcat.com\/en\/about\/","name":"[:es]Sobre nosotros[:en]About[:fr]\u00c0 Propos de[:] - Beauteafulcat","isPartOf":{"@id":"https:\/\/beauteafulcat.com\/es\/#website"},"datePublished":"2015-08-12T12:27:19+00:00","dateModified":"2021-09-08T17:42:52+00:00","breadcrumb":{"@id":"https:\/\/beauteafulcat.com\/en\/about\/#breadcrumb"},"inLanguage":"fr-FR","potentialAction":[{"@type":"ReadAction","target":["https:\/\/beauteafulcat.com\/en\/about\/"]}]},{"@type":"BreadcrumbList","@id":"https:\/\/beauteafulcat.com\/en\/about\/#breadcrumb","itemListElement":[{"@type":"ListItem","position":1,"name":"Home","item":"https:\/\/beauteafulcat.com\/"},{"@type":"ListItem","position":2,"name":"About"}]},{"@type":"WebSite","@id":"https:\/\/beauteafulcat.com\/es\/#website","url":"https:\/\/beauteafulcat.com\/es\/","name":"Beauteafulcat","description":"Concept store","potentialAction":[{"@type":"SearchAction","target":{"@type":"EntryPoint","urlTemplate":"https:\/\/beauteafulcat.com\/es\/?s={search_term_string}"},"query-input":"required name=search_term_string"}],"inLanguage":"fr-FR"}]}},"_links":{"self":[{"href":"https:\/\/beauteafulcat.com\/fr\/wp-json\/wp\/v2\/pages\/358","targetHints":{"allow":["GET"]}}],"collection":[{"href":"https:\/\/beauteafulcat.com\/fr\/wp-json\/wp\/v2\/pages"}],"about":[{"href":"https:\/\/beauteafulcat.com\/fr\/wp-json\/wp\/v2\/types\/page"}],"author":[{"embeddable":true,"href":"https:\/\/beauteafulcat.com\/fr\/wp-json\/wp\/v2\/users\/4"}],"replies":[{"embeddable":true,"href":"https:\/\/beauteafulcat.com\/fr\/wp-json\/wp\/v2\/comments?post=358"}],"version-history":[{"count":5,"href":"https:\/\/beauteafulcat.com\/fr\/wp-json\/wp\/v2\/pages\/358\/revisions"}],"predecessor-version":[{"id":5753,"href":"https:\/\/beauteafulcat.com\/fr\/wp-json\/wp\/v2\/pages\/358\/revisions\/5753"}],"wp:attachment":[{"href":"https:\/\/beauteafulcat.com\/fr\/wp-json\/wp\/v2\/media?parent=358"}],"curies":[{"name":"wp","href":"https:\/\/api.w.org\/{rel}","templated":true}]}}