{"id":5712,"date":"2021-09-07T21:46:32","date_gmt":"2021-09-07T21:46:32","guid":{"rendered":"https:\/\/beauteafulcat.com\/?post_type=product&#038;p=5712"},"modified":"2022-11-28T18:28:35","modified_gmt":"2022-11-28T18:28:35","slug":"sicilia-yellow-corsage-panties","status":"publish","type":"product","link":"https:\/\/beauteafulcat.com\/es\/product\/sicilia-yellow-corsage-panties\/","title":{"rendered":"Sicilia Yellow Corsage"},"content":{"rendered":"","protected":false},"excerpt":{"rendered":"<p>Braguita de talle alto confeccionada con encaje semi-transparente por delante y tul el\u00e1stico por detr\u00e1s.<br \/>\nComplementada con cinturilla de marca \u201cUnnamed\u201d.<br \/>\nColor: amarillo<br \/>\nComposici\u00f3n:\u00a070% Poli\u00e9ster, 20% Algod\u00f3n, 10% Elastano<br \/>\nForro: 100% Algod\u00f3n<br \/>\nLavar a mano en agua fr\u00eda<\/p>\n","protected":false},"featured_media":7194,"template":"","meta":{"inline_featured_image":false},"product_cat":[55],"product_tag":[],"class_list":{"0":"post-5712","1":"product","2":"type-product","3":"status-publish","4":"has-post-thumbnail","6":"product_cat-panties","8":"first","9":"instock","10":"shipping-taxable","11":"purchasable","12":"product-type-variable"},"yoast_head":"<!-- This site is optimized with the Yoast SEO plugin v22.1 - https:\/\/yoast.com\/wordpress\/plugins\/seo\/ -->\n<title>Sicilia Yellow Corsage - Beauteafulcat<\/title>\n<meta name=\"robots\" content=\"index, follow, max-snippet:-1, max-image-preview:large, max-video-preview:-1\" \/>\n<link rel=\"canonical\" href=\"https:\/\/beauteafulcat.com\/product\/sicilia-yellow-corsage-panties\/\" \/>\n<meta property=\"og:locale\" content=\"es_ES\" \/>\n<meta property=\"og:type\" content=\"article\" \/>\n<meta property=\"og:title\" content=\"Sicilia Yellow Corsage - Beauteafulcat\" \/>\n<meta property=\"og:description\" content=\"Braguita de talle alto confeccionada con encaje semi-transparente por delante y tul el\u00e1stico por detr\u00e1s. Complementada con cinturilla de marca \u201cUnnamed\u201d. Color: amarillo Composici\u00f3n:\u00a070% Poli\u00e9ster, 20% Algod\u00f3n, 10% Elastano Forro: 100% Algod\u00f3n Lavar a mano en agua fr\u00eda\" \/>\n<meta property=\"og:url\" content=\"https:\/\/beauteafulcat.com\/product\/sicilia-yellow-corsage-panties\/\" \/>\n<meta property=\"og:site_name\" content=\"Beauteafulcat\" \/>\n<meta property=\"article:modified_time\" content=\"2022-11-28T18:28:35+00:00\" \/>\n<meta property=\"og:image\" content=\"https:\/\/beauteafulcat.com\/wp-content\/uploads\/2021\/09\/IMG_5971.jpg\" \/>\n\t<meta property=\"og:image:width\" content=\"821\" \/>\n\t<meta property=\"og:image:height\" content=\"821\" \/>\n\t<meta property=\"og:image:type\" content=\"image\/jpeg\" \/>\n<meta name=\"twitter:card\" content=\"summary_large_image\" \/>\n<script type=\"application\/ld+json\" class=\"yoast-schema-graph\">{\"@context\":\"https:\/\/schema.org\",\"@graph\":[{\"@type\":\"WebPage\",\"@id\":\"https:\/\/beauteafulcat.com\/product\/sicilia-yellow-corsage-panties\/\",\"url\":\"https:\/\/beauteafulcat.com\/product\/sicilia-yellow-corsage-panties\/\",\"name\":\"Sicilia Yellow Corsage - Beauteafulcat\",\"isPartOf\":{\"@id\":\"https:\/\/beauteafulcat.com\/es\/#website\"},\"datePublished\":\"2021-09-07T21:46:32+00:00\",\"dateModified\":\"2022-11-28T18:28:35+00:00\",\"breadcrumb\":{\"@id\":\"https:\/\/beauteafulcat.com\/product\/sicilia-yellow-corsage-panties\/#breadcrumb\"},\"inLanguage\":\"es\",\"potentialAction\":[{\"@type\":\"ReadAction\",\"target\":[\"https:\/\/beauteafulcat.com\/product\/sicilia-yellow-corsage-panties\/\"]}]},{\"@type\":\"BreadcrumbList\",\"@id\":\"https:\/\/beauteafulcat.com\/product\/sicilia-yellow-corsage-panties\/#breadcrumb\",\"itemListElement\":[{\"@type\":\"ListItem\",\"position\":1,\"name\":\"Home\",\"item\":\"https:\/\/beauteafulcat.com\/\"},{\"@type\":\"ListItem\",\"position\":2,\"name\":\"Shop\",\"item\":\"https:\/\/beauteafulcat.com\/es\/shop\/\"},{\"@type\":\"ListItem\",\"position\":3,\"name\":\"Sicilia Yellow Corsage\"}]},{\"@type\":\"WebSite\",\"@id\":\"https:\/\/beauteafulcat.com\/es\/#website\",\"url\":\"https:\/\/beauteafulcat.com\/es\/\",\"name\":\"Beauteafulcat\",\"description\":\"Concept store\",\"potentialAction\":[{\"@type\":\"SearchAction\",\"target\":{\"@type\":\"EntryPoint\",\"urlTemplate\":\"https:\/\/beauteafulcat.com\/es\/?s={search_term_string}\"},\"query-input\":\"required name=search_term_string\"}],\"inLanguage\":\"es\"}]}<\/script>\n<!-- \/ Yoast SEO plugin. -->","yoast_head_json":{"title":"Sicilia Yellow Corsage - Beauteafulcat","robots":{"index":"index","follow":"follow","max-snippet":"max-snippet:-1","max-image-preview":"max-image-preview:large","max-video-preview":"max-video-preview:-1"},"canonical":"https:\/\/beauteafulcat.com\/product\/sicilia-yellow-corsage-panties\/","og_locale":"es_ES","og_type":"article","og_title":"Sicilia Yellow Corsage - Beauteafulcat","og_description":"Braguita de talle alto confeccionada con encaje semi-transparente por delante y tul el\u00e1stico por detr\u00e1s. Complementada con cinturilla de marca \u201cUnnamed\u201d. Color: amarillo Composici\u00f3n:\u00a070% Poli\u00e9ster, 20% Algod\u00f3n, 10% Elastano Forro: 100% Algod\u00f3n Lavar a mano en agua fr\u00eda","og_url":"https:\/\/beauteafulcat.com\/product\/sicilia-yellow-corsage-panties\/","og_site_name":"Beauteafulcat","article_modified_time":"2022-11-28T18:28:35+00:00","og_image":[{"width":821,"height":821,"url":"https:\/\/beauteafulcat.com\/wp-content\/uploads\/2021\/09\/IMG_5971.jpg","type":"image\/jpeg"}],"twitter_card":"summary_large_image","schema":{"@context":"https:\/\/schema.org","@graph":[{"@type":"WebPage","@id":"https:\/\/beauteafulcat.com\/product\/sicilia-yellow-corsage-panties\/","url":"https:\/\/beauteafulcat.com\/product\/sicilia-yellow-corsage-panties\/","name":"Sicilia Yellow Corsage - Beauteafulcat","isPartOf":{"@id":"https:\/\/beauteafulcat.com\/es\/#website"},"datePublished":"2021-09-07T21:46:32+00:00","dateModified":"2022-11-28T18:28:35+00:00","breadcrumb":{"@id":"https:\/\/beauteafulcat.com\/product\/sicilia-yellow-corsage-panties\/#breadcrumb"},"inLanguage":"es","potentialAction":[{"@type":"ReadAction","target":["https:\/\/beauteafulcat.com\/product\/sicilia-yellow-corsage-panties\/"]}]},{"@type":"BreadcrumbList","@id":"https:\/\/beauteafulcat.com\/product\/sicilia-yellow-corsage-panties\/#breadcrumb","itemListElement":[{"@type":"ListItem","position":1,"name":"Home","item":"https:\/\/beauteafulcat.com\/"},{"@type":"ListItem","position":2,"name":"Shop","item":"https:\/\/beauteafulcat.com\/es\/shop\/"},{"@type":"ListItem","position":3,"name":"Sicilia Yellow Corsage"}]},{"@type":"WebSite","@id":"https:\/\/beauteafulcat.com\/es\/#website","url":"https:\/\/beauteafulcat.com\/es\/","name":"Beauteafulcat","description":"Concept store","potentialAction":[{"@type":"SearchAction","target":{"@type":"EntryPoint","urlTemplate":"https:\/\/beauteafulcat.com\/es\/?s={search_term_string}"},"query-input":"required name=search_term_string"}],"inLanguage":"es"}]}},"_links":{"self":[{"href":"https:\/\/beauteafulcat.com\/es\/wp-json\/wp\/v2\/product\/5712","targetHints":{"allow":["GET"]}}],"collection":[{"href":"https:\/\/beauteafulcat.com\/es\/wp-json\/wp\/v2\/product"}],"about":[{"href":"https:\/\/beauteafulcat.com\/es\/wp-json\/wp\/v2\/types\/product"}],"wp:featuredmedia":[{"embeddable":true,"href":"https:\/\/beauteafulcat.com\/es\/wp-json\/wp\/v2\/media\/7194"}],"wp:attachment":[{"href":"https:\/\/beauteafulcat.com\/es\/wp-json\/wp\/v2\/media?parent=5712"}],"wp:term":[{"taxonomy":"product_cat","embeddable":true,"href":"https:\/\/beauteafulcat.com\/es\/wp-json\/wp\/v2\/product_cat?post=5712"},{"taxonomy":"product_tag","embeddable":true,"href":"https:\/\/beauteafulcat.com\/es\/wp-json\/wp\/v2\/product_tag?post=5712"}],"curies":[{"name":"wp","href":"https:\/\/api.w.org\/{rel}","templated":true}]}}