{"id":4607,"date":"2021-06-06T23:17:29","date_gmt":"2021-06-06T23:17:29","guid":{"rendered":"https:\/\/beauteafulcat.com\/?post_type=product&#038;p=4607"},"modified":"2022-11-22T13:18:55","modified_gmt":"2022-11-22T13:18:55","slug":"en-stockings-mokko","status":"publish","type":"product","link":"https:\/\/beauteafulcat.com\/es\/product\/en-stockings-mokko\/","title":{"rendered":"Stockings Mokko"},"content":{"rendered":"","protected":false},"excerpt":{"rendered":"<p>Medias de liga con l\u00ednea en la parte de atr\u00e1s, sin silicona.<br \/>\nTalla \u00fanica<br \/>\nColor: moka<br \/>\nMaterial: 80% Poli\u00e9ster, 20% Spandex<\/p>\n","protected":false},"featured_media":7276,"template":"","meta":{"inline_featured_image":false},"product_cat":[58],"product_tag":[],"class_list":{"0":"post-4607","1":"product","2":"type-product","3":"status-publish","4":"has-post-thumbnail","6":"product_cat-stockings","8":"first","9":"instock","10":"shipping-taxable","11":"purchasable","12":"product-type-variable"},"yoast_head":"<!-- This site is optimized with the Yoast SEO plugin v22.1 - https:\/\/yoast.com\/wordpress\/plugins\/seo\/ -->\n<title>Stockings Mokko - Beauteafulcat<\/title>\n<meta name=\"robots\" content=\"index, follow, max-snippet:-1, max-image-preview:large, max-video-preview:-1\" \/>\n<link rel=\"canonical\" href=\"https:\/\/beauteafulcat.com\/product\/en-stockings-mokko\/\" \/>\n<meta property=\"og:locale\" content=\"es_ES\" \/>\n<meta property=\"og:type\" content=\"article\" \/>\n<meta property=\"og:title\" content=\"Stockings Mokko - Beauteafulcat\" \/>\n<meta property=\"og:description\" content=\"Medias de liga con l\u00ednea en la parte de atr\u00e1s, sin silicona. Talla \u00fanica Color: moka Material: 80% Poli\u00e9ster, 20% Spandex\" \/>\n<meta property=\"og:url\" content=\"https:\/\/beauteafulcat.com\/product\/en-stockings-mokko\/\" \/>\n<meta property=\"og:site_name\" content=\"Beauteafulcat\" \/>\n<meta property=\"article:modified_time\" content=\"2022-11-22T13:18:55+00:00\" \/>\n<meta property=\"og:image\" content=\"https:\/\/beauteafulcat.com\/wp-content\/uploads\/2021\/06\/stockingsmokkko-1-1.jpg\" \/>\n\t<meta property=\"og:image:width\" content=\"817\" \/>\n\t<meta property=\"og:image:height\" content=\"817\" \/>\n\t<meta property=\"og:image:type\" content=\"image\/jpeg\" \/>\n<meta name=\"twitter:card\" content=\"summary_large_image\" \/>\n<script type=\"application\/ld+json\" class=\"yoast-schema-graph\">{\"@context\":\"https:\/\/schema.org\",\"@graph\":[{\"@type\":\"WebPage\",\"@id\":\"https:\/\/beauteafulcat.com\/product\/en-stockings-mokko\/\",\"url\":\"https:\/\/beauteafulcat.com\/product\/en-stockings-mokko\/\",\"name\":\"[:es]Stockings Mokko[:en]Stockings Mokko[:fr]Stockings Mokka[:] - Beauteafulcat\",\"isPartOf\":{\"@id\":\"https:\/\/beauteafulcat.com\/es\/#website\"},\"datePublished\":\"2021-06-06T23:17:29+00:00\",\"dateModified\":\"2022-11-22T13:18:55+00:00\",\"breadcrumb\":{\"@id\":\"https:\/\/beauteafulcat.com\/product\/en-stockings-mokko\/#breadcrumb\"},\"inLanguage\":\"es\",\"potentialAction\":[{\"@type\":\"ReadAction\",\"target\":[\"https:\/\/beauteafulcat.com\/product\/en-stockings-mokko\/\"]}]},{\"@type\":\"BreadcrumbList\",\"@id\":\"https:\/\/beauteafulcat.com\/product\/en-stockings-mokko\/#breadcrumb\",\"itemListElement\":[{\"@type\":\"ListItem\",\"position\":1,\"name\":\"Home\",\"item\":\"https:\/\/beauteafulcat.com\/\"},{\"@type\":\"ListItem\",\"position\":2,\"name\":\"Shop\",\"item\":\"https:\/\/beauteafulcat.com\/es\/shop\/\"},{\"@type\":\"ListItem\",\"position\":3,\"name\":\"Stockings Mokko\"}]},{\"@type\":\"WebSite\",\"@id\":\"https:\/\/beauteafulcat.com\/es\/#website\",\"url\":\"https:\/\/beauteafulcat.com\/es\/\",\"name\":\"Beauteafulcat\",\"description\":\"Concept store\",\"potentialAction\":[{\"@type\":\"SearchAction\",\"target\":{\"@type\":\"EntryPoint\",\"urlTemplate\":\"https:\/\/beauteafulcat.com\/es\/?s={search_term_string}\"},\"query-input\":\"required name=search_term_string\"}],\"inLanguage\":\"es\"}]}<\/script>\n<!-- \/ Yoast SEO plugin. -->","yoast_head_json":{"title":"Stockings Mokko - Beauteafulcat","robots":{"index":"index","follow":"follow","max-snippet":"max-snippet:-1","max-image-preview":"max-image-preview:large","max-video-preview":"max-video-preview:-1"},"canonical":"https:\/\/beauteafulcat.com\/product\/en-stockings-mokko\/","og_locale":"es_ES","og_type":"article","og_title":"Stockings Mokko - Beauteafulcat","og_description":"Medias de liga con l\u00ednea en la parte de atr\u00e1s, sin silicona. Talla \u00fanica Color: moka Material: 80% Poli\u00e9ster, 20% Spandex","og_url":"https:\/\/beauteafulcat.com\/product\/en-stockings-mokko\/","og_site_name":"Beauteafulcat","article_modified_time":"2022-11-22T13:18:55+00:00","og_image":[{"width":"817","height":"817","url":"https:\/\/beauteafulcat.com\/wp-content\/uploads\/2021\/06\/stockingsmokkko-1-1.jpg","type":"image\/jpeg"}],"twitter_card":"summary_large_image","schema":{"@context":"https:\/\/schema.org","@graph":[{"@type":"WebPage","@id":"https:\/\/beauteafulcat.com\/product\/en-stockings-mokko\/","url":"https:\/\/beauteafulcat.com\/product\/en-stockings-mokko\/","name":"[:es]Stockings Mokko[:en]Stockings Mokko[:fr]Stockings Mokka[:] - Beauteafulcat","isPartOf":{"@id":"https:\/\/beauteafulcat.com\/es\/#website"},"datePublished":"2021-06-06T23:17:29+00:00","dateModified":"2022-11-22T13:18:55+00:00","breadcrumb":{"@id":"https:\/\/beauteafulcat.com\/product\/en-stockings-mokko\/#breadcrumb"},"inLanguage":"es","potentialAction":[{"@type":"ReadAction","target":["https:\/\/beauteafulcat.com\/product\/en-stockings-mokko\/"]}]},{"@type":"BreadcrumbList","@id":"https:\/\/beauteafulcat.com\/product\/en-stockings-mokko\/#breadcrumb","itemListElement":[{"@type":"ListItem","position":1,"name":"Home","item":"https:\/\/beauteafulcat.com\/"},{"@type":"ListItem","position":2,"name":"Shop","item":"https:\/\/beauteafulcat.com\/es\/shop\/"},{"@type":"ListItem","position":3,"name":"Stockings Mokko"}]},{"@type":"WebSite","@id":"https:\/\/beauteafulcat.com\/es\/#website","url":"https:\/\/beauteafulcat.com\/es\/","name":"Beauteafulcat","description":"Concept store","potentialAction":[{"@type":"SearchAction","target":{"@type":"EntryPoint","urlTemplate":"https:\/\/beauteafulcat.com\/es\/?s={search_term_string}"},"query-input":"required name=search_term_string"}],"inLanguage":"es"}]}},"_links":{"self":[{"href":"https:\/\/beauteafulcat.com\/es\/wp-json\/wp\/v2\/product\/4607","targetHints":{"allow":["GET"]}}],"collection":[{"href":"https:\/\/beauteafulcat.com\/es\/wp-json\/wp\/v2\/product"}],"about":[{"href":"https:\/\/beauteafulcat.com\/es\/wp-json\/wp\/v2\/types\/product"}],"wp:featuredmedia":[{"embeddable":true,"href":"https:\/\/beauteafulcat.com\/es\/wp-json\/wp\/v2\/media\/7276"}],"wp:attachment":[{"href":"https:\/\/beauteafulcat.com\/es\/wp-json\/wp\/v2\/media?parent=4607"}],"wp:term":[{"taxonomy":"product_cat","embeddable":true,"href":"https:\/\/beauteafulcat.com\/es\/wp-json\/wp\/v2\/product_cat?post=4607"},{"taxonomy":"product_tag","embeddable":true,"href":"https:\/\/beauteafulcat.com\/es\/wp-json\/wp\/v2\/product_tag?post=4607"}],"curies":[{"name":"wp","href":"https:\/\/api.w.org\/{rel}","templated":true}]}}