{"id":3680,"date":"2021-05-25T15:42:46","date_gmt":"2021-05-25T15:42:46","guid":{"rendered":"https:\/\/beauteafulcat.com\/?page_id=3680"},"modified":"2021-05-27T16:55:58","modified_gmt":"2021-05-27T16:55:58","slug":"cookies-policy","status":"publish","type":"page","link":"https:\/\/beauteafulcat.com\/es\/cookies-policy\/","title":{"rendered":"POL\u00cdTICA DE COOKIES"},"content":{"rendered":"<h1 style=\"text-align: center;\">POL\u00cdTICA DE COOKIES<\/h1>\n<hr \/>\n<p>Esta Pol\u00edtica de Cookies forma parte de la Pol\u00edtica de Privacidad de BEAUTEAFULCAT\u00ae (marca registrada propiedad de PALMAS SUNRISE, S.L.) y, en concreto, se refiere a la web https:\/\/beauteafulcat.com<\/p>\n<hr \/>\n<h5>DEFINICI\u00d3N Y FUNCI\u00d3N GEN\u00c9RICA DE LAS COOKIES<\/h5>\n<p>Esta web utiliza unos peque\u00f1os ficheros inform\u00e1ticos -llamados cookies- que almacenan informaci\u00f3n referida a su comportamiento de navegaci\u00f3n como usuario a trav\u00e9s de sus p\u00e1ginas, que puede ser recuperada y analizada con posterioridad.<span class=\"Apple-converted-space\">\u00a0<\/span><\/p>\n<p>El acceso y la navegaci\u00f3n por la web o la utilizaci\u00f3n de los servicios de la misma implican la aceptaci\u00f3n del uso que nos ha autorizado a hacer de las cookies y de esta Pol\u00edtica.<\/p>\n<p>Al navegar por https:\/\/beauteafulcat.com<i> <\/i>podr\u00e1n descargarse en su navegador cookies propias o de terceros. Esta pol\u00edtica de privacidad le explica detalladamente qu\u00e9 son las cookies, qu\u00e9 tipo de cookies usa BEAUTEAFULCAT\u00ae<b> <\/b>y le facilitamos el acceso a las p\u00e1ginas de los principales navegadores para saber c\u00f3mo configurar su navegador si quiere evitarlas totalmente o en parte.<\/p>\n<p>Esta tecnolog\u00eda puede servir para finalidades muy diversas, como, por ejemplo, reconocerle como usuario cuando ya ha accedido antes, ofrecerle el idioma de una elecci\u00f3n anterior, obtener informaci\u00f3n sobre sus h\u00e1bitos de navegaci\u00f3n, recordarle los productos que ha reservado en su cesto de la compra y ofertas que ha seleccionado como favoritas o personalizar la forma en que se muestran otros contenidos.<span class=\"Apple-converted-space\">\u00a0<\/span><\/p>\n<p>Los usos concretos que hace esta tecnolog\u00eda se describen a continuaci\u00f3n.<\/p>\n<hr \/>\n<h5>INFORMACI\u00d3N SOBRE EL TIPO DE COOKIES QUE SE UTILIZAN Y SU FINALIDAD<\/h5>\n<p>Con el objeto de garantizar su privacidad y para qu\u00e9 tenga plena capacidad de decisi\u00f3n en relaci\u00f3n al uso de las cookies, le informamos que navegando por la web https:\/\/beauteafulcat.com<i> <\/i>se pueden utilizar los siguientes tipos de cookies:<\/p>\n<p><b>Cookies t\u00e9cnicas:<\/b> son aquellas que permiten al usuario la navegaci\u00f3n a trav\u00e9s de una p\u00e1gina web, plataforma o aplicaci\u00f3n y la utilizaci\u00f3n de las diferentes opciones o servicios que en ella existan, incluyendo aquellas que el editor utiliza para permitir la gesti\u00f3n y operativa de la p\u00e1gina web y habilitar sus funciones y servicios, como, por ejemplo, controlar el tr\u00e1fico y la comunicaci\u00f3n de datos, identificar la sesi\u00f3n, acceder a partes de acceso restringido, recordar los elementos que integran un pedido, realizar el proceso de compra de un pedido, gestionar el pago, realizar la solicitud de inscripci\u00f3n o participaci\u00f3n en un evento, contar visitas, utilizar elementos de seguridad durante la navegaci\u00f3n, almacenar contenidos para la difusi\u00f3n de<span class=\"Apple-converted-space\">\u00a0<\/span>v\u00eddeos o sonido, habilitar contenidos din\u00e1micos (por ejemplo, animaci\u00f3n de carga de un texto o imagen) o compartir contenidos a trav\u00e9s de redes sociales.<\/p>\n<p><b>Cookies de preferencias o personalizaci\u00f3n:<\/b> son aquellas que permiten recordar informaci\u00f3n para que el usuario acceda al servicio con determinadas caracter\u00edsticas que pueden diferenciar su experiencia de la de otros usuarios, como, por ejemplo, el idioma escogido, el n\u00famero de resultados a mostrar cuando el usuario realiza una b\u00fasqueda, el aspecto o contenido del servicio en funci\u00f3n del tipo de navegador o la regi\u00f3n desde los que el usuario accede al servicio, etc.<\/p>\n<p><b>Cookies<\/b> <b>de an\u00e1lisis o medici\u00f3n: <\/b>son aquellas que permiten al responsable de las mismas el seguimiento y an\u00e1lisis del comportamiento de los usuarios de los sitios web a los que est\u00e1n vinculadas, incluida la cuantificaci\u00f3n de los impactos de los anuncios, por ejemplo. La informaci\u00f3n recogida mediante este tipo de cookies se utiliza en la medici\u00f3n de la actividad de un sitio web, aplicaci\u00f3n o plataforma, con el fin de introducir mejoras en funci\u00f3n del an\u00e1lisis de los datos de uso que hacen los usuarios del servicio.<\/p>\n<p><b>Cookies<\/b> <b>de publicidad comportamental: <\/b>son aquellas que almacenan informaci\u00f3n del comportamiento de los usuarios obtenida a trav\u00e9s de la observaci\u00f3n continuada de sus h\u00e1bitos de navegaci\u00f3n, lo que permite desarrollar un perfil espec\u00edfico para mostrar publicidad en funci\u00f3n de ese comportamiento.<\/p>\n<p><b>Cookies de sesi\u00f3n:<\/b> son aquellas dise\u00f1adas para recabar y almacenar datos mientras el usuario accede a una p\u00e1gina web. Se suelen emplear para almacenar informaci\u00f3n que solo interesa conservar para la prestaci\u00f3n del servicio solicitado por el usuario en una sola ocasi\u00f3n (por ejemplo, una lista de productos preseleccionados) y desaparecen al terminar la sesi\u00f3n.<\/p>\n<p><b>Cookies persistentes:<\/b> son aquellas en las que los datos permanecen almacenados en el equipo y navegador y pueden ser accedidos y tratados durante un periodo definido por el responsable de la cookie; que puede ir de unos minutos a varios a\u00f1os.<\/p>\n<p><b>Cookies propias:<\/b> son aquellas que se env\u00edan al equipo terminal del usuario desde un equipo o dominio gestionado por el propio editor de la web y desde el que se presta el servicio solicitado por el usuario.<\/p>\n<p><b>Cookies de terceros:<\/b> son aquellas que se env\u00edan al equipo terminal del usuario desde un equipo o dominio que no es gestionado por el editor, sino por otra entidad que trata los datos obtenidos trav\u00e9s de las cookies.<\/p>\n<p>Todas estas cookies nos ayudan a mejorar el servicio que le ofrecemos. De este modo podemos facilitar que nuestros usuarios encuentren m\u00e1s f\u00e1cilmente la informaci\u00f3n que desean o por la que han mostrado inter\u00e9s.<\/p>\n<hr \/>\n<h5>\u00bfCUALES SON LAS COOKIES QUE SE UTILIZAN EN ESTA WEB?<\/h5>\n<p>A continuaci\u00f3, s\u2019indiquen els tipus de cookies que s\u2019utilitzen a la Web\/App de BEAUTEAFULCAT\u00ae classificats segons la seva finalitat i l\u2019entitat que les gestioni (pr\u00f2pies i de tercers).<\/p>\n<table class=\"cookie-table\">\n<tbody>\n<tr>\n<td><strong><span lang=\"CA\">Finalitat<\/span><\/strong><\/td>\n<td><strong><span lang=\"CA\">Descripci\u00f3<\/span><\/strong><\/td>\n<\/tr>\n<tr>\n<td><span lang=\"CA\">\u00a0Cookies de rendiment<\/span><\/td>\n<td><span lang=\"CA\">S\u00f3n aquelles que ens permeten comptar visites a la Web\/App i fonts de tr\u00e0nsit, quantificar el nombre d\u2019usuaris, i poder aix\u00ed mesurar i fer l\u2019an\u00e0lisi estad\u00edstica de l\u2019\u00fas que en fan els usuaris.<\/span><\/td>\n<\/tr>\n<tr>\n<td><span lang=\"CA\">\u00a0Cookies funcionals<\/span><\/td>\n<td><span lang=\"CA\">S\u00f3n aquelles que et permeten accedir al servei amb unes caracter\u00edstiques predefinides en funci\u00f3 d\u2019una s\u00e8rie de criteris com, per exemple, l\u2019idioma, el tipus de navegador a trav\u00e9s del qual s\u2019accedeix al servei, la configuraci\u00f3 regional des d\u2019on s\u2019accedeix al servei, etc.<\/span><\/td>\n<\/tr>\n<tr>\n<td><span lang=\"CA\">Cookies necess\u00e0ries<\/span><\/td>\n<td><span lang=\"CA\">S\u00f3n aquelles necess\u00e0ries per a la navegaci\u00f3 i el bon funcionament de la nostra Web\/App. Permeten, per exemple, controlar el tr\u00e0nsit i la comunicaci\u00f3 de dades, accedir a parts d\u2019acc\u00e9s restringit, fer el proc\u00e9s de compra d\u2019una comanda, utilitzar elements de seguretat, emmagatzemar continguts per poder difondre v\u00eddeos o compartir continguts a trav\u00e9s de xarxes socials.<\/span><\/td>\n<\/tr>\n<tr>\n<td><span lang=\"CA\">Cookies dirigides<\/span><\/td>\n<td><span lang=\"CA\">S\u00f3n aquelles que emmagatzemen informaci\u00f3 del comportament dels usuaris obtinguda a trav\u00e9s de la seva navegaci\u00f3 per la Web\/App per mostrar-los publicitat relacionada amb el seu perfil de navegaci\u00f3.<\/span><\/td>\n<\/tr>\n<tr>\n<td><span lang=\"CA\">Cookies de xarxes socials<\/span><\/td>\n<td><span lang=\"CA\">S\u00f3n aquelles que estan configurades per una s\u00e8rie de serveis de xarxes socials, que hem agregat al lloc, per permetre compartir el nostre contingut amb els amics i les xarxes.<\/span><\/td>\n<\/tr>\n<\/tbody>\n<\/table>\n<table class=\"cookie-table\">\n<tbody>\n<tr>\n<td><strong><span lang=\"CA\">Gesti\u00f3<\/span><\/strong><\/td>\n<td><\/td>\n<\/tr>\n<tr>\n<td><span lang=\"CA\">Cookies de gesti\u00f3 pr\u00f2pia<\/span><\/td>\n<td><span lang=\"CA\">S\u00f3n aquelles que s\u00f3n creades o gestionades per BEAUTEAFULCAT\u00ae, com a responsable del lloc Web\/App.<\/span><\/td>\n<\/tr>\n<tr>\n<td><span lang=\"CA\">Cookies de tercers<\/span><\/td>\n<td><span lang=\"CA\">S\u00f3n aquelles que s\u00f3n administrades per prestadors de serveis aliens a BEAUTEAFULCAT\u00ae. Es detallen els tercers al panell de <a role='button' tabindex='0' class=\"cli_settings_button\" style=\"margin:0px 10px 0px 5px;\" >Configurar cookies<\/a><\/span><\/td>\n<\/tr>\n<\/tbody>\n<\/table>\n<hr \/>\n<h5>INFORMACI\u00d3N SOBRE LA FORMA DE ACEPTAR, DENEGAR, REVOCAR EL CONSENTIMIENTO O ELIMINAR LAS COOKIES<\/h5>\n<p>Puede aceptar o bloquear las cookies, as\u00ed como borrar sus datos de navegaci\u00f3n desde el navegador que utiliza en su equipo. Consulte las opciones e instrucciones que ofrece su navegador para ello (ver el apartado <i>\u201c\u00bfC\u00d3MO DESACTIVAR LAS COOKIES?\u201d).<\/i> Tenga en cuenta que, si acepta las cookies de terceros y posteriormente desea eliminarlas, deber\u00e1 eliminarlas desde las opciones del navegador (o el sistema habilitado por los terceros para ello).<\/p>\n<hr \/>\n<h5>INFORMACI\u00d3N SOBRE LAS TRANSFERENCIAS DE DATOS A TERCEROS PA\u00cdSES<span class=\"Apple-converted-space\">\u00a0<\/span><\/h5>\n<p>No se prev\u00e9n transferencias internacionales de datos a terceros pa\u00edses.<span class=\"Apple-converted-space\">\u00a0<\/span><\/p>\n<hr \/>\n<h5>INFORMACI\u00d3N SOBRE LA ELABORACI\u00d3N DE PERFILES<span class=\"Apple-converted-space\">\u00a0<\/span><\/h5>\n<p>A partir de las <i>\u201cCookies de an\u00e1lisis o medici\u00f3n\u201d<\/i> y de las <i>\u201cCookies de publicidad comportamental\u201d<\/i> es posible elaborar perfiles con sus datos de comportamiento en la web, pero no se prev\u00e9 que puedan afectarle de forma significativa, m\u00e1s all\u00e1 de mostrarle anuncios de art\u00edculos como los que ya ha adquirido o por los que ha demostrado inter\u00e9s.<span class=\"Apple-converted-space\">\u00a0<\/span><\/p>\n<hr \/>\n<h5>PERIODO DE CONSERVACI\u00d3N<\/h5>\n<p>El plazo durante el cual se conservar\u00e1n las cookies puede consultarse en la columna DURACI\u00d3N del apartado <i>\u00bfCUALES SON LAS COOKIES QUE SE UTILIZAN EN ESTA WEB?<\/i><\/p>\n<hr \/>\n<h5>OTRA INFORMACI\u00d3N ADICIONAL DE PRIVACIDAD<\/h5>\n<p>Para conocer m\u00e1s detalles sobre la Pol\u00edtica de Privacidad de <b>BEAUTEAFULCAT\u00ae <\/b>consulte nuestra<b> <\/b><b>\u201c<i>Pol\u00edtica de Privacidad de BEAUTEAFULCAT\u00ae\u201d.<\/i><span class=\"Apple-converted-space\">\u00a0<\/span><\/b><\/p>\n<hr \/>\n<h5>\u00bfC\u00d3MO DESACTIVAR LAS COOKIES DESDE EL NAVEGADOR?<\/h5>\n<p>El usuario que no desee recibir o mantener cookies en su equipo o quiera ser informado de su fijaci\u00f3n para configurar sus preferencias, lo puede hacer desde el navegador.<span class=\"Apple-converted-space\">\u00a0<\/span><\/p>\n<p>Si decide desactivarlas, puede encontrar esta informaci\u00f3n en la p\u00e1gina web oficial de su navegador. A t\u00edtulo informativo, sin ning\u00fan compromiso sobre su actualizaci\u00f3n por parte de BEAUTEAFULCAT\u00ae, le facilitamos los siguientes enlaces:<\/p>\n<ul>\n<li>Para m\u00e1s informaci\u00f3n sobre Internet Explorer pulse<b>\u00a0<\/b><a href=\"http:\/\/windows.microsoft.com\/es-xl\/internet-explorer\/delete-manage-cookies\"><b><i>aqu\u00ed<\/i><\/b><\/a><b><i><span class=\"Apple-converted-space\">\u00a0<\/span><\/i><\/b><\/li>\n<li>Para m\u00e1s informaci\u00f3n sobre Firefox pulse<b>\u00a0<\/b><a href=\"http:\/\/support.mozilla.org\/es\/kb\/cookies-informacion-que-los-sitios-web-guardan-en-?redirectlocale=en-US&amp;redirectslug=Cookies\"><b><i>aqu\u00ed<\/i><\/b><\/a><b><i><span class=\"Apple-converted-space\">\u00a0<\/span><\/i><\/b><\/li>\n<li>Para m\u00e1s informaci\u00f3n sobre Google Chrome pulse<b>\u00a0<\/b><a href=\"http:\/\/support.google.com\/chrome\/bin\/answer.py?hl=es&amp;answer=95647\"><b><i>aqu\u00ed<\/i><\/b><\/a><b><i><span class=\"Apple-converted-space\">\u00a0<\/span><\/i><\/b><\/li>\n<li>Para m\u00e1s informaci\u00f3n sobre Safari pulse\u00a0<a href=\"https:\/\/support.apple.com\/kb\/PH17191\"><b><i>aqu\u00ed<\/i><\/b><\/a><b><i><span class=\"Apple-converted-space\">\u00a0<\/span><\/i><\/b><\/li>\n<li>Para m\u00e1s informaci\u00f3n sobre Safari para IOS\u00a0pulse\u00a0<a href=\"http:\/\/support.apple.com\/kb\/HT1677\"><b><i>aqu\u00ed<\/i><\/b><\/a><b><i><span class=\"Apple-converted-space\">\u00a0<\/span><\/i><\/b><\/li>\n<\/ul>\n<p>En caso de desactivar las cookies, algunas funcionalidades de la web podr\u00edan no responder correctamente, aunque podr\u00e1 utilizar todos sus servicios de libre acceso.<\/p>\n<p>La versi\u00f3n en espa\u00f1ol de este documento es la \u00fanica v\u00e1lida con efectos legales. Cualquier otra versi\u00f3n es una mera traducci\u00f3n, sin m\u00e1s efectos que los de facilitar su comprensi\u00f3n a los hablantes de otro idioma.<\/p>\n<p>Barcelona, abril de 2021<\/p>\n<p>M\u00e1s informaci\u00f3n: https:\/\/beauteafulcat.com\/privacy_policy<\/p>\n","protected":false},"excerpt":{"rendered":"<p>POL\u00cdTICA DE COOKIES Esta Pol\u00edtica de Cookies forma parte de la Pol\u00edtica de Privacidad de BEAUTEAFULCAT\u00ae (marca registrada propiedad de PALMAS SUNRISE, S.L.) y, en concreto, se refiere a la web https:\/\/beauteafulcat.com DEFINICI\u00d3N Y FUNCI\u00d3N GEN\u00c9RICA DE LAS COOKIES Esta web utiliza unos peque\u00f1os ficheros inform\u00e1ticos -llamados cookies- que almacenan informaci\u00f3n referida a su comportamiento &hellip;<\/p>\n","protected":false},"author":4,"featured_media":0,"parent":0,"menu_order":0,"comment_status":"closed","ping_status":"open","template":"templates\/page-text.php","meta":{"inline_featured_image":false,"footnotes":""},"class_list":["post-3680","page","type-page","status-publish","hentry"],"yoast_head":"<!-- This site is optimized with the Yoast SEO plugin v22.1 - https:\/\/yoast.com\/wordpress\/plugins\/seo\/ -->\n<title>POL\u00cdTICA DE COOKIES - Beauteafulcat<\/title>\n<meta name=\"robots\" content=\"index, follow, max-snippet:-1, max-image-preview:large, max-video-preview:-1\" \/>\n<link rel=\"canonical\" href=\"https:\/\/beauteafulcat.com\/fr\/cookies-policy\/\" \/>\n<meta property=\"og:locale\" content=\"es_ES\" \/>\n<meta property=\"og:type\" content=\"article\" \/>\n<meta property=\"og:title\" content=\"POL\u00cdTICA DE COOKIES - Beauteafulcat\" \/>\n<meta property=\"og:description\" content=\"POL\u00cdTICA DE COOKIES Esta Pol\u00edtica de Cookies forma parte de la Pol\u00edtica de Privacidad de BEAUTEAFULCAT\u00ae (marca registrada propiedad de PALMAS SUNRISE, S.L.) y, en concreto, se refiere a la web https:\/\/beauteafulcat.com DEFINICI\u00d3N Y FUNCI\u00d3N GEN\u00c9RICA DE LAS COOKIES Esta web utiliza unos peque\u00f1os ficheros inform\u00e1ticos -llamados cookies- que almacenan informaci\u00f3n referida a su comportamiento &hellip;\" \/>\n<meta property=\"og:url\" content=\"https:\/\/beauteafulcat.com\/fr\/cookies-policy\/\" \/>\n<meta property=\"og:site_name\" content=\"Beauteafulcat\" \/>\n<meta property=\"article:modified_time\" content=\"2021-05-27T16:55:58+00:00\" \/>\n<meta name=\"twitter:card\" content=\"summary_large_image\" \/>\n<meta name=\"twitter:label1\" content=\"Tiempo de lectura\" \/>\n\t<meta name=\"twitter:data1\" content=\"7 minutos\" \/>\n<script type=\"application\/ld+json\" class=\"yoast-schema-graph\">{\"@context\":\"https:\/\/schema.org\",\"@graph\":[{\"@type\":\"WebPage\",\"@id\":\"https:\/\/beauteafulcat.com\/fr\/cookies-policy\/\",\"url\":\"https:\/\/beauteafulcat.com\/fr\/cookies-policy\/\",\"name\":\"[:es]POL\u00cdTICA DE COOKIES[:en]Cookies policy[:fr]Politique de cookies[:] - Beauteafulcat\",\"isPartOf\":{\"@id\":\"https:\/\/beauteafulcat.com\/es\/#website\"},\"datePublished\":\"2021-05-25T15:42:46+00:00\",\"dateModified\":\"2021-05-27T16:55:58+00:00\",\"breadcrumb\":{\"@id\":\"https:\/\/beauteafulcat.com\/fr\/cookies-policy\/#breadcrumb\"},\"inLanguage\":\"es\",\"potentialAction\":[{\"@type\":\"ReadAction\",\"target\":[\"https:\/\/beauteafulcat.com\/fr\/cookies-policy\/\"]}]},{\"@type\":\"BreadcrumbList\",\"@id\":\"https:\/\/beauteafulcat.com\/fr\/cookies-policy\/#breadcrumb\",\"itemListElement\":[{\"@type\":\"ListItem\",\"position\":1,\"name\":\"Home\",\"item\":\"https:\/\/beauteafulcat.com\/\"},{\"@type\":\"ListItem\",\"position\":2,\"name\":\"Politique de cookies\"}]},{\"@type\":\"WebSite\",\"@id\":\"https:\/\/beauteafulcat.com\/es\/#website\",\"url\":\"https:\/\/beauteafulcat.com\/es\/\",\"name\":\"Beauteafulcat\",\"description\":\"Concept store\",\"potentialAction\":[{\"@type\":\"SearchAction\",\"target\":{\"@type\":\"EntryPoint\",\"urlTemplate\":\"https:\/\/beauteafulcat.com\/es\/?s={search_term_string}\"},\"query-input\":\"required name=search_term_string\"}],\"inLanguage\":\"es\"}]}<\/script>\n<!-- \/ Yoast SEO plugin. -->","yoast_head_json":{"title":"POL\u00cdTICA DE COOKIES - Beauteafulcat","robots":{"index":"index","follow":"follow","max-snippet":"max-snippet:-1","max-image-preview":"max-image-preview:large","max-video-preview":"max-video-preview:-1"},"canonical":"https:\/\/beauteafulcat.com\/fr\/cookies-policy\/","og_locale":"es_ES","og_type":"article","og_title":"POL\u00cdTICA DE COOKIES - Beauteafulcat","og_description":"POL\u00cdTICA DE COOKIES Esta Pol\u00edtica de Cookies forma parte de la Pol\u00edtica de Privacidad de BEAUTEAFULCAT\u00ae (marca registrada propiedad de PALMAS SUNRISE, S.L.) y, en concreto, se refiere a la web https:\/\/beauteafulcat.com DEFINICI\u00d3N Y FUNCI\u00d3N GEN\u00c9RICA DE LAS COOKIES Esta web utiliza unos peque\u00f1os ficheros inform\u00e1ticos -llamados cookies- que almacenan informaci\u00f3n referida a su comportamiento &hellip;","og_url":"https:\/\/beauteafulcat.com\/fr\/cookies-policy\/","og_site_name":"Beauteafulcat","article_modified_time":"2021-05-27T16:55:58+00:00","twitter_card":"summary_large_image","twitter_misc":{"Tiempo de lectura":"7 minutos"},"schema":{"@context":"https:\/\/schema.org","@graph":[{"@type":"WebPage","@id":"https:\/\/beauteafulcat.com\/fr\/cookies-policy\/","url":"https:\/\/beauteafulcat.com\/fr\/cookies-policy\/","name":"[:es]POL\u00cdTICA DE COOKIES[:en]Cookies policy[:fr]Politique de cookies[:] - Beauteafulcat","isPartOf":{"@id":"https:\/\/beauteafulcat.com\/es\/#website"},"datePublished":"2021-05-25T15:42:46+00:00","dateModified":"2021-05-27T16:55:58+00:00","breadcrumb":{"@id":"https:\/\/beauteafulcat.com\/fr\/cookies-policy\/#breadcrumb"},"inLanguage":"es","potentialAction":[{"@type":"ReadAction","target":["https:\/\/beauteafulcat.com\/fr\/cookies-policy\/"]}]},{"@type":"BreadcrumbList","@id":"https:\/\/beauteafulcat.com\/fr\/cookies-policy\/#breadcrumb","itemListElement":[{"@type":"ListItem","position":1,"name":"Home","item":"https:\/\/beauteafulcat.com\/"},{"@type":"ListItem","position":2,"name":"Politique de cookies"}]},{"@type":"WebSite","@id":"https:\/\/beauteafulcat.com\/es\/#website","url":"https:\/\/beauteafulcat.com\/es\/","name":"Beauteafulcat","description":"Concept store","potentialAction":[{"@type":"SearchAction","target":{"@type":"EntryPoint","urlTemplate":"https:\/\/beauteafulcat.com\/es\/?s={search_term_string}"},"query-input":"required name=search_term_string"}],"inLanguage":"es"}]}},"_links":{"self":[{"href":"https:\/\/beauteafulcat.com\/es\/wp-json\/wp\/v2\/pages\/3680","targetHints":{"allow":["GET"]}}],"collection":[{"href":"https:\/\/beauteafulcat.com\/es\/wp-json\/wp\/v2\/pages"}],"about":[{"href":"https:\/\/beauteafulcat.com\/es\/wp-json\/wp\/v2\/types\/page"}],"author":[{"embeddable":true,"href":"https:\/\/beauteafulcat.com\/es\/wp-json\/wp\/v2\/users\/4"}],"replies":[{"embeddable":true,"href":"https:\/\/beauteafulcat.com\/es\/wp-json\/wp\/v2\/comments?post=3680"}],"version-history":[{"count":5,"href":"https:\/\/beauteafulcat.com\/es\/wp-json\/wp\/v2\/pages\/3680\/revisions"}],"predecessor-version":[{"id":3843,"href":"https:\/\/beauteafulcat.com\/es\/wp-json\/wp\/v2\/pages\/3680\/revisions\/3843"}],"wp:attachment":[{"href":"https:\/\/beauteafulcat.com\/es\/wp-json\/wp\/v2\/media?parent=3680"}],"curies":[{"name":"wp","href":"https:\/\/api.w.org\/{rel}","templated":true}]}}