{"id":3585,"date":"2021-05-19T07:33:07","date_gmt":"2021-05-19T07:33:07","guid":{"rendered":"https:\/\/beauteafulcat.com\/?page_id=3585"},"modified":"2021-06-30T10:57:00","modified_gmt":"2021-06-30T10:57:00","slug":"shipping-returns","status":"publish","type":"page","link":"https:\/\/beauteafulcat.com\/es\/shipping-returns\/","title":{"rendered":"Envios y devoluciones"},"content":{"rendered":"<p><\/p>\n<h1 style=\"text-align: center;\">Envios y devoluciones<\/h1>\n<hr \/>\n<h5 style=\"text-transform: uppercase;\">Env\u00edo<\/h5>\n<p>De media, en Espa\u00f1a las compras se entregan en un plazo de 48 a 72 horas. No realizamos env\u00edos a territorios de ultramar (Canarias, Ceuta y Melilla).<\/p>\n<p>Para el resto de Europa el plazo de entrega es de entre 3 y 5 d\u00edas h\u00e1biles despu\u00e9s de recibir la confirmaci\u00f3n del pedido.<\/p>\n<hr \/>\n<h5 style=\"text-transform: uppercase;\">Devuelve<\/h5>\n<p>En cualquier devoluci\u00f3n, el art\u00edculo debe estar en sus condiciones originales, con su embalaje original y con todas las etiquetas y tickets incluidos.<br \/>\nPor razones de higiene y salud, en el caso de lencer\u00eda y otros art\u00edculos de ropa interior (leotardos, medias, calcetines, art\u00edculos de cors\u00e9, bodies, bragas, sujetadores, etc.), no se pueden reembolsar ni cambiar.<br \/>\nEn caso de que el producto recibido haya sido da\u00f1ado durante el transporte o mal gestionado por BEAUTEAFULCAT\u00ae, no dude en ponerse en contacto con BEAUTEAFULCAT\u00ae a trav\u00e9s del Servicio de Atenci\u00f3n al Cliente.<\/p>\n<hr \/>\n<h5 style=\"text-transform: uppercase;\">REEMBOLSO<\/h5>\n<p>C\u00f3mo proceder con la devoluci\u00f3n:<\/p>\n<ol>\n<li>Complete el <a href=\"https:\/\/drive.google.com\/file\/d\/1dz5C88gJVyFnp5yE101kVu_PDoblOJlS\/view?usp=sharing\"> formulario <\/a> y env\u00edelo a hello@beauteafulcat.com. <a href=\"https:\/\/drive.google.com\/file\/d\/1dz5C88gJVyFnp5yE101kVu_PDoblOJlS\/view?usp=sharing\"> Descargar formulario <\/a><\/li>\n<li>Tenga en cuenta que BEAUTEAFULCAT\u00ae no cubre el costo de env\u00edo ni los aranceles de importaci\u00f3n para un env\u00edo de devoluci\u00f3n. Aseg\u00farese de que todos los productos est\u00e9n sin usar, sin alteraciones de ninguna manera, con todas las etiquetas y adhesivos adheridos y devueltos en su embalaje original. Si no lo hace, no se aceptar\u00e1 su devoluci\u00f3n. Tambi\u00e9n pedimos que nuestras devoluciones se env\u00eden en el correo postal original (tiene una tira de sellado autoadhesiva doble para este mismo prop\u00f3sito) para ayudar a disminuir el desperdicio ambiental.<\/li>\n<li>Luego de revisar el producto para su aprobaci\u00f3n (debe estar en su estado original y tener todas las etiquetas y boletos) recibir\u00e1s el monto de la misma manera en que hiciste tu<br \/>\ncompra. Tambi\u00e9n recibir\u00e1 un correo electr\u00f3nico de confirmaci\u00f3n indic\u00e1ndole que el importe se abonar\u00e1 en la tarjeta de pago de la compra original o cuenta Pay Pal en unos d\u00edas. Recuerde que el pago con tarjeta de cr\u00e9dito siempre depende de su banco.<\/li>\n<\/ol>\n<hr \/>\n<p>Para m\u00e1s informaci\u00f3n puede contactarnos en:<\/p>\n<p><strong>BEAUTEAFULCAT\u00ae<\/strong><b><br \/>\n<\/b><strong>Customer Service<\/strong><b><br \/>\n<\/b>Gran de Gracia 140<br \/>\n08012 Barcelona (Spain \/ Spain)<br \/>\nTel .: ++ 34 646 201 945<br \/>\n<a href=\"mailto:hello@beauteafulcat.com\">hello@beauteafulcat.com<\/a><br \/>\n<br \/><a href=\"\/shop\" class=\"nm_btn nm_btn_lg button\">Tienda<\/a><\/p>","protected":false},"excerpt":{"rendered":"<p>Envios y devoluciones Env\u00edo De media, en Espa\u00f1a las compras se entregan en un plazo de 48 a 72 horas. No realizamos env\u00edos a territorios de ultramar (Canarias, Ceuta y Melilla). Para el resto de Europa el plazo de entrega es de entre 3 y 5 d\u00edas h\u00e1biles despu\u00e9s de recibir la confirmaci\u00f3n del pedido. &hellip;<\/p>\n","protected":false},"author":4,"featured_media":0,"parent":0,"menu_order":0,"comment_status":"closed","ping_status":"closed","template":"templates\/page-text.php","meta":{"inline_featured_image":false,"footnotes":""},"class_list":["post-3585","page","type-page","status-publish","hentry"],"yoast_head":"<!-- This site is optimized with the Yoast SEO plugin v22.1 - https:\/\/yoast.com\/wordpress\/plugins\/seo\/ -->\n<title>Envios y devoluciones - Beauteafulcat<\/title>\n<meta name=\"robots\" content=\"index, follow, max-snippet:-1, max-image-preview:large, max-video-preview:-1\" \/>\n<link rel=\"canonical\" href=\"https:\/\/beauteafulcat.com\/es\/shipping-returns\/\" \/>\n<meta property=\"og:locale\" content=\"es_ES\" \/>\n<meta property=\"og:type\" content=\"article\" \/>\n<meta property=\"og:title\" content=\"Envios y devoluciones - Beauteafulcat\" \/>\n<meta property=\"og:description\" content=\"Envios y devoluciones Env\u00edo De media, en Espa\u00f1a las compras se entregan en un plazo de 48 a 72 horas. No realizamos env\u00edos a territorios de ultramar (Canarias, Ceuta y Melilla). Para el resto de Europa el plazo de entrega es de entre 3 y 5 d\u00edas h\u00e1biles despu\u00e9s de recibir la confirmaci\u00f3n del pedido. &hellip;\" \/>\n<meta property=\"og:url\" content=\"https:\/\/beauteafulcat.com\/es\/shipping-returns\/\" \/>\n<meta property=\"og:site_name\" content=\"Beauteafulcat\" \/>\n<meta property=\"article:modified_time\" content=\"2021-06-30T10:57:00+00:00\" \/>\n<meta name=\"twitter:card\" content=\"summary_large_image\" \/>\n<meta name=\"twitter:label1\" content=\"Tiempo de lectura\" \/>\n\t<meta name=\"twitter:data1\" content=\"3 minutos\" \/>\n<script type=\"application\/ld+json\" class=\"yoast-schema-graph\">{\"@context\":\"https:\/\/schema.org\",\"@graph\":[{\"@type\":\"WebPage\",\"@id\":\"https:\/\/beauteafulcat.com\/es\/shipping-returns\/\",\"url\":\"https:\/\/beauteafulcat.com\/es\/shipping-returns\/\",\"name\":\"[:es]Envios y devoluciones[:en]Shipping & Returns[:fr]EXP\u00c9DITION ET RETOURS[:] - Beauteafulcat\",\"isPartOf\":{\"@id\":\"https:\/\/beauteafulcat.com\/es\/#website\"},\"datePublished\":\"2021-05-19T07:33:07+00:00\",\"dateModified\":\"2021-06-30T10:57:00+00:00\",\"breadcrumb\":{\"@id\":\"https:\/\/beauteafulcat.com\/es\/shipping-returns\/#breadcrumb\"},\"inLanguage\":\"es\",\"potentialAction\":[{\"@type\":\"ReadAction\",\"target\":[\"https:\/\/beauteafulcat.com\/es\/shipping-returns\/\"]}]},{\"@type\":\"BreadcrumbList\",\"@id\":\"https:\/\/beauteafulcat.com\/es\/shipping-returns\/#breadcrumb\",\"itemListElement\":[{\"@type\":\"ListItem\",\"position\":1,\"name\":\"Home\",\"item\":\"https:\/\/beauteafulcat.com\/\"},{\"@type\":\"ListItem\",\"position\":2,\"name\":\"Envios y devoluciones\"}]},{\"@type\":\"WebSite\",\"@id\":\"https:\/\/beauteafulcat.com\/es\/#website\",\"url\":\"https:\/\/beauteafulcat.com\/es\/\",\"name\":\"Beauteafulcat\",\"description\":\"Concept store\",\"potentialAction\":[{\"@type\":\"SearchAction\",\"target\":{\"@type\":\"EntryPoint\",\"urlTemplate\":\"https:\/\/beauteafulcat.com\/es\/?s={search_term_string}\"},\"query-input\":\"required name=search_term_string\"}],\"inLanguage\":\"es\"}]}<\/script>\n<!-- \/ Yoast SEO plugin. -->","yoast_head_json":{"title":"Envios y devoluciones - Beauteafulcat","robots":{"index":"index","follow":"follow","max-snippet":"max-snippet:-1","max-image-preview":"max-image-preview:large","max-video-preview":"max-video-preview:-1"},"canonical":"https:\/\/beauteafulcat.com\/es\/shipping-returns\/","og_locale":"es_ES","og_type":"article","og_title":"Envios y devoluciones - Beauteafulcat","og_description":"Envios y devoluciones Env\u00edo De media, en Espa\u00f1a las compras se entregan en un plazo de 48 a 72 horas. No realizamos env\u00edos a territorios de ultramar (Canarias, Ceuta y Melilla). Para el resto de Europa el plazo de entrega es de entre 3 y 5 d\u00edas h\u00e1biles despu\u00e9s de recibir la confirmaci\u00f3n del pedido. &hellip;","og_url":"https:\/\/beauteafulcat.com\/es\/shipping-returns\/","og_site_name":"Beauteafulcat","article_modified_time":"2021-06-30T10:57:00+00:00","twitter_card":"summary_large_image","twitter_misc":{"Tiempo de lectura":"3 minutos"},"schema":{"@context":"https:\/\/schema.org","@graph":[{"@type":"WebPage","@id":"https:\/\/beauteafulcat.com\/es\/shipping-returns\/","url":"https:\/\/beauteafulcat.com\/es\/shipping-returns\/","name":"[:es]Envios y devoluciones[:en]Shipping & Returns[:fr]EXP\u00c9DITION ET RETOURS[:] - Beauteafulcat","isPartOf":{"@id":"https:\/\/beauteafulcat.com\/es\/#website"},"datePublished":"2021-05-19T07:33:07+00:00","dateModified":"2021-06-30T10:57:00+00:00","breadcrumb":{"@id":"https:\/\/beauteafulcat.com\/es\/shipping-returns\/#breadcrumb"},"inLanguage":"es","potentialAction":[{"@type":"ReadAction","target":["https:\/\/beauteafulcat.com\/es\/shipping-returns\/"]}]},{"@type":"BreadcrumbList","@id":"https:\/\/beauteafulcat.com\/es\/shipping-returns\/#breadcrumb","itemListElement":[{"@type":"ListItem","position":1,"name":"Home","item":"https:\/\/beauteafulcat.com\/"},{"@type":"ListItem","position":2,"name":"Envios y devoluciones"}]},{"@type":"WebSite","@id":"https:\/\/beauteafulcat.com\/es\/#website","url":"https:\/\/beauteafulcat.com\/es\/","name":"Beauteafulcat","description":"Concept store","potentialAction":[{"@type":"SearchAction","target":{"@type":"EntryPoint","urlTemplate":"https:\/\/beauteafulcat.com\/es\/?s={search_term_string}"},"query-input":"required name=search_term_string"}],"inLanguage":"es"}]}},"_links":{"self":[{"href":"https:\/\/beauteafulcat.com\/es\/wp-json\/wp\/v2\/pages\/3585","targetHints":{"allow":["GET"]}}],"collection":[{"href":"https:\/\/beauteafulcat.com\/es\/wp-json\/wp\/v2\/pages"}],"about":[{"href":"https:\/\/beauteafulcat.com\/es\/wp-json\/wp\/v2\/types\/page"}],"author":[{"embeddable":true,"href":"https:\/\/beauteafulcat.com\/es\/wp-json\/wp\/v2\/users\/4"}],"replies":[{"embeddable":true,"href":"https:\/\/beauteafulcat.com\/es\/wp-json\/wp\/v2\/comments?post=3585"}],"version-history":[{"count":5,"href":"https:\/\/beauteafulcat.com\/es\/wp-json\/wp\/v2\/pages\/3585\/revisions"}],"predecessor-version":[{"id":5248,"href":"https:\/\/beauteafulcat.com\/es\/wp-json\/wp\/v2\/pages\/3585\/revisions\/5248"}],"wp:attachment":[{"href":"https:\/\/beauteafulcat.com\/es\/wp-json\/wp\/v2\/media?parent=3585"}],"curies":[{"name":"wp","href":"https:\/\/api.w.org\/{rel}","templated":true}]}}