{"id":358,"date":"2015-08-12T12:27:19","date_gmt":"2015-08-12T12:27:19","guid":{"rendered":"http:\/\/savoy.nordicmade.com\/?page_id=358"},"modified":"2021-09-08T17:42:52","modified_gmt":"2021-09-08T17:42:52","slug":"about","status":"publish","type":"page","link":"https:\/\/beauteafulcat.com\/es\/about\/","title":{"rendered":"Sobre nosotros"},"content":{"rendered":"<p><\/p>\n<h1>about<\/h1>\n<p><strong>BEAUTEAFULCAT<\/strong> es un <em>concept store<\/em> de Barcelona, donde la artesan\u00eda se une con el estilo y la sensualidad.<\/p>\n<p>La forma ideal de cuidar nuestro cuerpo, mente y esp\u00edritu es mimando al detalle esos momentos en los que parece que el tiempo se detiene, ya sea tiempo reservado para reconectar con una misma o vivirlo en la mejor compa\u00f1\u00eda.<\/p>\n<p>Hemos nacido fruto de esa necesidad, porque sabemos la gran importancia que tienen los peque\u00f1os momentos de la vida, aquellos que puede transmitir <strong>el aroma de una vela artesanal<\/strong>, un vivo sabor de una humeante bebida herbal, preparada en <strong>una cer\u00e1mica de autor<\/strong> de est\u00e9tica japonesa <em>\u201cwabi-sabi\u201d<\/em> basada en \u201cla belleza de la imperfecci\u00f3n\u201d y, sobre todo, la importancia de celebrar el deleite la propia esencia con una <strong>lencer\u00eda \u00fanica<\/strong> confeccionada de manera artesana por un equipo de mujeres entusiasmadas con lo que hacen, las que forman parte de la marca Zhilyova Lingerie, hasta tal punto que se consideran una peque\u00f1a familia dentro de la marca.<\/p>\n<p><a><img decoding=\"async\" class=\"aligncenter\" src=\"https:\/\/beauteafulcat.com\/wp-content\/uploads\/2021\/07\/WEB2.jpg\" alt=\"\" \/><\/a><\/p>\n<h1>LA LENCER\u00cdA DE LUJO ACCESIBLE<\/h1>\n<p>Zhilyova Lingerie dise\u00f1a y produce prendas \u00fanicas, de forma responsable, con los m\u00e1s elevados valores \u00e9ticos. Su m\u00e1xima prioridad: un dise\u00f1o atemporal, la comodidad y la alta calidad, aprovechando las extraordinarias cualidades de la fina malla <i>stretch tull<\/i>, exclusiva de la marca, que materializa perfectamente su l\u00ednea b\u00e1sica de lencer\u00eda, <span lang=\"ES\">espetando siempre 3 grandes principios, que compartimos:<\/span><\/p>\n<h5>AMOR SINCERO CONTIGO MISMA<\/h5>\n<p>Es imprescindible antes de amar a alguien saber amarte a ti misma,<br \/>\ndisfrutando la belleza natural, especial y \u00fanica, sin ocultar ni exagerar las formas &#8211; destacar los matices propios, de tal manera dialogando con tu cuerpo. Por lo tanto, no encontrar\u00e1s aqu\u00ed los modelos \u201c<i>push up\u201d<\/i> ni copas preformadas.<\/p>\n<h5>LIBERTAD Y AUTOCONFIANZA<\/h5>\n<p>El objetivo principal de la marca &#8211; a florar la fuerza propia interior y enfatizar el carisma a trav\u00e9s de lencer\u00eda \u00fanica, cuyo dise\u00f1o est\u00e1 inspirado por una comunidad de mujeres creativas e innovadoras de todo el mundo, que van m\u00e1s all\u00e1 de lo tradicional, que abrazan su libertad frente a las convenciones y las normas sociales.<\/p>\n<h5>PRODUCCI\u00d3N RESPONSABLE Y \u00c9TICA<\/h5>\n<p>Todas las prendas las produce el equipo de la marca de forma artesanal, compartiendo y viviendo todas las fases del proceso. Debido a las formas complejas y asim\u00e9tricas, que se impliquen en los dise\u00f1os, la producci\u00f3n casi no genera residuos, aprovechando todo el material.<\/p>\n<p>&nbsp;<\/p>\n<p>Cada detalle, cada l\u00ednea, cada textura ha sido estudiada para adaptar los modelos de la lencer\u00eda al estilo de vida actual, revelando la sensualidad femenina de forma natural.<\/p>\n<p>Aunque a simple vista podr\u00eda parecer que la lencer\u00eda ha sido dise\u00f1ada para momentos especiales, tambi\u00e9n es muy c\u00f3moda para el disfrute en la vida cotidiana y din\u00e1mica de una mujer moderna.<\/p>\n<p>La marca Zhilyova Lingerie ha ganado as\u00ed el reconocimiento entre los nombres m\u00e1s influyentes del mundo de la moda y aparece frecuentemente en las p\u00e1ginas de las m\u00e1s prestigiosas revistas, tales como Vogue, Harper\u2019s Bazaar, Elle, Glamour, Cosmopolitan, Playboy\u2026<\/p>\n<p>No hace falta esperar a un momento se\u00f1alado en el calendario para ponerse la lencer\u00eda que revela la mejor versi\u00f3n de una misma\u2026 aunque para las grandes ocasiones tambi\u00e9n tenemos algo muy especial.<\/p>\n<p style=\"text-align: center;\"><a class=\"nm_btn nm_btn_lg button\" href=\"\/shop\">Shop<br \/>\n<\/a><\/p>\n<p><\/p>","protected":false},"excerpt":{"rendered":"<p>about BEAUTEAFULCAT es un concept store de Barcelona, donde la artesan\u00eda se une con el estilo y la sensualidad. La forma ideal de cuidar nuestro cuerpo, mente y esp\u00edritu es mimando al detalle esos momentos en los que parece que el tiempo se detiene, ya sea tiempo reservado para reconectar con una misma o vivirlo &hellip;<\/p>\n","protected":false},"author":4,"featured_media":0,"parent":0,"menu_order":0,"comment_status":"closed","ping_status":"closed","template":"templates\/page-text.php","meta":{"inline_featured_image":false,"footnotes":""},"class_list":["post-358","page","type-page","status-publish","hentry"],"yoast_head":"<!-- This site is optimized with the Yoast SEO plugin v22.1 - https:\/\/yoast.com\/wordpress\/plugins\/seo\/ -->\n<title>Sobre nosotros - Beauteafulcat<\/title>\n<meta name=\"robots\" content=\"index, follow, max-snippet:-1, max-image-preview:large, max-video-preview:-1\" \/>\n<link rel=\"canonical\" href=\"https:\/\/beauteafulcat.com\/en\/about\/\" \/>\n<meta property=\"og:locale\" content=\"es_ES\" \/>\n<meta property=\"og:type\" content=\"article\" \/>\n<meta property=\"og:title\" content=\"Sobre nosotros - Beauteafulcat\" \/>\n<meta property=\"og:description\" content=\"about BEAUTEAFULCAT es un concept store de Barcelona, donde la artesan\u00eda se une con el estilo y la sensualidad. La forma ideal de cuidar nuestro cuerpo, mente y esp\u00edritu es mimando al detalle esos momentos en los que parece que el tiempo se detiene, ya sea tiempo reservado para reconectar con una misma o vivirlo &hellip;\" \/>\n<meta property=\"og:url\" content=\"https:\/\/beauteafulcat.com\/en\/about\/\" \/>\n<meta property=\"og:site_name\" content=\"Beauteafulcat\" \/>\n<meta property=\"article:modified_time\" content=\"2021-09-08T17:42:52+00:00\" \/>\n<meta property=\"og:image\" content=\"https:\/\/beauteafulcat.com\/wp-content\/uploads\/2021\/07\/WEB2.jpg\" \/>\n<meta name=\"twitter:card\" content=\"summary_large_image\" \/>\n<meta name=\"twitter:label1\" content=\"Tiempo de lectura\" \/>\n\t<meta name=\"twitter:data1\" content=\"3 minutos\" \/>\n<script type=\"application\/ld+json\" class=\"yoast-schema-graph\">{\"@context\":\"https:\/\/schema.org\",\"@graph\":[{\"@type\":\"WebPage\",\"@id\":\"https:\/\/beauteafulcat.com\/en\/about\/\",\"url\":\"https:\/\/beauteafulcat.com\/en\/about\/\",\"name\":\"[:es]Sobre nosotros[:en]About[:fr]\u00c0 Propos de[:] - Beauteafulcat\",\"isPartOf\":{\"@id\":\"https:\/\/beauteafulcat.com\/es\/#website\"},\"datePublished\":\"2015-08-12T12:27:19+00:00\",\"dateModified\":\"2021-09-08T17:42:52+00:00\",\"breadcrumb\":{\"@id\":\"https:\/\/beauteafulcat.com\/en\/about\/#breadcrumb\"},\"inLanguage\":\"es\",\"potentialAction\":[{\"@type\":\"ReadAction\",\"target\":[\"https:\/\/beauteafulcat.com\/en\/about\/\"]}]},{\"@type\":\"BreadcrumbList\",\"@id\":\"https:\/\/beauteafulcat.com\/en\/about\/#breadcrumb\",\"itemListElement\":[{\"@type\":\"ListItem\",\"position\":1,\"name\":\"Home\",\"item\":\"https:\/\/beauteafulcat.com\/\"},{\"@type\":\"ListItem\",\"position\":2,\"name\":\"About\"}]},{\"@type\":\"WebSite\",\"@id\":\"https:\/\/beauteafulcat.com\/es\/#website\",\"url\":\"https:\/\/beauteafulcat.com\/es\/\",\"name\":\"Beauteafulcat\",\"description\":\"Concept store\",\"potentialAction\":[{\"@type\":\"SearchAction\",\"target\":{\"@type\":\"EntryPoint\",\"urlTemplate\":\"https:\/\/beauteafulcat.com\/es\/?s={search_term_string}\"},\"query-input\":\"required name=search_term_string\"}],\"inLanguage\":\"es\"}]}<\/script>\n<!-- \/ Yoast SEO plugin. -->","yoast_head_json":{"title":"Sobre nosotros - Beauteafulcat","robots":{"index":"index","follow":"follow","max-snippet":"max-snippet:-1","max-image-preview":"max-image-preview:large","max-video-preview":"max-video-preview:-1"},"canonical":"https:\/\/beauteafulcat.com\/en\/about\/","og_locale":"es_ES","og_type":"article","og_title":"Sobre nosotros - Beauteafulcat","og_description":"about BEAUTEAFULCAT es un concept store de Barcelona, donde la artesan\u00eda se une con el estilo y la sensualidad. La forma ideal de cuidar nuestro cuerpo, mente y esp\u00edritu es mimando al detalle esos momentos en los que parece que el tiempo se detiene, ya sea tiempo reservado para reconectar con una misma o vivirlo &hellip;","og_url":"https:\/\/beauteafulcat.com\/en\/about\/","og_site_name":"Beauteafulcat","article_modified_time":"2021-09-08T17:42:52+00:00","og_image":[{"url":"https:\/\/beauteafulcat.com\/wp-content\/uploads\/2021\/07\/WEB2.jpg"}],"twitter_card":"summary_large_image","twitter_misc":{"Tiempo de lectura":"3 minutos"},"schema":{"@context":"https:\/\/schema.org","@graph":[{"@type":"WebPage","@id":"https:\/\/beauteafulcat.com\/en\/about\/","url":"https:\/\/beauteafulcat.com\/en\/about\/","name":"[:es]Sobre nosotros[:en]About[:fr]\u00c0 Propos de[:] - Beauteafulcat","isPartOf":{"@id":"https:\/\/beauteafulcat.com\/es\/#website"},"datePublished":"2015-08-12T12:27:19+00:00","dateModified":"2021-09-08T17:42:52+00:00","breadcrumb":{"@id":"https:\/\/beauteafulcat.com\/en\/about\/#breadcrumb"},"inLanguage":"es","potentialAction":[{"@type":"ReadAction","target":["https:\/\/beauteafulcat.com\/en\/about\/"]}]},{"@type":"BreadcrumbList","@id":"https:\/\/beauteafulcat.com\/en\/about\/#breadcrumb","itemListElement":[{"@type":"ListItem","position":1,"name":"Home","item":"https:\/\/beauteafulcat.com\/"},{"@type":"ListItem","position":2,"name":"About"}]},{"@type":"WebSite","@id":"https:\/\/beauteafulcat.com\/es\/#website","url":"https:\/\/beauteafulcat.com\/es\/","name":"Beauteafulcat","description":"Concept store","potentialAction":[{"@type":"SearchAction","target":{"@type":"EntryPoint","urlTemplate":"https:\/\/beauteafulcat.com\/es\/?s={search_term_string}"},"query-input":"required name=search_term_string"}],"inLanguage":"es"}]}},"_links":{"self":[{"href":"https:\/\/beauteafulcat.com\/es\/wp-json\/wp\/v2\/pages\/358","targetHints":{"allow":["GET"]}}],"collection":[{"href":"https:\/\/beauteafulcat.com\/es\/wp-json\/wp\/v2\/pages"}],"about":[{"href":"https:\/\/beauteafulcat.com\/es\/wp-json\/wp\/v2\/types\/page"}],"author":[{"embeddable":true,"href":"https:\/\/beauteafulcat.com\/es\/wp-json\/wp\/v2\/users\/4"}],"replies":[{"embeddable":true,"href":"https:\/\/beauteafulcat.com\/es\/wp-json\/wp\/v2\/comments?post=358"}],"version-history":[{"count":5,"href":"https:\/\/beauteafulcat.com\/es\/wp-json\/wp\/v2\/pages\/358\/revisions"}],"predecessor-version":[{"id":5753,"href":"https:\/\/beauteafulcat.com\/es\/wp-json\/wp\/v2\/pages\/358\/revisions\/5753"}],"wp:attachment":[{"href":"https:\/\/beauteafulcat.com\/es\/wp-json\/wp\/v2\/media?parent=358"}],"curies":[{"name":"wp","href":"https:\/\/api.w.org\/{rel}","templated":true}]}}