{"id":3,"date":"2021-02-13T16:15:05","date_gmt":"2021-02-13T16:15:05","guid":{"rendered":"http:\/\/beauteafulcat.local\/?page_id=3"},"modified":"2021-07-08T09:57:48","modified_gmt":"2021-07-08T09:57:48","slug":"privacy-policy","status":"publish","type":"page","link":"https:\/\/beauteafulcat.com\/en\/privacy-policy\/","title":{"rendered":"Privacy Policy"},"content":{"rendered":"<h1 style=\"text-align: center;\">POL\u00cdTICA DE PRIVACIDAD<\/h1>\n<h5 style=\"text-align: center;\">PARA USUARIOS Y CLIENTES DE BEAUTEAFULCAT<\/h5>\n<hr \/>\n<p>BEAUTEAFULCAT\u00ae es una marca registrada propiedad de PALMAS SUNRISE, S.L.<\/p>\n<h5>RESPONSABLE Y FINALIDAD DEL TRATAMIENTO<\/h5>\n<p>En cumplimiento del Reglamento 2016\/679 de la Uni\u00f3n Europea relativo a la protecci\u00f3n de las personas f\u00edsicas en lo que respecta al tratamiento de datos personales y a la libre circulaci\u00f3n de estos datos y de la Ley Org\u00e1nica 3\/2018, de 5 de diciembre, de protecci\u00f3n de datos personales y garant\u00eda de los derechos digitales, le informamos que sus datos personales ser\u00e1n tratados por PALMAS SUNRISE, S.L.,<b> <\/b>para facilitar la compra de los productos y servicios contratados por usted y para la gesti\u00f3n de todos los procesos asociados.<\/p>\n<hr \/>\n<h5>TRATAMIENTO DE DATOS DE MENORES DE EDAD Y DE DISCAPACITADOS<\/h5>\n<p>Si usted no tiene, por lo menos, 18 a\u00f1os de edad o no tiene plena capacidad para actuar legalmente, abst\u00e9ngase de facilitar sus datos personales. BEAUTEAFULCAT\u00ae no trata datos de menores de 18 a\u00f1os, ni de personas discapacitadas legalmente.<\/p>\n<hr \/>\n<h5>BASE JUR\u00cdDICA O LEGITIMACI\u00d3N PARA EL TRATAMIENTO<\/h5>\n<p>El tratamiento se lleva a cabo para garantizar la ejecuci\u00f3n del contrato del que usted es parte. En caso de no facilitar toda la informaci\u00f3n requerida podr\u00eda impedir la ejecuci\u00f3n del contrato.<\/p>\n<hr \/>\n<h5>CONSERVACI\u00d3N DE LOS DATOS<\/h5>\n<p>Conservaremos sus datos mientras usted no ejerza su derecho de supresi\u00f3n o revoque su autorizaci\u00f3n y, por lo menos, durante 5 a\u00f1os a contar desde la realizaci\u00f3n de la \u00faltima compra de producto o prestaci\u00f3n de servicio.<\/p>\n<hr \/>\n<h5>CESIONES Y TRANSFERENCIAS INTERNACIONALES<\/h5>\n<p>Sus datos pueden ser cedidos a administraciones p\u00fablicas por imperativo legal o a terceros cuya intervenci\u00f3n sea necesaria para la ejecuci\u00f3n de la relaci\u00f3n contractual (proveedores de servicios de alojamiento web y acceso a internet, empresas de inform\u00e1tica para el proceso de los datos, bancos para el cobro del pedido, Correos o empresas de transportes y almacenaje para su env\u00edo o devoluci\u00f3n, empresas de e-mailing para env\u00edo de informaci\u00f3n comercial de los productos y servicios\u2026) o a empresas propias, participadas o colaboradoras de PALMAS SUNRISE, S.L. No se prev\u00e9n transferencias internacionales de datos.<\/p>\n<hr \/>\n<h5>EJERCICIO DE DERECHOS<\/h5>\n<p>Usted tiene derecho a revocar cualquier consentimiento que haya otorgado y a acceder a la informaci\u00f3n que tenemos de usted, a rectificarla, a suprimirla, a oponerse a su tratamiento, a solicitar la limitaci\u00f3n del tratamiento o a pedir la portabilidad de sus datos. Para ello, tan s\u00f3lo precisa comunicarlo mediante escrito firmado, adjuntando una fotocopia de cualquier documento oficial v\u00e1lido que acredite su identidad (DNI, pasaporte\u2026), dirigido a:<\/p>\n<hr \/>\n<h5>PROTECCI\u00d3N DE DATOS<\/h5>\n<p>BEAUTEAFULCAT &#8211; PALMAS SUNRISE, S.L.<\/p>\n<p>Gran de Gracia 140,<\/p>\n<p>08012 Barcelona (Spain\/Espa\u00f1a)<\/p>\n<p>o bien v\u00eda e-mail a: <a href=\"mailto:hello@beauteafulcat.com\">hello@beauteafulcat.com<\/a>; o por tel\u00e9fono al: ++ 34<b> <\/b>646 201 945<\/p>\n<p>Asimismo, usted tiene derecho a presentar una reclamaci\u00f3n ante una Autoridad de Control.<\/p>\n<hr \/>\n<h5>POL\u00cdTICA DE COOKIES<\/h5>\n<p>M\u00e1s informaci\u00f3n aqu\u00ed: https\/\/:beauteafulcat.com\/cookies-policy<\/p>\n<hr \/>\n","protected":false},"excerpt":{"rendered":"<p>POL\u00cdTICA DE PRIVACIDAD PARA USUARIOS Y CLIENTES DE BEAUTEAFULCAT BEAUTEAFULCAT\u00ae es una marca registrada propiedad de PALMAS SUNRISE, S.L. RESPONSABLE Y FINALIDAD DEL TRATAMIENTO En cumplimiento del Reglamento 2016\/679 de la Uni\u00f3n Europea relativo a la protecci\u00f3n de las personas f\u00edsicas en lo que respecta al tratamiento de datos personales y a la libre circulaci\u00f3n &hellip;<\/p>\n","protected":false},"author":4,"featured_media":0,"parent":0,"menu_order":0,"comment_status":"closed","ping_status":"open","template":"templates\/page-text.php","meta":{"inline_featured_image":false,"footnotes":""},"class_list":["post-3","page","type-page","status-publish","hentry"],"yoast_head":"<!-- This site is optimized with the Yoast SEO plugin v22.1 - https:\/\/yoast.com\/wordpress\/plugins\/seo\/ -->\n<title>Privacy Policy - Beauteafulcat<\/title>\n<meta name=\"robots\" content=\"index, follow, max-snippet:-1, max-image-preview:large, max-video-preview:-1\" \/>\n<link rel=\"canonical\" href=\"https:\/\/beauteafulcat.com\/en\/privacy-policy\/\" \/>\n<meta property=\"og:locale\" content=\"en_US\" \/>\n<meta property=\"og:type\" content=\"article\" \/>\n<meta property=\"og:title\" content=\"Privacy Policy - Beauteafulcat\" \/>\n<meta property=\"og:description\" content=\"POL\u00cdTICA DE PRIVACIDAD PARA USUARIOS Y CLIENTES DE BEAUTEAFULCAT BEAUTEAFULCAT\u00ae es una marca registrada propiedad de PALMAS SUNRISE, S.L. RESPONSABLE Y FINALIDAD DEL TRATAMIENTO En cumplimiento del Reglamento 2016\/679 de la Uni\u00f3n Europea relativo a la protecci\u00f3n de las personas f\u00edsicas en lo que respecta al tratamiento de datos personales y a la libre circulaci\u00f3n &hellip;\" \/>\n<meta property=\"og:url\" content=\"https:\/\/beauteafulcat.com\/en\/privacy-policy\/\" \/>\n<meta property=\"og:site_name\" content=\"Beauteafulcat\" \/>\n<meta property=\"article:modified_time\" content=\"2021-07-08T09:57:48+00:00\" \/>\n<meta name=\"twitter:card\" content=\"summary_large_image\" \/>\n<meta name=\"twitter:label1\" content=\"Est. reading time\" \/>\n\t<meta name=\"twitter:data1\" content=\"3 minutes\" \/>\n<script type=\"application\/ld+json\" class=\"yoast-schema-graph\">{\"@context\":\"https:\/\/schema.org\",\"@graph\":[{\"@type\":\"WebPage\",\"@id\":\"https:\/\/beauteafulcat.com\/en\/privacy-policy\/\",\"url\":\"https:\/\/beauteafulcat.com\/en\/privacy-policy\/\",\"name\":\"[:es]POL\u00cdTICA DE PRIVACIDAD[:en]Privacy Policy[:fr]Politique de confidentialit\u00e9[:] - Beauteafulcat\",\"isPartOf\":{\"@id\":\"https:\/\/beauteafulcat.com\/es\/#website\"},\"datePublished\":\"2021-02-13T16:15:05+00:00\",\"dateModified\":\"2021-07-08T09:57:48+00:00\",\"breadcrumb\":{\"@id\":\"https:\/\/beauteafulcat.com\/en\/privacy-policy\/#breadcrumb\"},\"inLanguage\":\"en-US\",\"potentialAction\":[{\"@type\":\"ReadAction\",\"target\":[\"https:\/\/beauteafulcat.com\/en\/privacy-policy\/\"]}]},{\"@type\":\"BreadcrumbList\",\"@id\":\"https:\/\/beauteafulcat.com\/en\/privacy-policy\/#breadcrumb\",\"itemListElement\":[{\"@type\":\"ListItem\",\"position\":1,\"name\":\"Home\",\"item\":\"https:\/\/beauteafulcat.com\/\"},{\"@type\":\"ListItem\",\"position\":2,\"name\":\"Privacy Policy\"}]},{\"@type\":\"WebSite\",\"@id\":\"https:\/\/beauteafulcat.com\/es\/#website\",\"url\":\"https:\/\/beauteafulcat.com\/es\/\",\"name\":\"Beauteafulcat\",\"description\":\"Concept store\",\"potentialAction\":[{\"@type\":\"SearchAction\",\"target\":{\"@type\":\"EntryPoint\",\"urlTemplate\":\"https:\/\/beauteafulcat.com\/es\/?s={search_term_string}\"},\"query-input\":\"required name=search_term_string\"}],\"inLanguage\":\"en-US\"}]}<\/script>\n<!-- \/ Yoast SEO plugin. -->","yoast_head_json":{"title":"Privacy Policy - Beauteafulcat","robots":{"index":"index","follow":"follow","max-snippet":"max-snippet:-1","max-image-preview":"max-image-preview:large","max-video-preview":"max-video-preview:-1"},"canonical":"https:\/\/beauteafulcat.com\/en\/privacy-policy\/","og_locale":"en_US","og_type":"article","og_title":"Privacy Policy - Beauteafulcat","og_description":"POL\u00cdTICA DE PRIVACIDAD PARA USUARIOS Y CLIENTES DE BEAUTEAFULCAT BEAUTEAFULCAT\u00ae es una marca registrada propiedad de PALMAS SUNRISE, S.L. RESPONSABLE Y FINALIDAD DEL TRATAMIENTO En cumplimiento del Reglamento 2016\/679 de la Uni\u00f3n Europea relativo a la protecci\u00f3n de las personas f\u00edsicas en lo que respecta al tratamiento de datos personales y a la libre circulaci\u00f3n &hellip;","og_url":"https:\/\/beauteafulcat.com\/en\/privacy-policy\/","og_site_name":"Beauteafulcat","article_modified_time":"2021-07-08T09:57:48+00:00","twitter_card":"summary_large_image","twitter_misc":{"Est. reading time":"3 minutes"},"schema":{"@context":"https:\/\/schema.org","@graph":[{"@type":"WebPage","@id":"https:\/\/beauteafulcat.com\/en\/privacy-policy\/","url":"https:\/\/beauteafulcat.com\/en\/privacy-policy\/","name":"[:es]POL\u00cdTICA DE PRIVACIDAD[:en]Privacy Policy[:fr]Politique de confidentialit\u00e9[:] - Beauteafulcat","isPartOf":{"@id":"https:\/\/beauteafulcat.com\/es\/#website"},"datePublished":"2021-02-13T16:15:05+00:00","dateModified":"2021-07-08T09:57:48+00:00","breadcrumb":{"@id":"https:\/\/beauteafulcat.com\/en\/privacy-policy\/#breadcrumb"},"inLanguage":"en-US","potentialAction":[{"@type":"ReadAction","target":["https:\/\/beauteafulcat.com\/en\/privacy-policy\/"]}]},{"@type":"BreadcrumbList","@id":"https:\/\/beauteafulcat.com\/en\/privacy-policy\/#breadcrumb","itemListElement":[{"@type":"ListItem","position":1,"name":"Home","item":"https:\/\/beauteafulcat.com\/"},{"@type":"ListItem","position":2,"name":"Privacy Policy"}]},{"@type":"WebSite","@id":"https:\/\/beauteafulcat.com\/es\/#website","url":"https:\/\/beauteafulcat.com\/es\/","name":"Beauteafulcat","description":"Concept store","potentialAction":[{"@type":"SearchAction","target":{"@type":"EntryPoint","urlTemplate":"https:\/\/beauteafulcat.com\/es\/?s={search_term_string}"},"query-input":"required name=search_term_string"}],"inLanguage":"en-US"}]}},"_links":{"self":[{"href":"https:\/\/beauteafulcat.com\/en\/wp-json\/wp\/v2\/pages\/3","targetHints":{"allow":["GET"]}}],"collection":[{"href":"https:\/\/beauteafulcat.com\/en\/wp-json\/wp\/v2\/pages"}],"about":[{"href":"https:\/\/beauteafulcat.com\/en\/wp-json\/wp\/v2\/types\/page"}],"author":[{"embeddable":true,"href":"https:\/\/beauteafulcat.com\/en\/wp-json\/wp\/v2\/users\/4"}],"replies":[{"embeddable":true,"href":"https:\/\/beauteafulcat.com\/en\/wp-json\/wp\/v2\/comments?post=3"}],"version-history":[{"count":5,"href":"https:\/\/beauteafulcat.com\/en\/wp-json\/wp\/v2\/pages\/3\/revisions"}],"predecessor-version":[{"id":5475,"href":"https:\/\/beauteafulcat.com\/en\/wp-json\/wp\/v2\/pages\/3\/revisions\/5475"}],"wp:attachment":[{"href":"https:\/\/beauteafulcat.com\/en\/wp-json\/wp\/v2\/media?parent=3"}],"curies":[{"name":"wp","href":"https:\/\/api.w.org\/{rel}","templated":true}]}}